{"id":2704,"date":"2025-02-18T09:11:33","date_gmt":"2025-02-18T08:11:33","guid":{"rendered":"https:\/\/welcover.com\/camping-steinrodsee\/?page_id=2704"},"modified":"2025-02-19T11:06:09","modified_gmt":"2025-02-19T10:06:09","slug":"willkommen","status":"publish","type":"page","link":"https:\/\/welcover.com\/camping-steinrodsee\/willkommen\/","title":{"rendered":"Herzlich Willkommen"},"content":{"rendered":"\n<style type=\"text\/css\" data-created_by=\"avia_inline_auto\" id=\"style-css-av-ga10ts-e5be40201126279679ef59d2510de050\">\n.avia-section.av-ga10ts-e5be40201126279679ef59d2510de050{\nbackground-color:#adb93b;\nbackground-image:unset;\n}\n<\/style>\n<div id='av_section_1'  class='avia-section av-ga10ts-e5be40201126279679ef59d2510de050 main_color avia-section-default avia-no-border-styling  avia-builder-el-0  el_before_av_section  avia-builder-el-first  avia-bg-style-scroll av-minimum-height av-minimum-height-25 av-height-25  container_wrap fullsize'   data-av_minimum_height_pc='25' data-av_min_height_opt='25'><div class='container av-section-cont-open' ><main  role=\"main\" itemprop=\"mainContentOfPage\"  class='template-page content  av-content-full alpha units'><div class='post-entry post-entry-type-page post-entry-2704'><div class='entry-content-wrapper clearfix'>\n\n<style type=\"text\/css\" data-created_by=\"avia_inline_auto\" id=\"style-css-av-dnl14w-910f183b874e4846d1f167c934ba628c\">\n.flex_column.av-dnl14w-910f183b874e4846d1f167c934ba628c{\nborder-radius:10px 10px 10px 10px;\npadding:5% 5% 5% 5%;\n}\n<\/style>\n<div  class='flex_column av-dnl14w-910f183b874e4846d1f167c934ba628c av_one_full  avia-builder-el-1  avia-builder-el-no-sibling  first flex_column_div  '     ><style type=\"text\/css\" data-created_by=\"avia_inline_auto\" id=\"style-css-av-c8t6o0-bd8bf5d1703c59f5a9e0e982c40a8375\">\n#top .av-special-heading.av-c8t6o0-bd8bf5d1703c59f5a9e0e982c40a8375{\npadding-bottom:10px;\ncolor:#ffffff;\n}\nbody .av-special-heading.av-c8t6o0-bd8bf5d1703c59f5a9e0e982c40a8375 .av-special-heading-tag .heading-char{\nfont-size:25px;\n}\n.av-special-heading.av-c8t6o0-bd8bf5d1703c59f5a9e0e982c40a8375 .special-heading-inner-border{\nborder-color:#ffffff;\n}\n.av-special-heading.av-c8t6o0-bd8bf5d1703c59f5a9e0e982c40a8375 .av-subheading{\nfont-size:15px;\n}\n<\/style>\n<div  class='av-special-heading av-c8t6o0-bd8bf5d1703c59f5a9e0e982c40a8375 av-special-heading-h1 custom-color-heading blockquote modern-quote modern-centered  avia-builder-el-2  avia-builder-el-no-sibling '><h1 class='av-special-heading-tag '  itemprop=\"headline\"  >Herzlich Willkommen am Steinrodsee!<\/h1><div class=\"special-heading-border\"><div class=\"special-heading-inner-border\"><\/div><\/div><\/div><\/div><\/div><\/div><\/main><!-- close content main element --><\/div><\/div>\n<style type=\"text\/css\" data-created_by=\"avia_inline_auto\" id=\"style-css-av-an8cr4-7b9b3041f95e6d9742bb691c9c584072\">\n.avia-section.av-an8cr4-7b9b3041f95e6d9742bb691c9c584072{\nmargin-top:0px;\nmargin-bottom:30px;\nz-index:10;\nposition:relative;\n}\n.av-curtain-footer.av-curtain-activated #main .avia-section.av-an8cr4-7b9b3041f95e6d9742bb691c9c584072{\nz-index:10;\n}\n<\/style>\n<div id='willkommen'  class='avia-section av-an8cr4-7b9b3041f95e6d9742bb691c9c584072 main_color avia-section-default avia-no-border-styling  avia-builder-el-3  el_after_av_section  avia-builder-el-last  avia-bg-style-scroll av-custom-positioned container_wrap fullsize'  ><div class='container av-section-cont-open' ><div class='template-page content  av-content-full alpha units'><div class='post-entry post-entry-type-page post-entry-2704'><div class='entry-content-wrapper clearfix'>\n<div class='flex_column_table av-8rt87k-fe36a18bf4eeb10bcbb9457804d240dd sc-av_one_full av-break-at-tablet-flextable av-equal-height-column-flextable'>\n<style type=\"text\/css\" data-created_by=\"avia_inline_auto\" id=\"style-css-av-8rt87k-fe36a18bf4eeb10bcbb9457804d240dd\">\n@keyframes av_boxShadowEffect_av-8rt87k-fe36a18bf4eeb10bcbb9457804d240dd-column {\n0%   { box-shadow:  0 0 0 0 rgba(0,0,0,0.2); opacity: 1; }\n100% { box-shadow:  0 0 5px 0 rgba(0,0,0,0.2); opacity: 1; }\n}\n#top .flex_column_table.av-equal-height-column-flextable.av-8rt87k-fe36a18bf4eeb10bcbb9457804d240dd{\nmargin-top:-100px;\nmargin-bottom:0px;\n}\n.flex_column.av-8rt87k-fe36a18bf4eeb10bcbb9457804d240dd{\nz-index:99;\nbox-shadow: 0 0 5px 0 rgba(0,0,0,0.2);\nborder-radius:5px 5px 5px 5px;\npadding:30px 30px 30px 30px;\nbackground-color:#ffffff;\n}\n<\/style>\n<div  class='flex_column av-8rt87k-fe36a18bf4eeb10bcbb9457804d240dd av_one_full  avia-builder-el-4  avia-builder-el-no-sibling  first no_margin av-break-at-tablet flex_column_table_cell av-equal-height-column av-align-middle av-custom-positioned av-parallax-object shadow-not-animated  ' data-parallax=\"{&quot;parallax&quot;:&quot;no_parallax&quot;,&quot;parallax_speed&quot;:&quot;no_parallax&quot;,&quot;av-desktop-parallax&quot;:&quot;bottom_top&quot;,&quot;av-desktop-parallax_speed&quot;:&quot;70&quot;,&quot;av-medium-parallax&quot;:&quot;inherit&quot;,&quot;av-medium-parallax_speed&quot;:&quot;inherit&quot;,&quot;av-small-parallax&quot;:&quot;inherit&quot;,&quot;av-small-parallax_speed&quot;:&quot;inherit&quot;,&quot;av-mini-parallax&quot;:&quot;inherit&quot;,&quot;av-mini-parallax_speed&quot;:&quot;inherit&quot;,&quot;parallax-container&quot;:&quot;.av-8rt87k-fe36a18bf4eeb10bcbb9457804d240dd&quot;}\"    ><p>\n<style type=\"text\/css\" data-created_by=\"avia_inline_auto\" id=\"style-css-av-7vu1b4-4ed8fe43e8fa20e8eb21f713344871c7\">\n.avia-image-container.av-7vu1b4-4ed8fe43e8fa20e8eb21f713344871c7 img.avia_image{\nbox-shadow:none;\n}\n.avia-image-container.av-7vu1b4-4ed8fe43e8fa20e8eb21f713344871c7 .av-image-caption-overlay-center{\ncolor:#ffffff;\n}\n<\/style>\n<div  class='avia-image-container av-7vu1b4-4ed8fe43e8fa20e8eb21f713344871c7 av-styling- avia_animated_image av-animated-when-visible-95 fade-in avia-align-center  avia-builder-el-5  el_before_av_hr  avia-builder-el-first '   itemprop=\"image\" itemscope=\"itemscope\" itemtype=\"https:\/\/schema.org\/ImageObject\" ><div class=\"avia-image-container-inner\"><div class=\"avia-image-overlay-wrap\"><img decoding=\"async\" fetchpriority=\"high\" class='wp-image-2836 avia-img-lazy-loading-not-2836 avia_image ' src=\"https:\/\/welcover.com\/camping-steinrodsee\/wp-content\/uploads\/sites\/9\/Campingplatz-Steinrodsee.jpg\" alt='' title=''  height=\"411\" width=\"645\"  itemprop=\"thumbnailUrl\" srcset=\"https:\/\/welcover.com\/camping-steinrodsee\/wp-content\/uploads\/sites\/9\/Campingplatz-Steinrodsee.jpg 645w, https:\/\/welcover.com\/camping-steinrodsee\/wp-content\/uploads\/sites\/9\/Campingplatz-Steinrodsee-300x191.jpg 300w\" sizes=\"(max-width: 645px) 100vw, 645px\" \/><\/div><\/div><\/div><br \/>\n\n<style type=\"text\/css\" data-created_by=\"avia_inline_auto\" id=\"style-css-av-63n2v4-f758cf4f5acbb24ecde292e21a33eeaa\">\n#top .hr.hr-invisible.av-63n2v4-f758cf4f5acbb24ecde292e21a33eeaa{\nheight:30px;\n}\n<\/style>\n<div  class='hr av-63n2v4-f758cf4f5acbb24ecde292e21a33eeaa hr-invisible  avia-builder-el-6  el_after_av_image  el_before_av_heading '><span class='hr-inner '><span class=\"hr-inner-style\"><\/span><\/span><\/div><br \/>\n\n<style type=\"text\/css\" data-created_by=\"avia_inline_auto\" id=\"style-css-av-3tmma8-479276f01e6cf4f800741c4cf66678ca\">\n#top .av-special-heading.av-3tmma8-479276f01e6cf4f800741c4cf66678ca{\npadding-bottom:10px;\n}\nbody .av-special-heading.av-3tmma8-479276f01e6cf4f800741c4cf66678ca .av-special-heading-tag .heading-char{\nfont-size:25px;\n}\n.av-special-heading.av-3tmma8-479276f01e6cf4f800741c4cf66678ca .av-subheading{\nfont-size:15px;\n}\n<\/style>\n<div  class='av-special-heading av-3tmma8-479276f01e6cf4f800741c4cf66678ca av-special-heading-h2 custom-color-heading blockquote modern-quote modern-centered  avia-builder-el-7  el_after_av_hr  el_before_av_textblock '><h2 class='av-special-heading-tag '  itemprop=\"headline\"  >Willkommen!<\/h2><div class=\"special-heading-border\"><div class=\"special-heading-inner-border\"><\/div><\/div><\/div><br \/>\n\n<style type=\"text\/css\" data-created_by=\"avia_inline_auto\" id=\"style-css-av-33vu34-dbb96b77391148051b4c078823c30441\">\n#top .av_textblock_section.av-33vu34-dbb96b77391148051b4c078823c30441 .avia_textblock{\ntext-align:left;\n}\n<\/style>\n<section  class='av_textblock_section av-33vu34-dbb96b77391148051b4c078823c30441 '   itemscope=\"itemscope\" itemtype=\"https:\/\/schema.org\/CreativeWork\" ><div class='avia_textblock'  itemprop=\"text\" ><p>Wir freuen uns sehr, Sie als Gast bei uns begr\u00fc\u00dfen zu d\u00fcrfen.<\/p>\n<p>In unserer digitalen G\u00e4stemappe haben wir Informationen rund um unseren Campingplatz zusammengestellt.<\/p>\n<p>Sollten Sie Fragen haben, die hier nicht beantwortet werden, stehen wir Ihnen gerne mit Rat und Tat zur Seite.<\/p>\n<p>Unser Ziel ist es, dass Sie einen sch\u00f6nen Urlaub verbringen und viele sch\u00f6ne Erinnerungen mit nach Hause nehmen.<\/p>\n<p>Wir w\u00fcnschen Ihnen und Ihrer Familie einen sch\u00f6nen Aufenthalt auf dem &#8222;Campingplatz am Steinrodsee in Weiterstadt&#8220;.<\/p>\n<p>Ihre<\/p>\n<p><a href=\"https:\/\/welcover.com\/camping-steinrodsee\/wp-content\/uploads\/sites\/9\/Familie-Althaus.jpg\"><img loading=\"lazy\" decoding=\"async\" class=\"alignnone size-medium wp-image-2853\" src=\"https:\/\/welcover.com\/camping-steinrodsee\/wp-content\/uploads\/sites\/9\/Familie-Althaus-300x116.jpg\" alt=\"\" width=\"300\" height=\"116\" srcset=\"https:\/\/welcover.com\/camping-steinrodsee\/wp-content\/uploads\/sites\/9\/Familie-Althaus-300x116.jpg 300w, https:\/\/welcover.com\/camping-steinrodsee\/wp-content\/uploads\/sites\/9\/Familie-Althaus-768x297.jpg 768w, https:\/\/welcover.com\/camping-steinrodsee\/wp-content\/uploads\/sites\/9\/Familie-Althaus-705x272.jpg 705w, https:\/\/welcover.com\/camping-steinrodsee\/wp-content\/uploads\/sites\/9\/Familie-Althaus.jpg 1030w\" sizes=\"(max-width: 300px) 100vw, 300px\" \/><\/a><\/p>\n<p><span style=\"font-family: caveat; font-size: 18pt;\">Familie Althaus<\/span><\/p>\n<\/div><\/section><br \/>\n\n<style type=\"text\/css\" data-created_by=\"avia_inline_auto\" id=\"style-css-av-6vlp4-d8764f24a8afa814f7487b337778ab39\">\n#top .hr.av-6vlp4-d8764f24a8afa814f7487b337778ab39{\nmargin-top:10px;\nmargin-bottom:10px;\n}\n.hr.av-6vlp4-d8764f24a8afa814f7487b337778ab39 .hr-inner{\nwidth:80%;\nborder-color:#000000;\n}\n<\/style>\n<div  class='hr av-6vlp4-d8764f24a8afa814f7487b337778ab39 hr-custom  avia-builder-el-9  el_after_av_textblock  avia-builder-el-last  hr-left hr-icon-no'><span class='hr-inner inner-border-av-border-thin'><span class=\"hr-inner-style\"><\/span><\/span><\/div><\/p><\/div><\/div><!--close column table wrapper. Autoclose: 1 -->\n<\/p>\n","protected":false},"excerpt":{"rendered":"","protected":false},"author":1,"featured_media":0,"parent":2694,"menu_order":20,"comment_status":"closed","ping_status":"closed","template":"","meta":{"footnotes":""},"class_list":["post-2704","page","type-page","status-publish","hentry"],"_links":{"self":[{"href":"https:\/\/welcover.com\/camping-steinrodsee\/wp-json\/wp\/v2\/pages\/2704"}],"collection":[{"href":"https:\/\/welcover.com\/camping-steinrodsee\/wp-json\/wp\/v2\/pages"}],"about":[{"href":"https:\/\/welcover.com\/camping-steinrodsee\/wp-json\/wp\/v2\/types\/page"}],"author":[{"embeddable":true,"href":"https:\/\/welcover.com\/camping-steinrodsee\/wp-json\/wp\/v2\/users\/1"}],"replies":[{"embeddable":true,"href":"https:\/\/welcover.com\/camping-steinrodsee\/wp-json\/wp\/v2\/comments?post=2704"}],"version-history":[{"count":17,"href":"https:\/\/welcover.com\/camping-steinrodsee\/wp-json\/wp\/v2\/pages\/2704\/revisions"}],"predecessor-version":[{"id":3004,"href":"https:\/\/welcover.com\/camping-steinrodsee\/wp-json\/wp\/v2\/pages\/2704\/revisions\/3004"}],"up":[{"embeddable":true,"href":"https:\/\/welcover.com\/camping-steinrodsee\/wp-json\/wp\/v2\/pages\/2694"}],"wp:attachment":[{"href":"https:\/\/welcover.com\/camping-steinrodsee\/wp-json\/wp\/v2\/media?parent=2704"}],"curies":[{"name":"wp","href":"https:\/\/api.w.org\/{rel}","templated":true}]}}