{"id":2734,"date":"2025-02-18T10:29:18","date_gmt":"2025-02-18T09:29:18","guid":{"rendered":"https:\/\/welcover.com\/camping-steinrodsee\/?page_id=2734"},"modified":"2026-05-09T05:40:43","modified_gmt":"2026-05-09T03:40:43","slug":"a-z","status":"publish","type":"page","link":"https:\/\/welcover.com\/camping-steinrodsee\/wissenswertes-a-z\/","title":{"rendered":"Wissenswertes A-Z"},"content":{"rendered":"\n<style type=\"text\/css\" data-created_by=\"avia_inline_auto\" id=\"style-css-av-27vsce-efcfc975d87f2b80a33c07223b71792d\">\n.avia-section.av-27vsce-efcfc975d87f2b80a33c07223b71792d{\nbackground-color:#adb93b;\nbackground-image:unset;\n}\n<\/style>\n<div id='av_section_1'  class='avia-section av-27vsce-efcfc975d87f2b80a33c07223b71792d main_color avia-section-default avia-no-border-styling  avia-builder-el-0  el_before_av_section  avia-builder-el-first  avia-bg-style-scroll av-minimum-height av-minimum-height-25 av-height-25  container_wrap fullsize'   data-av_minimum_height_pc='25' data-av_min_height_opt='25'><div class='container av-section-cont-open' ><main  role=\"main\" itemprop=\"mainContentOfPage\"  class='template-page content  av-content-full alpha units'><div class='post-entry post-entry-type-page post-entry-2734'><div class='entry-content-wrapper clearfix'>\n\n<style type=\"text\/css\" data-created_by=\"avia_inline_auto\" id=\"style-css-av-kar2ku-ebe50c438f85d966184080a44123f495\">\n.flex_column.av-kar2ku-ebe50c438f85d966184080a44123f495{\nborder-radius:10px 10px 10px 10px;\npadding:5% 5% 5% 5%;\n}\n<\/style>\n<div  class='flex_column av-kar2ku-ebe50c438f85d966184080a44123f495 av_one_full  avia-builder-el-1  avia-builder-el-no-sibling  first flex_column_div  '     ><style type=\"text\/css\" data-created_by=\"avia_inline_auto\" id=\"style-css-av-jlznj2-fb36397cf08c677e2828c0a6c1240fa9\">\n#top .av-special-heading.av-jlznj2-fb36397cf08c677e2828c0a6c1240fa9{\npadding-bottom:10px;\ncolor:#ffffff;\n}\nbody .av-special-heading.av-jlznj2-fb36397cf08c677e2828c0a6c1240fa9 .av-special-heading-tag .heading-char{\nfont-size:25px;\n}\n.av-special-heading.av-jlznj2-fb36397cf08c677e2828c0a6c1240fa9 .special-heading-inner-border{\nborder-color:#ffffff;\n}\n.av-special-heading.av-jlznj2-fb36397cf08c677e2828c0a6c1240fa9 .av-subheading{\nfont-size:15px;\n}\n<\/style>\n<div  class='av-special-heading av-jlznj2-fb36397cf08c677e2828c0a6c1240fa9 av-special-heading-h1 custom-color-heading blockquote modern-quote modern-centered  avia-builder-el-2  avia-builder-el-no-sibling '><h1 class='av-special-heading-tag '  itemprop=\"headline\"  >Wissenswertes A-Z<\/h1><div class=\"special-heading-border\"><div class=\"special-heading-inner-border\"><\/div><\/div><\/div><\/div>\n\n<\/div><\/div><\/main><!-- close content main element --><\/div><\/div>\n<style type=\"text\/css\" data-created_by=\"avia_inline_auto\" id=\"style-css-av-m7aac6nf-4baa879474914ab462bc72db9d91a575\">\n.avia-section.av-m7aac6nf-4baa879474914ab462bc72db9d91a575{\nmargin-top:0px;\nmargin-bottom:30px;\nz-index:10;\nposition:relative;\n}\n.av-curtain-footer.av-curtain-activated #main .avia-section.av-m7aac6nf-4baa879474914ab462bc72db9d91a575{\nz-index:10;\n}\n<\/style>\n<div id='av_section_2'  class='avia-section av-m7aac6nf-4baa879474914ab462bc72db9d91a575 main_color avia-section-default avia-no-border-styling  avia-builder-el-3  el_after_av_section  avia-builder-el-last  avia-bg-style-scroll av-custom-positioned container_wrap fullsize'  ><div class='container av-section-cont-open' ><div class='template-page content  av-content-full alpha units'><div class='post-entry post-entry-type-page post-entry-2734'><div class='entry-content-wrapper clearfix'>\n<div class='flex_column_table av-h28jhq-5aacde04c8247016cd6f60624b6cf291 sc-av_one_full av-break-at-tablet-flextable av-equal-height-column-flextable'>\n<style type=\"text\/css\" data-created_by=\"avia_inline_auto\" id=\"style-css-av-h28jhq-5aacde04c8247016cd6f60624b6cf291\">\n@keyframes av_boxShadowEffect_av-h28jhq-5aacde04c8247016cd6f60624b6cf291-column {\n0%   { box-shadow:  0 0 0 0 rgba(0,0,0,0.2); opacity: 1; }\n100% { box-shadow:  0 0 5px 0 rgba(0,0,0,0.2); opacity: 1; }\n}\n#top .flex_column_table.av-equal-height-column-flextable.av-h28jhq-5aacde04c8247016cd6f60624b6cf291{\nmargin-top:-100px;\nmargin-bottom:0px;\n}\n.flex_column.av-h28jhq-5aacde04c8247016cd6f60624b6cf291{\nz-index:99;\nbox-shadow: 0 0 5px 0 rgba(0,0,0,0.2);\nborder-radius:5px 5px 5px 5px;\npadding:30px 30px 30px 30px;\nbackground-color:#ffffff;\n}\n<\/style>\n<div  class='flex_column av-h28jhq-5aacde04c8247016cd6f60624b6cf291 av_one_full  avia-builder-el-4  avia-builder-el-no-sibling  first no_margin av-break-at-tablet flex_column_table_cell av-equal-height-column av-align-middle av-custom-positioned av-parallax-object shadow-not-animated  ' data-parallax=\"{&quot;parallax&quot;:&quot;no_parallax&quot;,&quot;parallax_speed&quot;:&quot;no_parallax&quot;,&quot;av-desktop-parallax&quot;:&quot;bottom_top&quot;,&quot;av-desktop-parallax_speed&quot;:&quot;70&quot;,&quot;av-medium-parallax&quot;:&quot;inherit&quot;,&quot;av-medium-parallax_speed&quot;:&quot;inherit&quot;,&quot;av-small-parallax&quot;:&quot;inherit&quot;,&quot;av-small-parallax_speed&quot;:&quot;inherit&quot;,&quot;av-mini-parallax&quot;:&quot;inherit&quot;,&quot;av-mini-parallax_speed&quot;:&quot;inherit&quot;,&quot;parallax-container&quot;:&quot;.av-h28jhq-5aacde04c8247016cd6f60624b6cf291&quot;}\"    ><p>\n<style type=\"text\/css\" data-created_by=\"avia_inline_auto\" id=\"style-css-av-fiexta-60da44a0517b6f0ff1ae046ef57aa926\">\n#top .hr.hr-invisible.av-fiexta-60da44a0517b6f0ff1ae046ef57aa926{\nheight:30px;\n}\n<\/style>\n<div  class='hr av-fiexta-60da44a0517b6f0ff1ae046ef57aa926 hr-invisible  avia-builder-el-5  el_before_av_hr  avia-builder-el-first '><span class='hr-inner '><span class=\"hr-inner-style\"><\/span><\/span><\/div><br \/>\n\n<style type=\"text\/css\" data-created_by=\"avia_inline_auto\" id=\"style-css-av-2o1hpa-51812391c170abedb2a71ec19343e45c\">\n#top .hr.hr-invisible.av-2o1hpa-51812391c170abedb2a71ec19343e45c{\nheight:30px;\n}\n<\/style>\n<div  class='hr av-2o1hpa-51812391c170abedb2a71ec19343e45c hr-invisible  avia-builder-el-6  el_after_av_hr  el_before_av_textblock '><span class='hr-inner '><span class=\"hr-inner-style\"><\/span><\/span><\/div><br \/>\n<section  class='av_textblock_section av-m7aae1d8-54d69c263eb125d206f11e1817598839 '   itemscope=\"itemscope\" itemtype=\"https:\/\/schema.org\/CreativeWork\" ><div class='avia_textblock'  itemprop=\"text\" ><div class=\"flex_column av-2ecs2t-ff2f7ec9397598b29999511d156563d3 av_one_full first flex_column_div \">\n<section class=\"av_textblock_section av-22sqgd-20f8f1236b86c21bb622d78d7f167156 \">\n<div class=\"avia_textblock\">\n<p>Hier erhalten Sie allgemeine Informationen zum Campingplatz:<\/p>\n<hr \/>\n<\/div>\n<\/section>\n<\/div>\n<\/div><\/section><br \/>\n<section  class='av_textblock_section av-m7aah8y9-f896f5a03c13d58f9145c4d830bf3efb '   itemscope=\"itemscope\" itemtype=\"https:\/\/schema.org\/CreativeWork\" ><div class='avia_textblock'  itemprop=\"text\" ><p><strong>Besucher<\/strong><\/p>\n<p>Besucher m\u00fcssen sich\u00a0<strong>am Tag Ihres Besuches umgehend nach Zutritt auf das Gel\u00e4nde<\/strong> \u00fcber den folgenden Link anmelden.<\/p>\n<p><span style=\"font-size: 12pt\"><a href=\"https:\/\/www.camping-steinrodsee.de\/contact\/\">Besucheranmeldung<\/a><\/span><\/p>\n<p>F\u00fcr die Anmeldung ben\u00f6tigen Sie ein Besucherticket, welches Sie am Verkaufsautomaten beim Sanit\u00e4rgeb\u00e4ude erwerben. Sie ben\u00f6tigen f\u00fcr die Online Anmeldung die Ticket-Nummer.<\/p>\n<p>Die Besuchertickets werfen Sie nach Ihrem Besuch bitte in den Briefkasten beim Sanit\u00e4rgeb\u00e4ude oder bei der Schranke.<\/p>\n<hr \/>\n<p><strong>Freizeitkarte<\/strong> an der Rezeption erh\u00e4ltlich \u2013 4,50 \u20ac<\/p>\n<p><img loading=\"lazy\" decoding=\"async\" class=\"alignnone size-medium wp-image-2867\" src=\"https:\/\/welcover.com\/camping-steinrodsee\/wp-content\/uploads\/sites\/9\/freizeitkarte-001-1-173x300.jpg\" alt=\"\" width=\"173\" height=\"300\" srcset=\"https:\/\/welcover.com\/camping-steinrodsee\/wp-content\/uploads\/sites\/9\/freizeitkarte-001-1-173x300.jpg 173w, https:\/\/welcover.com\/camping-steinrodsee\/wp-content\/uploads\/sites\/9\/freizeitkarte-001-1-595x1030.jpg 595w, https:\/\/welcover.com\/camping-steinrodsee\/wp-content\/uploads\/sites\/9\/freizeitkarte-001-1-407x705.jpg 407w, https:\/\/welcover.com\/camping-steinrodsee\/wp-content\/uploads\/sites\/9\/freizeitkarte-001-1.jpg 645w\" sizes=\"(max-width: 173px) 100vw, 173px\" \/><\/p>\n<hr \/>\n<p><strong>Kicker- Tischtennis<\/strong><\/p>\n<p>Ein Ball f\u00fcr den Kicker oder Tischtennisschl\u00e4ger k\u00f6nnen in der Rezeption kostenlos ausgeliehen werden.<\/p>\n<hr \/>\n<p><strong>Lagerfeuerstelle<\/strong><\/p>\n<p>Die Lagerfeuerstelle darf gerne von unseren G\u00e4sten genutzt und kann auch vorab von Ihnen reserviert werden. Dazu liegt im Eingangsbereich ein Kalender bereit.<\/p>\n<p>Grillspie\u00dfe f\u00fcr die Lagerfeuerstelle, Leihgeb\u00fchr 0,50 \u20ac, Kaufpreis 2,00 \u20ac<\/p>\n<p><img loading=\"lazy\" decoding=\"async\" class=\"alignnone size-medium wp-image-2868\" src=\"https:\/\/welcover.com\/camping-steinrodsee\/wp-content\/uploads\/sites\/9\/grillspiess-2-300x199.jpg\" alt=\"\" width=\"300\" height=\"199\" srcset=\"https:\/\/welcover.com\/camping-steinrodsee\/wp-content\/uploads\/sites\/9\/grillspiess-2-300x199.jpg 300w, https:\/\/welcover.com\/camping-steinrodsee\/wp-content\/uploads\/sites\/9\/grillspiess-2.jpg 645w\" sizes=\"(max-width: 300px) 100vw, 300px\" \/><\/p>\n<hr \/>\n<p><strong>M\u00fcllentsorgung<\/strong><\/p>\n<p>Die M\u00fcllentsorgung finden Sie gegen\u00fcber der Rezeption. F\u00fcr Durchgangscamper befindet sich der Eingang links, f\u00fcr Dauercamper rechts.<\/p>\n<p>Bitte beachten Sie die M\u00fclltrennung.<\/p>\n<p><strong>M\u00fcllentsorgung\u00a0<\/strong>\u00a0\u00a0<strong>\u00d6ffnungszeiten\u00a0\u00a0<\/strong>8 \u2013 13 Uhr und 15 \u2013 20 Uhr \/ Sie ben\u00f6tigen den QR oder PIN Code<\/p>\n<p>Bei uns gilt Trennpflicht nach<\/p>\n<p><strong>Gelber Sack<\/strong>\u00a0\u2013<strong>\u00a0nur S\u00e4cke, keine Einzelteile<\/strong>\u00a0\u2013\u00a0 Alle Verpackungen aus Kunststoff, Metall und Verbundmaterial (kein Glas oder Papier!) Aluminiumfolie, Getr\u00e4nkekartons, Konservendosen, Kunststoffbecher, Kunststoffflaschen, Kronkorken, Metallverpackungen, Milcht\u00fcten, Plastikt\u00fcten, Styroporteile, Verschl\u00fcsse.\u00a0<strong>Gelbe S\u00e4cke erhalten Sie bei der M\u00fcllentsorgung.\u00a0 \u00a0 \u00a0 \u00a0 \u00a0 \u00a0 \u00a0 \u00a0 \u00a0 \u00a0 \u00a0 \u00a0 \u00a0 \u00a0 \u00a0 \u00a0 \u00a0 \u00a0 \u00a0 \u00a0 \u00a0 \u00a0 \u00a0 \u00a0 \u00a0 \u00a0 \u00a0 \u00a0 \u00a0 \u00a0 \u00a0 \u00a0 \u00a0 \u00a0 \u00a0 \u00a0 \u00a0 \u00a0 \u00a0 \u00a0\u00a0<\/strong><\/p>\n<p><strong>Restm\u00fcll + Bioabfall (gro\u00dfer Container<\/strong><strong>)\u00a0<\/strong>Alle nicht verwertbaren Abf\u00e4lle wie Windeln, Hygieneartikel, Asche, Kehricht, Staubsaugerbeutel, Porzellan, Zigarettenkippen und alle organischen Abf\u00e4lle.<\/p>\n<p><strong>Glas (gr\u00fcne Tonne als Glascontainer beschriftet)<\/strong>\u00a0 \u00a0\u00a0Wein-, Sekt-, Saft oder sonstige Glasflaschen, Gl\u00e4ser von Konserven<\/p>\n<p><strong>Papier (Container )<\/strong>Kartonagen, Kataloge, Verpackungen aus Papier, Zeitungen, Zeitschriften.\u00a0 Bitte zerkleinern Sie Kartons!<\/p>\n<p><a href=\"https:\/\/welcover.com\/camping-steinrodsee\/wp-content\/uploads\/sites\/9\/Muelltrennung-deutsch.jpg\"><img loading=\"lazy\" decoding=\"async\" class=\"alignnone size-medium wp-image-2922\" src=\"https:\/\/welcover.com\/camping-steinrodsee\/wp-content\/uploads\/sites\/9\/Muelltrennung-deutsch-300x286.jpg\" alt=\"\" width=\"300\" height=\"286\" srcset=\"https:\/\/welcover.com\/camping-steinrodsee\/wp-content\/uploads\/sites\/9\/Muelltrennung-deutsch-300x286.jpg 300w, https:\/\/welcover.com\/camping-steinrodsee\/wp-content\/uploads\/sites\/9\/Muelltrennung-deutsch.jpg 645w\" sizes=\"(max-width: 300px) 100vw, 300px\" \/><\/a><\/p>\n<hr \/>\n<p><strong>Waschmaschine-Trockner<\/strong><br \/>\nIm Sanit\u00e4rgeb\u00e4ude stehen Waschmaschinen und ein W\u00e4schetrockner zur Verf\u00fcgung.<\/p>\n<p>Die Nutzung ist \u00fcber WeWash m\u00f6glich.<\/p>\n<p>Sie ben\u00f6tigen die \u00a0<a href=\"https:\/\/we-wash.com\/so-gehts\/#header-user\">WeWash App<\/a><\/p>\n<p>oder k\u00f6nnen vor Ort einen QR Code scannen und die Maschinen ohne App nutzen.<\/p>\n<p>Preis pro Wasch- \/ Trockenvorgang mit App\u00a0 4,00 \u20ac \/ Preis ohne App \u00fcber den QR Code\u00a0 4,50 \u20ac<\/p>\n<p>Waschmittelpads k\u00f6nnen Sie am Verkaufsautomaten vor dem Sanit\u00e4rgeb\u00e4ude f\u00fcr 0,50 \u20ac\/St\u00fcck erwerben.<\/p>\n<hr \/>\n<p><strong>WLAN<\/strong><br \/>\nF\u00fcr die WLAN Nutzung ben\u00f6tigen Sie ein Ticket.<br \/>\n1 Tag \u2013 3 \u20ac, 7 Tage \u2013 8 \u20ac, 30 Tage \u2013 16 \u20ac<br \/>\nWLAN Tickets erhalten Sie am Verkaufsautomat beim Sanit\u00e4rgeb\u00e4ude<\/p>\n<\/div><\/section><br \/>\n\n<style type=\"text\/css\" data-created_by=\"avia_inline_auto\" id=\"style-css-av-dn5dvy-0f649b322d1b7063032680964ed91105\">\n#top .hr.hr-invisible.av-dn5dvy-0f649b322d1b7063032680964ed91105{\nheight:30px;\n}\n<\/style>\n<div  class='hr av-dn5dvy-0f649b322d1b7063032680964ed91105 hr-invisible  avia-builder-el-9  el_after_av_textblock  el_before_av_image '><span class='hr-inner '><span class=\"hr-inner-style\"><\/span><\/span><\/div><br \/>\n\n<style type=\"text\/css\" data-created_by=\"avia_inline_auto\" id=\"style-css-av-m7aabc2q-0a7520ab15b2cce99c432663504ffc1b\">\n.avia-image-container.av-m7aabc2q-0a7520ab15b2cce99c432663504ffc1b img.avia_image{\nbox-shadow:none;\n}\n.avia-image-container.av-m7aabc2q-0a7520ab15b2cce99c432663504ffc1b .av-image-caption-overlay-center{\ncolor:#ffffff;\n}\n<\/style>\n<div  class='avia-image-container av-m7aabc2q-0a7520ab15b2cce99c432663504ffc1b av-styling- avia_animated_image av-animated-when-visible-95 fade-in avia-align-center  avia-builder-el-10  el_after_av_hr  avia-builder-el-last '   itemprop=\"image\" itemscope=\"itemscope\" itemtype=\"https:\/\/schema.org\/ImageObject\" ><div class=\"avia-image-container-inner\"><div class=\"avia-image-overlay-wrap\"><img decoding=\"async\" fetchpriority=\"high\" class='wp-image-3125 avia-img-lazy-loading-not-3125 avia_image ' src=\"https:\/\/welcover.com\/camping-steinrodsee\/wp-content\/uploads\/sites\/9\/3-300x212.png\" alt='' title='3'  height=\"212\" width=\"300\"  itemprop=\"thumbnailUrl\" srcset=\"https:\/\/welcover.com\/camping-steinrodsee\/wp-content\/uploads\/sites\/9\/3-300x212.png 300w, https:\/\/welcover.com\/camping-steinrodsee\/wp-content\/uploads\/sites\/9\/3-1030x728.png 1030w, https:\/\/welcover.com\/camping-steinrodsee\/wp-content\/uploads\/sites\/9\/3-768x543.png 768w, https:\/\/welcover.com\/camping-steinrodsee\/wp-content\/uploads\/sites\/9\/3-1536x1086.png 1536w, https:\/\/welcover.com\/camping-steinrodsee\/wp-content\/uploads\/sites\/9\/3-2048x1448.png 2048w, https:\/\/welcover.com\/camping-steinrodsee\/wp-content\/uploads\/sites\/9\/3-1500x1060.png 1500w, https:\/\/welcover.com\/camping-steinrodsee\/wp-content\/uploads\/sites\/9\/3-260x185.png 260w, https:\/\/welcover.com\/camping-steinrodsee\/wp-content\/uploads\/sites\/9\/3-705x498.png 705w\" sizes=\"(max-width: 300px) 100vw, 300px\" \/><\/div><\/div><\/div><\/p><\/div><\/div><!--close column table wrapper. Autoclose: 1 -->\n","protected":false},"excerpt":{"rendered":"","protected":false},"author":1,"featured_media":0,"parent":2694,"menu_order":30,"comment_status":"closed","ping_status":"closed","template":"","meta":{"footnotes":""},"class_list":["post-2734","page","type-page","status-publish","hentry"],"_links":{"self":[{"href":"https:\/\/welcover.com\/camping-steinrodsee\/wp-json\/wp\/v2\/pages\/2734"}],"collection":[{"href":"https:\/\/welcover.com\/camping-steinrodsee\/wp-json\/wp\/v2\/pages"}],"about":[{"href":"https:\/\/welcover.com\/camping-steinrodsee\/wp-json\/wp\/v2\/types\/page"}],"author":[{"embeddable":true,"href":"https:\/\/welcover.com\/camping-steinrodsee\/wp-json\/wp\/v2\/users\/1"}],"replies":[{"embeddable":true,"href":"https:\/\/welcover.com\/camping-steinrodsee\/wp-json\/wp\/v2\/comments?post=2734"}],"version-history":[{"count":23,"href":"https:\/\/welcover.com\/camping-steinrodsee\/wp-json\/wp\/v2\/pages\/2734\/revisions"}],"predecessor-version":[{"id":3241,"href":"https:\/\/welcover.com\/camping-steinrodsee\/wp-json\/wp\/v2\/pages\/2734\/revisions\/3241"}],"up":[{"embeddable":true,"href":"https:\/\/welcover.com\/camping-steinrodsee\/wp-json\/wp\/v2\/pages\/2694"}],"wp:attachment":[{"href":"https:\/\/welcover.com\/camping-steinrodsee\/wp-json\/wp\/v2\/media?parent=2734"}],"curies":[{"name":"wp","href":"https:\/\/api.w.org\/{rel}","templated":true}]}}