{"id":2742,"date":"2025-02-18T11:59:58","date_gmt":"2025-02-18T10:59:58","guid":{"rendered":"https:\/\/welcover.com\/camping-steinrodsee\/?page_id=2742"},"modified":"2025-11-21T17:14:13","modified_gmt":"2025-11-21T16:14:13","slug":"baeckereien-und-restaurants","status":"publish","type":"page","link":"https:\/\/welcover.com\/camping-steinrodsee\/restaurants\/","title":{"rendered":"Restaurants"},"content":{"rendered":"\n<style type=\"text\/css\" data-created_by=\"avia_inline_auto\" id=\"style-css-av-27vsce-efcfc975d87f2b80a33c07223b71792d\">\n.avia-section.av-27vsce-efcfc975d87f2b80a33c07223b71792d{\nbackground-color:#adb93b;\nbackground-image:unset;\n}\n<\/style>\n<div id='av_section_1'  class='avia-section av-27vsce-efcfc975d87f2b80a33c07223b71792d main_color avia-section-default avia-no-border-styling  avia-builder-el-0  el_before_av_section  avia-builder-el-first  avia-bg-style-scroll av-minimum-height av-minimum-height-25 av-height-25  container_wrap fullsize'   data-av_minimum_height_pc='25' data-av_min_height_opt='25'><div class='container av-section-cont-open' ><main  role=\"main\" itemprop=\"mainContentOfPage\"  class='template-page content  av-content-full alpha units'><div class='post-entry post-entry-type-page post-entry-2742'><div class='entry-content-wrapper clearfix'>\n\n<style type=\"text\/css\" data-created_by=\"avia_inline_auto\" id=\"style-css-av-kar2ku-ebe50c438f85d966184080a44123f495\">\n.flex_column.av-kar2ku-ebe50c438f85d966184080a44123f495{\nborder-radius:10px 10px 10px 10px;\npadding:5% 5% 5% 5%;\n}\n<\/style>\n<div  class='flex_column av-kar2ku-ebe50c438f85d966184080a44123f495 av_one_full  avia-builder-el-1  avia-builder-el-no-sibling  first flex_column_div  '     ><style type=\"text\/css\" data-created_by=\"avia_inline_auto\" id=\"style-css-av-jlznj2-172a7a4b0aeea257d744a1539fa971a5\">\n#top .av-special-heading.av-jlznj2-172a7a4b0aeea257d744a1539fa971a5{\npadding-bottom:10px;\ncolor:#ffffff;\n}\nbody .av-special-heading.av-jlznj2-172a7a4b0aeea257d744a1539fa971a5 .av-special-heading-tag .heading-char{\nfont-size:25px;\n}\n.av-special-heading.av-jlznj2-172a7a4b0aeea257d744a1539fa971a5 .special-heading-inner-border{\nborder-color:#ffffff;\n}\n.av-special-heading.av-jlznj2-172a7a4b0aeea257d744a1539fa971a5 .av-subheading{\nfont-size:15px;\n}\n<\/style>\n<div  class='av-special-heading av-jlznj2-172a7a4b0aeea257d744a1539fa971a5 av-special-heading-h1 custom-color-heading blockquote modern-quote modern-centered  avia-builder-el-2  avia-builder-el-no-sibling '><h1 class='av-special-heading-tag '  itemprop=\"headline\"  >Restaurants<\/h1><div class='av_custom_color av-subheading av-subheading_below'><p>in der Umgebung<\/p>\n<\/div><div class=\"special-heading-border\"><div class=\"special-heading-inner-border\"><\/div><\/div><\/div><\/div>\n\n<\/div><\/div><\/main><!-- close content main element --><\/div><\/div>\n<style type=\"text\/css\" data-created_by=\"avia_inline_auto\" id=\"style-css-av-m7aac6nf-4baa879474914ab462bc72db9d91a575\">\n.avia-section.av-m7aac6nf-4baa879474914ab462bc72db9d91a575{\nmargin-top:0px;\nmargin-bottom:30px;\nz-index:10;\nposition:relative;\n}\n.av-curtain-footer.av-curtain-activated #main .avia-section.av-m7aac6nf-4baa879474914ab462bc72db9d91a575{\nz-index:10;\n}\n<\/style>\n<div id='av_section_2'  class='avia-section av-m7aac6nf-4baa879474914ab462bc72db9d91a575 main_color avia-section-default avia-no-border-styling  avia-builder-el-3  el_after_av_section  avia-builder-el-last  avia-bg-style-scroll av-custom-positioned container_wrap fullsize'  ><div class='container av-section-cont-open' ><div class='template-page content  av-content-full alpha units'><div class='post-entry post-entry-type-page post-entry-2742'><div class='entry-content-wrapper clearfix'>\n<div class='flex_column_table av-h28jhq-5aacde04c8247016cd6f60624b6cf291 sc-av_one_full av-break-at-tablet-flextable av-equal-height-column-flextable'>\n<style type=\"text\/css\" data-created_by=\"avia_inline_auto\" id=\"style-css-av-h28jhq-5aacde04c8247016cd6f60624b6cf291\">\n@keyframes av_boxShadowEffect_av-h28jhq-5aacde04c8247016cd6f60624b6cf291-column {\n0%   { box-shadow:  0 0 0 0 rgba(0,0,0,0.2); opacity: 1; }\n100% { box-shadow:  0 0 5px 0 rgba(0,0,0,0.2); opacity: 1; }\n}\n#top .flex_column_table.av-equal-height-column-flextable.av-h28jhq-5aacde04c8247016cd6f60624b6cf291{\nmargin-top:-100px;\nmargin-bottom:0px;\n}\n.flex_column.av-h28jhq-5aacde04c8247016cd6f60624b6cf291{\nz-index:99;\nbox-shadow: 0 0 5px 0 rgba(0,0,0,0.2);\nborder-radius:5px 5px 5px 5px;\npadding:30px 30px 30px 30px;\nbackground-color:#ffffff;\n}\n<\/style>\n<div  class='flex_column av-h28jhq-5aacde04c8247016cd6f60624b6cf291 av_one_full  avia-builder-el-4  avia-builder-el-no-sibling  first no_margin av-break-at-tablet flex_column_table_cell av-equal-height-column av-align-middle av-custom-positioned av-parallax-object shadow-not-animated  ' data-parallax=\"{&quot;parallax&quot;:&quot;no_parallax&quot;,&quot;parallax_speed&quot;:&quot;no_parallax&quot;,&quot;av-desktop-parallax&quot;:&quot;bottom_top&quot;,&quot;av-desktop-parallax_speed&quot;:&quot;70&quot;,&quot;av-medium-parallax&quot;:&quot;inherit&quot;,&quot;av-medium-parallax_speed&quot;:&quot;inherit&quot;,&quot;av-small-parallax&quot;:&quot;inherit&quot;,&quot;av-small-parallax_speed&quot;:&quot;inherit&quot;,&quot;av-mini-parallax&quot;:&quot;inherit&quot;,&quot;av-mini-parallax_speed&quot;:&quot;inherit&quot;,&quot;parallax-container&quot;:&quot;.av-h28jhq-5aacde04c8247016cd6f60624b6cf291&quot;}\"    ><p>\n<style type=\"text\/css\" data-created_by=\"avia_inline_auto\" id=\"style-css-av-fiexta-60da44a0517b6f0ff1ae046ef57aa926\">\n#top .hr.hr-invisible.av-fiexta-60da44a0517b6f0ff1ae046ef57aa926{\nheight:30px;\n}\n<\/style>\n<div  class='hr av-fiexta-60da44a0517b6f0ff1ae046ef57aa926 hr-invisible  avia-builder-el-5  el_before_av_hr  avia-builder-el-first '><span class='hr-inner '><span class=\"hr-inner-style\"><\/span><\/span><\/div><br \/>\n\n<style type=\"text\/css\" data-created_by=\"avia_inline_auto\" id=\"style-css-av-dn5dvy-0f649b322d1b7063032680964ed91105\">\n#top .hr.hr-invisible.av-dn5dvy-0f649b322d1b7063032680964ed91105{\nheight:30px;\n}\n<\/style>\n<div  class='hr av-dn5dvy-0f649b322d1b7063032680964ed91105 hr-invisible  avia-builder-el-6  el_after_av_hr  el_before_av_textblock '><span class='hr-inner '><span class=\"hr-inner-style\"><\/span><\/span><\/div><br \/>\n<section  class='av_textblock_section av-m7adx9pf-9d0dc1affb407ef47ba540afb9af88c1 '   itemscope=\"itemscope\" itemtype=\"https:\/\/schema.org\/CreativeWork\" ><div class='avia_textblock'  itemprop=\"text\" ><h3><strong>Zu Fu\u00df erreichbar:<\/strong><\/h3>\n<p><strong>Restaurant Europa<\/strong>\u00a0(italienisch), Triftweg 28, 64331 Weiterstadt,\u00a0<a href=\"https:\/\/www.ristorante-europa.de\/\" target=\"_blank\" rel=\"noopener\"><strong>\u00d6ffnungszeiten hier<\/strong><\/a><\/p>\n<hr \/>\n<p><strong>Fischerh\u00fctte am Steinrodsee<\/strong>, Triftweg 23, 64331 Weiterstadt,\u00a0<a href=\"https:\/\/fischerhuette-weiterstadt.de\/\" target=\"_blank\" rel=\"noopener\"><strong>\u00d6ffnungszeiten hier<\/strong><\/a><\/p>\n<hr \/>\n<h3><strong>Gr\u00e4fenhausen:<\/strong><\/h3>\n<p><strong>Zum L\u00f6wen<\/strong>\u00a0(griechisch), Darmst\u00e4dter Landstra\u00dfe 11, 64331 Weiterstadt,\u00a0<a href=\"http:\/\/www.zumloewenhotel.de\/\" target=\"_blank\" rel=\"noopener\"><strong>\u00d6ffnungszeiten hier<\/strong><\/a><\/p>\n<hr \/>\n<p><strong>Dalmacija<\/strong>\u00a0(kroatisch), Darmst\u00e4dter Landstra\u00dfe 2, 64331 Weiterstadt,\u00a0<a href=\"https:\/\/www.beim-kroaten.de\/\" target=\"_blank\" rel=\"noopener\"><strong>\u00d6ffnungszeiten hier<\/strong><\/a><\/p>\n<hr \/>\n<p><strong>Gastst\u00e4tte Lindenhof<\/strong>, Familie Herzberger, Hauptstra\u00dfe 21, 64331 Weiterstadt,\u00a0<a href=\"https:\/\/speisekartenweb.de\/restaurants\/weiterstadt\/gastst%C3%A4tte-lindenhof-familie-herzberger-78813\" target=\"_blank\" rel=\"noopener\"><strong>\u00d6ffnungszeiten hier<\/strong><\/a><\/p>\n<hr \/>\n<p><strong>Restaurant Lavanda<\/strong>, Darmst\u00e4dter Landstra\u00dfe 68, 64331 Weiterstadt,\u00a0<a href=\"http:\/\/lavanda-skg.de\/\" target=\"_blank\" rel=\"noopener\"><strong>\u00d6ffnungszeiten hier<\/strong><\/a><\/p>\n<hr \/>\n<p><strong>D\u00f6ner \u00d6zg\u00fcr<\/strong>, Hauptstra\u00dfe 11, 64331 Weiterstadt,\u00a0<a href=\"https:\/\/speisekartenweb.de\/restaurants\/weiterstadt\/d%C3%B6ner-%C3%96zg%C3%BCr-78835\" target=\"_blank\" rel=\"noopener\"><strong>\u00d6ffnungszeiten hier<\/strong><\/a><\/p>\n<hr \/>\n<h3><strong>Weiterstadt:<\/strong><\/h3>\n<p><strong>Asienpalast Weiterstadt<\/strong>, Am Dornbusch 4, 64331 Weiterstadt,\u00a0<a href=\"https:\/\/www.asienpalast-in-weiterstadt.de\/\" target=\"_blank\" rel=\"noopener\"><strong>\u00d6ffnungszeiten hier<\/strong><\/a><\/p>\n<hr \/>\n<p><strong>Darmst\u00e4dter Hof<\/strong>, Darmst\u00e4dter Stra\u00dfe 76, 64331 Weiterstadt,\u00a0<a href=\"https:\/\/www.darmstaedter-hof.de\/\" target=\"_blank\" rel=\"noopener\"><strong>\u00d6ffnungszeiten hier<\/strong><\/a><\/p>\n<\/div><\/section><\/p><\/div><\/div><!--close column table wrapper. Autoclose: 1 -->\n","protected":false},"excerpt":{"rendered":"","protected":false},"author":1,"featured_media":0,"parent":2694,"menu_order":40,"comment_status":"closed","ping_status":"closed","template":"","meta":{"footnotes":""},"class_list":["post-2742","page","type-page","status-publish","hentry"],"_links":{"self":[{"href":"https:\/\/welcover.com\/camping-steinrodsee\/wp-json\/wp\/v2\/pages\/2742"}],"collection":[{"href":"https:\/\/welcover.com\/camping-steinrodsee\/wp-json\/wp\/v2\/pages"}],"about":[{"href":"https:\/\/welcover.com\/camping-steinrodsee\/wp-json\/wp\/v2\/types\/page"}],"author":[{"embeddable":true,"href":"https:\/\/welcover.com\/camping-steinrodsee\/wp-json\/wp\/v2\/users\/1"}],"replies":[{"embeddable":true,"href":"https:\/\/welcover.com\/camping-steinrodsee\/wp-json\/wp\/v2\/comments?post=2742"}],"version-history":[{"count":11,"href":"https:\/\/welcover.com\/camping-steinrodsee\/wp-json\/wp\/v2\/pages\/2742\/revisions"}],"predecessor-version":[{"id":3192,"href":"https:\/\/welcover.com\/camping-steinrodsee\/wp-json\/wp\/v2\/pages\/2742\/revisions\/3192"}],"up":[{"embeddable":true,"href":"https:\/\/welcover.com\/camping-steinrodsee\/wp-json\/wp\/v2\/pages\/2694"}],"wp:attachment":[{"href":"https:\/\/welcover.com\/camping-steinrodsee\/wp-json\/wp\/v2\/media?parent=2742"}],"curies":[{"name":"wp","href":"https:\/\/api.w.org\/{rel}","templated":true}]}}