{"id":2752,"date":"2025-02-18T12:14:04","date_gmt":"2025-02-18T11:14:04","guid":{"rendered":"https:\/\/welcover.com\/camping-steinrodsee\/?page_id=2752"},"modified":"2025-11-21T16:36:46","modified_gmt":"2025-11-21T15:36:46","slug":"notfall","status":"publish","type":"page","link":"https:\/\/welcover.com\/camping-steinrodsee\/informationen-fuer-den-notfall\/","title":{"rendered":"Informationen f\u00fcr den Notfall"},"content":{"rendered":"\n<style type=\"text\/css\" data-created_by=\"avia_inline_auto\" id=\"style-css-av-27vsce-efcfc975d87f2b80a33c07223b71792d\">\n.avia-section.av-27vsce-efcfc975d87f2b80a33c07223b71792d{\nbackground-color:#adb93b;\nbackground-image:unset;\n}\n<\/style>\n<div id='av_section_1'  class='avia-section av-27vsce-efcfc975d87f2b80a33c07223b71792d main_color avia-section-default avia-no-border-styling  avia-builder-el-0  el_before_av_section  avia-builder-el-first  avia-bg-style-scroll av-minimum-height av-minimum-height-25 av-height-25  container_wrap fullsize'   data-av_minimum_height_pc='25' data-av_min_height_opt='25'><div class='container av-section-cont-open' ><main  role=\"main\" itemprop=\"mainContentOfPage\"  class='template-page content  av-content-full alpha units'><div class='post-entry post-entry-type-page post-entry-2752'><div class='entry-content-wrapper clearfix'>\n\n<style type=\"text\/css\" data-created_by=\"avia_inline_auto\" id=\"style-css-av-kar2ku-ebe50c438f85d966184080a44123f495\">\n.flex_column.av-kar2ku-ebe50c438f85d966184080a44123f495{\nborder-radius:10px 10px 10px 10px;\npadding:5% 5% 5% 5%;\n}\n<\/style>\n<div  class='flex_column av-kar2ku-ebe50c438f85d966184080a44123f495 av_one_full  avia-builder-el-1  avia-builder-el-no-sibling  first flex_column_div  '     ><style type=\"text\/css\" data-created_by=\"avia_inline_auto\" id=\"style-css-av-jlznj2-2cc63867ad99272954821ec90424bc42\">\n#top .av-special-heading.av-jlznj2-2cc63867ad99272954821ec90424bc42{\npadding-bottom:10px;\ncolor:#ffffff;\n}\nbody .av-special-heading.av-jlznj2-2cc63867ad99272954821ec90424bc42 .av-special-heading-tag .heading-char{\nfont-size:25px;\n}\n.av-special-heading.av-jlznj2-2cc63867ad99272954821ec90424bc42 .special-heading-inner-border{\nborder-color:#ffffff;\n}\n.av-special-heading.av-jlznj2-2cc63867ad99272954821ec90424bc42 .av-subheading{\nfont-size:15px;\n}\n<\/style>\n<div  class='av-special-heading av-jlznj2-2cc63867ad99272954821ec90424bc42 av-special-heading-h1 custom-color-heading blockquote modern-quote modern-centered  avia-builder-el-2  avia-builder-el-no-sibling '><h1 class='av-special-heading-tag '  itemprop=\"headline\"  >Informationen f\u00fcr den Notfall<\/h1><div class=\"special-heading-border\"><div class=\"special-heading-inner-border\"><\/div><\/div><\/div><\/div>\n\n<\/div><\/div><\/main><!-- close content main element --><\/div><\/div>\n<style type=\"text\/css\" data-created_by=\"avia_inline_auto\" id=\"style-css-av-m7aac6nf-4baa879474914ab462bc72db9d91a575\">\n.avia-section.av-m7aac6nf-4baa879474914ab462bc72db9d91a575{\nmargin-top:0px;\nmargin-bottom:30px;\nz-index:10;\nposition:relative;\n}\n.av-curtain-footer.av-curtain-activated #main .avia-section.av-m7aac6nf-4baa879474914ab462bc72db9d91a575{\nz-index:10;\n}\n<\/style>\n<div id='av_section_2'  class='avia-section av-m7aac6nf-4baa879474914ab462bc72db9d91a575 main_color avia-section-default avia-no-border-styling  avia-builder-el-3  el_after_av_section  avia-builder-el-last  avia-bg-style-scroll av-custom-positioned container_wrap fullsize'  ><div class='container av-section-cont-open' ><div class='template-page content  av-content-full alpha units'><div class='post-entry post-entry-type-page post-entry-2752'><div class='entry-content-wrapper clearfix'>\n<div class='flex_column_table av-h28jhq-5aacde04c8247016cd6f60624b6cf291 sc-av_one_full av-break-at-tablet-flextable av-equal-height-column-flextable'>\n<style type=\"text\/css\" data-created_by=\"avia_inline_auto\" id=\"style-css-av-h28jhq-5aacde04c8247016cd6f60624b6cf291\">\n@keyframes av_boxShadowEffect_av-h28jhq-5aacde04c8247016cd6f60624b6cf291-column {\n0%   { box-shadow:  0 0 0 0 rgba(0,0,0,0.2); opacity: 1; }\n100% { box-shadow:  0 0 5px 0 rgba(0,0,0,0.2); opacity: 1; }\n}\n#top .flex_column_table.av-equal-height-column-flextable.av-h28jhq-5aacde04c8247016cd6f60624b6cf291{\nmargin-top:-100px;\nmargin-bottom:0px;\n}\n.flex_column.av-h28jhq-5aacde04c8247016cd6f60624b6cf291{\nz-index:99;\nbox-shadow: 0 0 5px 0 rgba(0,0,0,0.2);\nborder-radius:5px 5px 5px 5px;\npadding:30px 30px 30px 30px;\nbackground-color:#ffffff;\n}\n<\/style>\n<div  class='flex_column av-h28jhq-5aacde04c8247016cd6f60624b6cf291 av_one_full  avia-builder-el-4  avia-builder-el-no-sibling  first no_margin av-break-at-tablet flex_column_table_cell av-equal-height-column av-align-middle av-custom-positioned av-parallax-object shadow-not-animated  ' data-parallax=\"{&quot;parallax&quot;:&quot;no_parallax&quot;,&quot;parallax_speed&quot;:&quot;no_parallax&quot;,&quot;av-desktop-parallax&quot;:&quot;bottom_top&quot;,&quot;av-desktop-parallax_speed&quot;:&quot;70&quot;,&quot;av-medium-parallax&quot;:&quot;inherit&quot;,&quot;av-medium-parallax_speed&quot;:&quot;inherit&quot;,&quot;av-small-parallax&quot;:&quot;inherit&quot;,&quot;av-small-parallax_speed&quot;:&quot;inherit&quot;,&quot;av-mini-parallax&quot;:&quot;inherit&quot;,&quot;av-mini-parallax_speed&quot;:&quot;inherit&quot;,&quot;parallax-container&quot;:&quot;.av-h28jhq-5aacde04c8247016cd6f60624b6cf291&quot;}\"    ><p>\n<style type=\"text\/css\" data-created_by=\"avia_inline_auto\" id=\"style-css-av-m7aabc2q-8743089e46f58528d40638570aa3ce72\">\n.avia-image-container.av-m7aabc2q-8743089e46f58528d40638570aa3ce72 img.avia_image{\nbox-shadow:none;\n}\n.avia-image-container.av-m7aabc2q-8743089e46f58528d40638570aa3ce72 .av-image-caption-overlay-center{\ncolor:#ffffff;\n}\n<\/style>\n<div  class='avia-image-container av-m7aabc2q-8743089e46f58528d40638570aa3ce72 av-styling- avia_animated_image av-animated-when-visible-95 fade-in avia-align-center  avia-builder-el-5  el_before_av_hr  avia-builder-el-first '   itemprop=\"image\" itemscope=\"itemscope\" itemtype=\"https:\/\/schema.org\/ImageObject\" ><div class=\"avia-image-container-inner\"><div class=\"avia-image-overlay-wrap\"><img decoding=\"async\" fetchpriority=\"high\" class='wp-image-3133 avia-img-lazy-loading-not-3133 avia_image ' src=\"https:\/\/welcover.com\/camping-steinrodsee\/wp-content\/uploads\/sites\/9\/11-300x212.png\" alt='' title='11'  height=\"212\" width=\"300\"  itemprop=\"thumbnailUrl\" srcset=\"https:\/\/welcover.com\/camping-steinrodsee\/wp-content\/uploads\/sites\/9\/11-300x212.png 300w, https:\/\/welcover.com\/camping-steinrodsee\/wp-content\/uploads\/sites\/9\/11-1030x728.png 1030w, https:\/\/welcover.com\/camping-steinrodsee\/wp-content\/uploads\/sites\/9\/11-768x543.png 768w, https:\/\/welcover.com\/camping-steinrodsee\/wp-content\/uploads\/sites\/9\/11-1536x1086.png 1536w, https:\/\/welcover.com\/camping-steinrodsee\/wp-content\/uploads\/sites\/9\/11-2048x1448.png 2048w, https:\/\/welcover.com\/camping-steinrodsee\/wp-content\/uploads\/sites\/9\/11-1500x1060.png 1500w, https:\/\/welcover.com\/camping-steinrodsee\/wp-content\/uploads\/sites\/9\/11-260x185.png 260w, https:\/\/welcover.com\/camping-steinrodsee\/wp-content\/uploads\/sites\/9\/11-705x498.png 705w\" sizes=\"(max-width: 300px) 100vw, 300px\" \/><\/div><\/div><\/div><br \/>\n\n<style type=\"text\/css\" data-created_by=\"avia_inline_auto\" id=\"style-css-av-fiexta-60da44a0517b6f0ff1ae046ef57aa926\">\n#top .hr.hr-invisible.av-fiexta-60da44a0517b6f0ff1ae046ef57aa926{\nheight:30px;\n}\n<\/style>\n<div  class='hr av-fiexta-60da44a0517b6f0ff1ae046ef57aa926 hr-invisible  avia-builder-el-6  el_after_av_image  el_before_av_hr '><span class='hr-inner '><span class=\"hr-inner-style\"><\/span><\/span><\/div><br \/>\n\n<style type=\"text\/css\" data-created_by=\"avia_inline_auto\" id=\"style-css-av-dn5dvy-0f649b322d1b7063032680964ed91105\">\n#top .hr.hr-invisible.av-dn5dvy-0f649b322d1b7063032680964ed91105{\nheight:30px;\n}\n<\/style>\n<div  class='hr av-dn5dvy-0f649b322d1b7063032680964ed91105 hr-invisible  avia-builder-el-7  el_after_av_hr  el_before_av_textblock '><span class='hr-inner '><span class=\"hr-inner-style\"><\/span><\/span><\/div><br \/>\n<section  class='av_textblock_section av-m7adx9pf-9d0dc1affb407ef47ba540afb9af88c1 '   itemscope=\"itemscope\" itemtype=\"https:\/\/schema.org\/CreativeWork\" ><div class='avia_textblock'  itemprop=\"text\" ><div class=\"avia_textblock avia_textblock_style\" data-update_with=\"content\" data-update_element_template=\"yes\">\n<h3>Notfall in Weiterstadt<\/h3>\n<p><strong>Im Notfall<\/strong>\u00a0erreichen Sie den\u00a0<strong>\u00e4rztlichen Bereitschaftsdienst<\/strong>\u00a0 unter der\u00a0<strong>Rufnummer 116 117<\/strong>\u00a0au\u00dferhalb der \u00d6ffnungszeiten der Arztpraxen.\u00a0 In\u00a0<strong>lebensbedrohlichen F\u00e4llen<\/strong>\u00a0alarmieren Sie die\u00a0<strong>112<\/strong>.<\/p>\n<hr \/>\n<p><strong>\u00c4rzte<\/strong><\/p>\n<p>Eine \u00dcbersicht \u00fcber die \u00c4rzte in Weiterstadt und Umgebung finden Sie <strong><a href=\"https:\/\/www.gelbeseiten.de\/branchen\/allgemeinarzt\/weiterstadt\" target=\"_blank\" rel=\"noopener\">hier<\/a>.<\/strong><\/p>\n<hr \/>\n<p><strong>Krankenhaus<\/strong><\/p>\n<p>Eine Liste mit Krankenh\u00e4usern im Umkreis von 50 km finden Sie <strong><a href=\"https:\/\/bundes-klinik-atlas.de\/krankenhaussuche\/?tx_solr%5Blatlon%5D=49.91392%2C8.56890&amp;tx_solr%5Bgeolabel%5D=Weiterstadt&amp;searchtype=free-search\" target=\"_blank\" rel=\"noopener\">hier<\/a><\/strong>.<\/p>\n<hr \/>\n<p><strong>Apotheken<\/strong><\/p>\n<p><strong>Grafen Apotheke<\/strong>, Darmst\u00e4dter Landstra\u00dfe 51-53, 64331 Weiterstadt-Gr\u00e4fenhausen, Tel. 06150-51377<\/p>\n<p><strong>MediVital Apotheke <\/strong>(im Kaufland), Rudolf-Diesel-Stra\u00dfe 26a, 64331 Weiterstadt, 06151-786460<\/p>\n<\/div>\n<section class=\"av_textblock_section av-22sqgd-20f8f1236b86c21bb622d78d7f167156 \">\n<div class=\"avia_textblock\"><\/div>\n<\/section>\n<\/div><\/section><\/p><\/div><\/div><!--close column table wrapper. Autoclose: 1 -->\n","protected":false},"excerpt":{"rendered":"","protected":false},"author":1,"featured_media":0,"parent":2694,"menu_order":50,"comment_status":"closed","ping_status":"closed","template":"","meta":{"footnotes":""},"class_list":["post-2752","page","type-page","status-publish","hentry"],"_links":{"self":[{"href":"https:\/\/welcover.com\/camping-steinrodsee\/wp-json\/wp\/v2\/pages\/2752"}],"collection":[{"href":"https:\/\/welcover.com\/camping-steinrodsee\/wp-json\/wp\/v2\/pages"}],"about":[{"href":"https:\/\/welcover.com\/camping-steinrodsee\/wp-json\/wp\/v2\/types\/page"}],"author":[{"embeddable":true,"href":"https:\/\/welcover.com\/camping-steinrodsee\/wp-json\/wp\/v2\/users\/1"}],"replies":[{"embeddable":true,"href":"https:\/\/welcover.com\/camping-steinrodsee\/wp-json\/wp\/v2\/comments?post=2752"}],"version-history":[{"count":8,"href":"https:\/\/welcover.com\/camping-steinrodsee\/wp-json\/wp\/v2\/pages\/2752\/revisions"}],"predecessor-version":[{"id":3172,"href":"https:\/\/welcover.com\/camping-steinrodsee\/wp-json\/wp\/v2\/pages\/2752\/revisions\/3172"}],"up":[{"embeddable":true,"href":"https:\/\/welcover.com\/camping-steinrodsee\/wp-json\/wp\/v2\/pages\/2694"}],"wp:attachment":[{"href":"https:\/\/welcover.com\/camping-steinrodsee\/wp-json\/wp\/v2\/media?parent=2752"}],"curies":[{"name":"wp","href":"https:\/\/api.w.org\/{rel}","templated":true}]}}