{"id":2874,"date":"2025-02-19T13:08:03","date_gmt":"2025-02-19T12:08:03","guid":{"rendered":"https:\/\/welcover.com\/camping-steinrodsee\/?page_id=2874"},"modified":"2025-11-21T16:00:52","modified_gmt":"2025-11-21T15:00:52","slug":"einkaufen-tanken","status":"publish","type":"page","link":"https:\/\/welcover.com\/camping-steinrodsee\/einkaufen-tanken\/","title":{"rendered":"Einkaufen &amp; Tanken"},"content":{"rendered":"\n<style type=\"text\/css\" data-created_by=\"avia_inline_auto\" id=\"style-css-av-27vsce-efcfc975d87f2b80a33c07223b71792d\">\n.avia-section.av-27vsce-efcfc975d87f2b80a33c07223b71792d{\nbackground-color:#adb93b;\nbackground-image:unset;\n}\n<\/style>\n<div id='av_section_1'  class='avia-section av-27vsce-efcfc975d87f2b80a33c07223b71792d main_color avia-section-default avia-no-border-styling  avia-builder-el-0  el_before_av_section  avia-builder-el-first  avia-bg-style-scroll av-minimum-height av-minimum-height-25 av-height-25  container_wrap fullsize'   data-av_minimum_height_pc='25' data-av_min_height_opt='25'><div class='container av-section-cont-open' ><main  role=\"main\" itemprop=\"mainContentOfPage\"  class='template-page content  av-content-full alpha units'><div class='post-entry post-entry-type-page post-entry-2874'><div class='entry-content-wrapper clearfix'>\n\n<style type=\"text\/css\" data-created_by=\"avia_inline_auto\" id=\"style-css-av-kar2ku-ebe50c438f85d966184080a44123f495\">\n.flex_column.av-kar2ku-ebe50c438f85d966184080a44123f495{\nborder-radius:10px 10px 10px 10px;\npadding:5% 5% 5% 5%;\n}\n<\/style>\n<div  class='flex_column av-kar2ku-ebe50c438f85d966184080a44123f495 av_one_full  avia-builder-el-1  avia-builder-el-no-sibling  first flex_column_div  '     ><style type=\"text\/css\" data-created_by=\"avia_inline_auto\" id=\"style-css-av-jlznj2-7652799df0253278caa2dbe0baab4ddb\">\n#top .av-special-heading.av-jlznj2-7652799df0253278caa2dbe0baab4ddb{\npadding-bottom:10px;\ncolor:#ffffff;\n}\nbody .av-special-heading.av-jlznj2-7652799df0253278caa2dbe0baab4ddb .av-special-heading-tag .heading-char{\nfont-size:25px;\n}\n.av-special-heading.av-jlznj2-7652799df0253278caa2dbe0baab4ddb .special-heading-inner-border{\nborder-color:#ffffff;\n}\n.av-special-heading.av-jlznj2-7652799df0253278caa2dbe0baab4ddb .av-subheading{\nfont-size:15px;\n}\n<\/style>\n<div  class='av-special-heading av-jlznj2-7652799df0253278caa2dbe0baab4ddb av-special-heading-h1 custom-color-heading blockquote modern-quote modern-centered  avia-builder-el-2  avia-builder-el-no-sibling '><h1 class='av-special-heading-tag '  itemprop=\"headline\"  >Einkaufen <span class='special_amp'>&amp;<\/span> Tanken<\/h1><div class=\"special-heading-border\"><div class=\"special-heading-inner-border\"><\/div><\/div><\/div><\/div>\n\n<\/div><\/div><\/main><!-- close content main element --><\/div><\/div>\n<style type=\"text\/css\" data-created_by=\"avia_inline_auto\" id=\"style-css-av-m7aac6nf-4baa879474914ab462bc72db9d91a575\">\n.avia-section.av-m7aac6nf-4baa879474914ab462bc72db9d91a575{\nmargin-top:0px;\nmargin-bottom:30px;\nz-index:10;\nposition:relative;\n}\n.av-curtain-footer.av-curtain-activated #main .avia-section.av-m7aac6nf-4baa879474914ab462bc72db9d91a575{\nz-index:10;\n}\n<\/style>\n<div id='av_section_2'  class='avia-section av-m7aac6nf-4baa879474914ab462bc72db9d91a575 main_color avia-section-default avia-no-border-styling  avia-builder-el-3  el_after_av_section  avia-builder-el-last  avia-bg-style-scroll av-custom-positioned container_wrap fullsize'  ><div class='container av-section-cont-open' ><div class='template-page content  av-content-full alpha units'><div class='post-entry post-entry-type-page post-entry-2874'><div class='entry-content-wrapper clearfix'>\n<div class='flex_column_table av-h28jhq-5aacde04c8247016cd6f60624b6cf291 sc-av_one_full av-break-at-tablet-flextable av-equal-height-column-flextable'>\n<style type=\"text\/css\" data-created_by=\"avia_inline_auto\" id=\"style-css-av-h28jhq-5aacde04c8247016cd6f60624b6cf291\">\n@keyframes av_boxShadowEffect_av-h28jhq-5aacde04c8247016cd6f60624b6cf291-column {\n0%   { box-shadow:  0 0 0 0 rgba(0,0,0,0.2); opacity: 1; }\n100% { box-shadow:  0 0 5px 0 rgba(0,0,0,0.2); opacity: 1; }\n}\n#top .flex_column_table.av-equal-height-column-flextable.av-h28jhq-5aacde04c8247016cd6f60624b6cf291{\nmargin-top:-100px;\nmargin-bottom:0px;\n}\n.flex_column.av-h28jhq-5aacde04c8247016cd6f60624b6cf291{\nz-index:99;\nbox-shadow: 0 0 5px 0 rgba(0,0,0,0.2);\nborder-radius:5px 5px 5px 5px;\npadding:30px 30px 30px 30px;\nbackground-color:#ffffff;\n}\n<\/style>\n<div  class='flex_column av-h28jhq-5aacde04c8247016cd6f60624b6cf291 av_one_full  avia-builder-el-4  avia-builder-el-no-sibling  first no_margin av-break-at-tablet flex_column_table_cell av-equal-height-column av-align-middle av-custom-positioned av-parallax-object shadow-not-animated  ' data-parallax=\"{&quot;parallax&quot;:&quot;no_parallax&quot;,&quot;parallax_speed&quot;:&quot;no_parallax&quot;,&quot;av-desktop-parallax&quot;:&quot;bottom_top&quot;,&quot;av-desktop-parallax_speed&quot;:&quot;70&quot;,&quot;av-medium-parallax&quot;:&quot;inherit&quot;,&quot;av-medium-parallax_speed&quot;:&quot;inherit&quot;,&quot;av-small-parallax&quot;:&quot;inherit&quot;,&quot;av-small-parallax_speed&quot;:&quot;inherit&quot;,&quot;av-mini-parallax&quot;:&quot;inherit&quot;,&quot;av-mini-parallax_speed&quot;:&quot;inherit&quot;,&quot;parallax-container&quot;:&quot;.av-h28jhq-5aacde04c8247016cd6f60624b6cf291&quot;}\"    ><p>\n<style type=\"text\/css\" data-created_by=\"avia_inline_auto\" id=\"style-css-av-gfeou-0cda1fddd6d24f05f5c27672013a83a3\">\n.avia-image-container.av-gfeou-0cda1fddd6d24f05f5c27672013a83a3 img.avia_image{\nbox-shadow:none;\n}\n.avia-image-container.av-gfeou-0cda1fddd6d24f05f5c27672013a83a3 .av-image-caption-overlay-center{\ncolor:#ffffff;\n}\n<\/style>\n<div  class='avia-image-container av-gfeou-0cda1fddd6d24f05f5c27672013a83a3 av-styling- avia_animated_image av-animated-when-visible-95 fade-in avia-align-center  avia-builder-el-5  el_before_av_hr  avia-builder-el-first '   itemprop=\"image\" itemscope=\"itemscope\" itemtype=\"https:\/\/schema.org\/ImageObject\" ><div class=\"avia-image-container-inner\"><div class=\"avia-image-overlay-wrap\"><img decoding=\"async\" fetchpriority=\"high\" class='wp-image-3126 avia-img-lazy-loading-not-3126 avia_image ' src=\"https:\/\/welcover.com\/camping-steinrodsee\/wp-content\/uploads\/sites\/9\/4-300x212.png\" alt='' title='4'  height=\"212\" width=\"300\"  itemprop=\"thumbnailUrl\" srcset=\"https:\/\/welcover.com\/camping-steinrodsee\/wp-content\/uploads\/sites\/9\/4-300x212.png 300w, https:\/\/welcover.com\/camping-steinrodsee\/wp-content\/uploads\/sites\/9\/4-1030x728.png 1030w, https:\/\/welcover.com\/camping-steinrodsee\/wp-content\/uploads\/sites\/9\/4-768x543.png 768w, https:\/\/welcover.com\/camping-steinrodsee\/wp-content\/uploads\/sites\/9\/4-1536x1086.png 1536w, https:\/\/welcover.com\/camping-steinrodsee\/wp-content\/uploads\/sites\/9\/4-2048x1448.png 2048w, https:\/\/welcover.com\/camping-steinrodsee\/wp-content\/uploads\/sites\/9\/4-1500x1060.png 1500w, https:\/\/welcover.com\/camping-steinrodsee\/wp-content\/uploads\/sites\/9\/4-260x185.png 260w, https:\/\/welcover.com\/camping-steinrodsee\/wp-content\/uploads\/sites\/9\/4-705x498.png 705w\" sizes=\"(max-width: 300px) 100vw, 300px\" \/><\/div><\/div><\/div><br \/>\n\n<style type=\"text\/css\" data-created_by=\"avia_inline_auto\" id=\"style-css-av-fiexta-60da44a0517b6f0ff1ae046ef57aa926\">\n#top .hr.hr-invisible.av-fiexta-60da44a0517b6f0ff1ae046ef57aa926{\nheight:30px;\n}\n<\/style>\n<div  class='hr av-fiexta-60da44a0517b6f0ff1ae046ef57aa926 hr-invisible  avia-builder-el-6  el_after_av_image  el_before_av_hr '><span class='hr-inner '><span class=\"hr-inner-style\"><\/span><\/span><\/div><br \/>\n\n<style type=\"text\/css\" data-created_by=\"avia_inline_auto\" id=\"style-css-av-2o1hpa-51812391c170abedb2a71ec19343e45c\">\n#top .hr.hr-invisible.av-2o1hpa-51812391c170abedb2a71ec19343e45c{\nheight:30px;\n}\n<\/style>\n<div  class='hr av-2o1hpa-51812391c170abedb2a71ec19343e45c hr-invisible  avia-builder-el-7  el_after_av_hr  el_before_av_textblock '><span class='hr-inner '><span class=\"hr-inner-style\"><\/span><\/span><\/div><br \/>\n<section  class='av_textblock_section av-m7aae1d8-54d69c263eb125d206f11e1817598839 '   itemscope=\"itemscope\" itemtype=\"https:\/\/schema.org\/CreativeWork\" ><div class='avia_textblock'  itemprop=\"text\" ><div class=\"flex_column av-2ecs2t-ff2f7ec9397598b29999511d156563d3 av_one_full first flex_column_div \">\n<section class=\"av_textblock_section av-22sqgd-20f8f1236b86c21bb622d78d7f167156 \">\n<div class=\"avia_textblock\">\n<p>Hier finden Sie Einkaufsm\u00f6glichkeiten in der n\u00e4heren Umgebung:<\/p>\n<hr \/>\n<\/div>\n<\/section>\n<\/div>\n<\/div><\/section><br \/>\n<section  class='av_textblock_section av-m7aah8y9-3a001b9863affeb4cebec23fd997081e '   itemscope=\"itemscope\" itemtype=\"https:\/\/schema.org\/CreativeWork\" ><div class='avia_textblock'  itemprop=\"text\" ><h3><strong>Superm\u00e4rkte<\/strong><\/h3>\n<p><strong>REWE Gr\u00e4fenhausen<\/strong>\u00a0Schneppenh\u00e4user Str. 21, 64331 Weiterstadt\u00a0\u00a0\u00a0\u00a0\u00a0 7.00 \u2013 21.30 Uhr<\/p>\n<hr \/>\n<p><strong>PENNY Gr\u00e4fenhausen<\/strong>\u00a0Schneppenh\u00e4user Str. 21, 64331 Weiterstadt\u00a0\u00a0\u00a0 8.00 \u2013 21.00 Uhr<\/p>\n<hr \/>\n<p><strong>ALDI S\u00fcd Weiterstadt<\/strong>\u00a0Rudolf-Diesel-Stra\u00dfe 26, 64331 Weiterstadt\u00a0\u00a0\u00a0 \u00a08.00 \u2013 20.00 Uhr<\/p>\n<hr \/>\n<p><strong>Kaufland Weiterstadt<\/strong>\u00a0Rudolf-Diesel-Stra\u00dfe 26A, 64331 Weiterstadt\u00a0\u00a0 7.00 \u2013\u00a0 0.00 Uhr<\/p>\n<hr \/>\n<p><strong>Lidl Weiterstadt<\/strong>\u00a0Im R\u00f6dling 2, 64331 Weiterstadt\u00a0 \u00a07.00 \u2013 21.00 Uhr<\/p>\n<hr \/>\n<p><strong>Hornbach \u2013 Baumarkt (ca. 8,5 km)\u00a0<\/strong>Otto-R\u00f6hm-Str. 76, 64293 Darmstadt, 7.00 Uhr \u2013 20.00 Uhr<\/p>\n<hr \/>\n<p><strong>Reimo Reisemobil Center (ca. 8 km)\u00a0<\/strong>Boschring 10, 63329 Egelsbach<strong>,\u00a0<\/strong>Montag-Freitag 9.30 \u2013 12 Uhr \u2013 14 \u2013 18 Uhr<\/p>\n<hr \/>\n<h3><strong>Einkaufszentrum<\/strong><\/h3>\n<p><strong>Einkaufszentrum Loop5 Weiterstadt<\/strong><\/p>\n<p>Gutenbergstra\u00dfe 3, 64331 Weiterstadt Montag \u2013 Donnerstag 10.00 Uhr \u2013 20.00 Uhr, Freitag \u2013 Samstag 10.00 Uhr \u2013 21.00 Uhr<\/p>\n<hr \/>\n<h3><strong>Metzgereien<\/strong><\/h3>\n<p><strong>Metzgerei Hamm<\/strong>, Frankfurter Str. 18, 64331 Weiterstadt<\/p>\n<hr \/>\n<h3><strong>Tankstellen<\/strong><\/h3>\n<p><strong>Aral Tankstelle Gr\u00e4fenhausen<\/strong>, Darmst\u00e4dter Str. 122, 64331 Weiterstadt (8.00 \u2013 22.00 Uhr)<\/p>\n<hr \/>\n<p><strong>Metro Tankstelle Weiterstadt<\/strong>, Im R\u00f6dling 8, 64331 Weiterstadt (6.30 \u2013 20.30 Uhr)<\/p>\n<hr \/>\n<p><strong>Roth Energie<\/strong>, Waldstra\u00dfe 18, 64331 Weiterstadt (24 Stunden ge\u00f6ffnet)<\/p>\n<hr \/>\n<h3><strong>Sonstiges<\/strong><\/h3>\n<p><strong>Post-Lotto-Tabakwaren<\/strong>, Schneppenh\u00e4user Stra\u00dfe 5, 64331 Weiterstadt-Gr\u00e4fenhausen<\/p>\n<\/div><\/section><br \/>\n\n<style type=\"text\/css\" data-created_by=\"avia_inline_auto\" id=\"style-css-av-dn5dvy-0f649b322d1b7063032680964ed91105\">\n#top .hr.hr-invisible.av-dn5dvy-0f649b322d1b7063032680964ed91105{\nheight:30px;\n}\n<\/style>\n<div  class='hr av-dn5dvy-0f649b322d1b7063032680964ed91105 hr-invisible  avia-builder-el-10  el_after_av_textblock  avia-builder-el-last '><span class='hr-inner '><span class=\"hr-inner-style\"><\/span><\/span><\/div><\/p><\/div><\/div><!--close column table wrapper. Autoclose: 1 -->\n","protected":false},"excerpt":{"rendered":"","protected":false},"author":1,"featured_media":0,"parent":2694,"menu_order":35,"comment_status":"closed","ping_status":"closed","template":"","meta":{"footnotes":""},"class_list":["post-2874","page","type-page","status-publish","hentry"],"_links":{"self":[{"href":"https:\/\/welcover.com\/camping-steinrodsee\/wp-json\/wp\/v2\/pages\/2874"}],"collection":[{"href":"https:\/\/welcover.com\/camping-steinrodsee\/wp-json\/wp\/v2\/pages"}],"about":[{"href":"https:\/\/welcover.com\/camping-steinrodsee\/wp-json\/wp\/v2\/types\/page"}],"author":[{"embeddable":true,"href":"https:\/\/welcover.com\/camping-steinrodsee\/wp-json\/wp\/v2\/users\/1"}],"replies":[{"embeddable":true,"href":"https:\/\/welcover.com\/camping-steinrodsee\/wp-json\/wp\/v2\/comments?post=2874"}],"version-history":[{"count":8,"href":"https:\/\/welcover.com\/camping-steinrodsee\/wp-json\/wp\/v2\/pages\/2874\/revisions"}],"predecessor-version":[{"id":3149,"href":"https:\/\/welcover.com\/camping-steinrodsee\/wp-json\/wp\/v2\/pages\/2874\/revisions\/3149"}],"up":[{"embeddable":true,"href":"https:\/\/welcover.com\/camping-steinrodsee\/wp-json\/wp\/v2\/pages\/2694"}],"wp:attachment":[{"href":"https:\/\/welcover.com\/camping-steinrodsee\/wp-json\/wp\/v2\/media?parent=2874"}],"curies":[{"name":"wp","href":"https:\/\/api.w.org\/{rel}","templated":true}]}}