{"id":3017,"date":"2025-09-18T08:55:08","date_gmt":"2025-09-18T06:55:08","guid":{"rendered":"https:\/\/welcover.com\/camping-steinrodsee\/?page_id=3017"},"modified":"2025-11-21T17:57:38","modified_gmt":"2025-11-21T16:57:38","slug":"ausflugsziel-schwimmbad-copy-copy-2","status":"publish","type":"page","link":"https:\/\/welcover.com\/camping-steinrodsee\/gaestemappe-campingplatz-steinrodsee\/ausflugsziele-museen\/","title":{"rendered":"Ausflugsziele Museen"},"content":{"rendered":"\n<style type=\"text\/css\" data-created_by=\"avia_inline_auto\" id=\"style-css-av-27vsce-efcfc975d87f2b80a33c07223b71792d\">\n.avia-section.av-27vsce-efcfc975d87f2b80a33c07223b71792d{\nbackground-color:#adb93b;\nbackground-image:unset;\n}\n<\/style>\n<div id='av_section_1'  class='avia-section av-27vsce-efcfc975d87f2b80a33c07223b71792d main_color avia-section-default avia-no-border-styling  avia-builder-el-0  el_before_av_section  avia-builder-el-first  avia-bg-style-scroll av-minimum-height av-minimum-height-25 av-height-25  container_wrap fullsize'   data-av_minimum_height_pc='25' data-av_min_height_opt='25'><div class='container av-section-cont-open' ><main  role=\"main\" itemprop=\"mainContentOfPage\"  class='template-page content  av-content-full alpha units'><div class='post-entry post-entry-type-page post-entry-3017'><div class='entry-content-wrapper clearfix'>\n\n<style type=\"text\/css\" data-created_by=\"avia_inline_auto\" id=\"style-css-av-kar2ku-ebe50c438f85d966184080a44123f495\">\n.flex_column.av-kar2ku-ebe50c438f85d966184080a44123f495{\nborder-radius:10px 10px 10px 10px;\npadding:5% 5% 5% 5%;\n}\n<\/style>\n<div  class='flex_column av-kar2ku-ebe50c438f85d966184080a44123f495 av_one_full  avia-builder-el-1  avia-builder-el-no-sibling  first flex_column_div  '     ><style type=\"text\/css\" data-created_by=\"avia_inline_auto\" id=\"style-css-av-jlznj2-2cb8cddf4ece66adc518dde9dde3350d\">\n#top .av-special-heading.av-jlznj2-2cb8cddf4ece66adc518dde9dde3350d{\npadding-bottom:10px;\ncolor:#ffffff;\n}\nbody .av-special-heading.av-jlznj2-2cb8cddf4ece66adc518dde9dde3350d .av-special-heading-tag .heading-char{\nfont-size:25px;\n}\n.av-special-heading.av-jlznj2-2cb8cddf4ece66adc518dde9dde3350d .special-heading-inner-border{\nborder-color:#ffffff;\n}\n.av-special-heading.av-jlznj2-2cb8cddf4ece66adc518dde9dde3350d .av-subheading{\nfont-size:15px;\n}\n<\/style>\n<div  class='av-special-heading av-jlznj2-2cb8cddf4ece66adc518dde9dde3350d av-special-heading-h1 custom-color-heading blockquote modern-quote modern-centered  avia-builder-el-2  avia-builder-el-no-sibling '><h1 class='av-special-heading-tag '  itemprop=\"headline\"  >Ausflugsziele<\/h1><div class='av_custom_color av-subheading av-subheading_below'><p>Museen<\/p>\n<\/div><div class=\"special-heading-border\"><div class=\"special-heading-inner-border\"><\/div><\/div><\/div><\/div>\n\n<\/div><\/div><\/main><!-- close content main element --><\/div><\/div>\n<style type=\"text\/css\" data-created_by=\"avia_inline_auto\" id=\"style-css-av-m7aac6nf-4baa879474914ab462bc72db9d91a575\">\n.avia-section.av-m7aac6nf-4baa879474914ab462bc72db9d91a575{\nmargin-top:0px;\nmargin-bottom:30px;\nz-index:10;\nposition:relative;\n}\n.av-curtain-footer.av-curtain-activated #main .avia-section.av-m7aac6nf-4baa879474914ab462bc72db9d91a575{\nz-index:10;\n}\n<\/style>\n<div id='av_section_2'  class='avia-section av-m7aac6nf-4baa879474914ab462bc72db9d91a575 main_color avia-section-default avia-no-border-styling  avia-builder-el-3  el_after_av_section  avia-builder-el-last  avia-bg-style-scroll av-custom-positioned container_wrap fullsize'  ><div class='container av-section-cont-open' ><div class='template-page content  av-content-full alpha units'><div class='post-entry post-entry-type-page post-entry-3017'><div class='entry-content-wrapper clearfix'>\n<div class='flex_column_table av-h28jhq-5aacde04c8247016cd6f60624b6cf291 sc-av_one_full av-break-at-tablet-flextable av-equal-height-column-flextable'>\n<style type=\"text\/css\" data-created_by=\"avia_inline_auto\" id=\"style-css-av-h28jhq-5aacde04c8247016cd6f60624b6cf291\">\n@keyframes av_boxShadowEffect_av-h28jhq-5aacde04c8247016cd6f60624b6cf291-column {\n0%   { box-shadow:  0 0 0 0 rgba(0,0,0,0.2); opacity: 1; }\n100% { box-shadow:  0 0 5px 0 rgba(0,0,0,0.2); opacity: 1; }\n}\n#top .flex_column_table.av-equal-height-column-flextable.av-h28jhq-5aacde04c8247016cd6f60624b6cf291{\nmargin-top:-100px;\nmargin-bottom:0px;\n}\n.flex_column.av-h28jhq-5aacde04c8247016cd6f60624b6cf291{\nz-index:99;\nbox-shadow: 0 0 5px 0 rgba(0,0,0,0.2);\nborder-radius:5px 5px 5px 5px;\npadding:30px 30px 30px 30px;\nbackground-color:#ffffff;\n}\n<\/style>\n<div  class='flex_column av-h28jhq-5aacde04c8247016cd6f60624b6cf291 av_one_full  avia-builder-el-4  avia-builder-el-no-sibling  first no_margin av-break-at-tablet flex_column_table_cell av-equal-height-column av-align-middle av-custom-positioned av-parallax-object shadow-not-animated  ' data-parallax=\"{&quot;parallax&quot;:&quot;no_parallax&quot;,&quot;parallax_speed&quot;:&quot;no_parallax&quot;,&quot;av-desktop-parallax&quot;:&quot;bottom_top&quot;,&quot;av-desktop-parallax_speed&quot;:&quot;70&quot;,&quot;av-medium-parallax&quot;:&quot;inherit&quot;,&quot;av-medium-parallax_speed&quot;:&quot;inherit&quot;,&quot;av-small-parallax&quot;:&quot;inherit&quot;,&quot;av-small-parallax_speed&quot;:&quot;inherit&quot;,&quot;av-mini-parallax&quot;:&quot;inherit&quot;,&quot;av-mini-parallax_speed&quot;:&quot;inherit&quot;,&quot;parallax-container&quot;:&quot;.av-h28jhq-5aacde04c8247016cd6f60624b6cf291&quot;}\"    ><p>\n<style type=\"text\/css\" data-created_by=\"avia_inline_auto\" id=\"style-css-av-fiexta-60da44a0517b6f0ff1ae046ef57aa926\">\n#top .hr.hr-invisible.av-fiexta-60da44a0517b6f0ff1ae046ef57aa926{\nheight:30px;\n}\n<\/style>\n<div  class='hr av-fiexta-60da44a0517b6f0ff1ae046ef57aa926 hr-invisible  avia-builder-el-5  el_before_av_hr  avia-builder-el-first '><span class='hr-inner '><span class=\"hr-inner-style\"><\/span><\/span><\/div><br \/>\n\n<style type=\"text\/css\" data-created_by=\"avia_inline_auto\" id=\"style-css-av-dn5dvy-0f649b322d1b7063032680964ed91105\">\n#top .hr.hr-invisible.av-dn5dvy-0f649b322d1b7063032680964ed91105{\nheight:30px;\n}\n<\/style>\n<div  class='hr av-dn5dvy-0f649b322d1b7063032680964ed91105 hr-invisible  avia-builder-el-6  el_after_av_hr  el_before_av_textblock '><span class='hr-inner '><span class=\"hr-inner-style\"><\/span><\/span><\/div><br \/>\n<section  class='av_textblock_section av-m7adx9pf-9d0dc1affb407ef47ba540afb9af88c1 '   itemscope=\"itemscope\" itemtype=\"https:\/\/schema.org\/CreativeWork\" ><div class='avia_textblock'  itemprop=\"text\" ><p class=\"cvGsUA direction-ltr align-start para-style-body\"><span style=\"font-family: Arial, Helvetica, sans-serif\"><span class=\"a_GcMg font-feature-liga-off font-feature-clig-off font-feature-calt-off text-decoration-none text-strikethrough-none\"><strong>Grube Messel<\/strong>, <\/span><\/span><span class=\"a_GcMg font-feature-liga-off font-feature-clig-off font-feature-calt-off text-decoration-none text-strikethrough-none\" style=\"font-family: Arial, Helvetica, sans-serif\">Ro\u00dfd\u00f6rfer Stra\u00dfe 108, 64409 Messel,\u00a0<strong><a href=\"http:\/\/www.grube-messel.de\">Weitere Info&#8217;s<\/a><\/strong><\/span><\/p>\n<p class=\"cvGsUA direction-ltr align-start para-style-body\"><span style=\"font-family: Arial, Helvetica, sans-serif\"><span class=\"a_GcMg font-feature-liga-off font-feature-clig-off font-feature-calt-off text-decoration-none text-strikethrough-none\"><strong>Mathildenh\u00f6he Darmstadt<\/strong>, <\/span><\/span><span style=\"font-family: Arial, Helvetica, sans-serif\"><span class=\"a_GcMg font-feature-liga-off font-feature-clig-off font-feature-calt-off text-decoration-none text-strikethrough-none\">Olbrichweg 15 64287 Darmstadt, <strong><a href=\"http:\/\/www.mathildenhoehe.de\">Weitere Info&#8217;s<\/a><\/strong><\/span><\/span><\/p>\n<p class=\"cvGsUA direction-ltr align-start para-style-body\"><span class=\"a_GcMg font-feature-liga-off font-feature-clig-off font-feature-calt-off text-decoration-none text-strikethrough-none\" style=\"font-family: Arial, Helvetica, sans-serif\"><strong>Senckenberg Naturmuseum<\/strong> \u00a0<\/span><span class=\"a_GcMg font-feature-liga-off font-feature-clig-off font-feature-calt-off text-decoration-none text-strikethrough-none\" style=\"font-family: Arial, Helvetica, sans-serif\">Senkckenberganlage 25, 60325 Frankfurt,\u00a0<strong><a href=\"http:\/\/www.museumfrankfurt.senckenberg.de\">Weitere Info&#8217;s<\/a><\/strong><\/span><\/p>\n<p class=\"cvGsUA direction-ltr align-start para-style-body\"><span style=\"font-family: Arial, Helvetica, sans-serif\"><span class=\"a_GcMg font-feature-liga-off font-feature-clig-off font-feature-calt-off text-decoration-none text-strikethrough-none\"><strong>Hessisches Landesmuseum<\/strong> <\/span><\/span><span class=\"a_GcMg font-feature-liga-off font-feature-clig-off font-feature-calt-off text-decoration-none text-strikethrough-none\" style=\"font-family: Arial, Helvetica, sans-serif\">Friedensplatz 1, 64283 Darmstadt,\u00a0<strong><a href=\"http:\/\/www.hlmd.de\">Weitere Info&#8217;s<\/a><\/strong><\/span><\/p>\n<p class=\"cvGsUA direction-ltr align-center para-style-body\"><span style=\"font-family: Arial, Helvetica, sans-serif\"><strong>Experimenta-Platz <\/strong>experimenta Parkhaus, Bahnhofstra\u00dfe 6, 74072 Heilbronn\u00a0\u00a0<strong><a href=\"http:\/\/www.experiminta.de\">Weitere Info&#8217;s<\/a><\/strong><\/span><\/p>\n<p class=\"cvGsUA direction-ltr align-center para-style-body\"><span style=\"font-family: Arial, Helvetica, sans-serif\"><strong>Zeppelin Museum<\/strong>, Kapit\u00e4n-Lehmann-Str. 2 63263 Neu-Isenburg \/ Zeppelinheim\u00a0<strong><a href=\"http:\/\/www.zeppelin-museum-zeppelinheim.de\">Weitere Info&#8217;s<\/a><\/strong><\/span><\/p>\n<div class=\"place-name\"><span style=\"font-family: Arial, Helvetica, sans-serif\"><strong>Deutsches Ledermuseum<\/strong>, Frankfurter Str. 86, 63067 Offenbach am Main\u00a0\u00a0<strong><a href=\"http:\/\/www.ledermuseum.de\">Weitere Info&#8217;s<\/a><\/strong><\/span><\/div>\n<div><\/div>\n<div><span style=\"font-family: Arial, Helvetica, sans-serif\"><strong>Arch\u00e4ologisches Museum Frankfurt,<\/strong> Karmelitergasse 1 60311 Frankfurt am Main\u00a0\u00a0<strong><a href=\"http:\/\/www.archaeologisches-museum-frankfurt.de\">Weitere Info&#8217;s<\/a><\/strong><\/span><\/div>\n<p class=\"cvGsUA direction-ltr align-center para-style-body\"><span style=\"font-family: Arial, Helvetica, sans-serif\"><strong>Eintrac\u00adht Frankfurt Museum GmbH<\/strong>, <\/span><span style=\"font-family: Arial, Helvetica, sans-serif\">M\u00f6rfelder Landstra\u00dfe 362, <\/span><span style=\"font-family: Arial, Helvetica, sans-serif\">60528 Frankfurt am Main\u00a0\u00a0<strong><a href=\"http:\/\/www.eintracht-frankfurt-museum.de\">Weitere Info&#8217;s<\/a><\/strong><\/span><\/p>\n<p class=\"cvGsUA direction-ltr align-center para-style-body\"><span style=\"font-family: Arial, Helvetica, sans-serif\"><span class=\"a_GcMg font-feature-liga-off font-feature-clig-off font-feature-calt-off text-decoration-none text-strikethrough-none\"><strong>Geldmuseum der Bundesbank<\/strong>, Wilhelm-Epstein-Stra\u00dfe 14, 60431 Frankfurt am Main <\/span><strong><a class=\"a_GcMg font-feature-liga-off font-feature-clig-off font-feature-calt-off text-decoration-underline text-strikethrough-none\" href=\"http:\/\/www.bundesbank.de\" target=\"_blank\" rel=\"noopener\">Weitere Info&#8217;s<\/a><\/strong><\/span><\/p>\n<p class=\"cvGsUA direction-ltr align-center para-style-body\"><span style=\"font-family: Arial, Helvetica, sans-serif\"><strong>Museum f\u00fcr Kommunikation Frankfurt <\/strong>Schaumainkai 53 (Museumsufer), <\/span><span style=\"font-family: Arial, Helvetica, sans-serif\">60596 Frankfurt am Main\u00a0 \u00a0<strong><a href=\"http:\/\/www.mfk-frankfurt.de\" target=\"_blank\" rel=\"noopener\">Weitere Info&#8217;s<\/a><\/strong><\/span><\/p>\n<p><span style=\"font-family: Arial, Helvetica, sans-serif\"><strong>Struwwelpeter-Museum <\/strong>Hinter dem L\u00e4mmchen 2-4, 60311 Frankfurt am Main \u2013 Neue Altstadt\u00a0\u00a0<strong><a href=\"http:\/\/www.struwwelpeter-museum.de\" target=\"_blank\" rel=\"noopener\">Weitere Info&#8217;s<\/a><\/strong><\/span><\/p>\n<p class=\"cvGsUA direction-ltr align-center para-style-body\"><span style=\"font-family: Arial, Helvetica, sans-serif\"><strong>Deutsches Drachenmuseum<\/strong>, In d. Stadt 2, 64678 Lindenfels\u00a0\u00a0<strong><a href=\"http:\/\/www.deutsches-drachenmuseum.de\" target=\"_blank\" rel=\"noopener\">Weitere Info&#8217;s<\/a><\/strong><\/span><\/p>\n<p><span style=\"font-family: Arial, Helvetica, sans-serif\"><strong>Technik Museum Sinsheim,<\/strong> Museumsplatz 1, 74889 Sinsheim\u00a0\u00a0<strong><a href=\"http:\/\/www.sinsheim.technik-museum.de\">Weitere Info&#8217;s<\/a><\/strong><\/span><\/p>\n<\/div><\/section><\/p><\/div><\/div><!--close column table wrapper. Autoclose: 1 -->\n","protected":false},"excerpt":{"rendered":"","protected":false},"author":167,"featured_media":0,"parent":2694,"menu_order":41,"comment_status":"closed","ping_status":"closed","template":"","meta":{"footnotes":""},"class_list":["post-3017","page","type-page","status-publish","hentry"],"_links":{"self":[{"href":"https:\/\/welcover.com\/camping-steinrodsee\/wp-json\/wp\/v2\/pages\/3017"}],"collection":[{"href":"https:\/\/welcover.com\/camping-steinrodsee\/wp-json\/wp\/v2\/pages"}],"about":[{"href":"https:\/\/welcover.com\/camping-steinrodsee\/wp-json\/wp\/v2\/types\/page"}],"author":[{"embeddable":true,"href":"https:\/\/welcover.com\/camping-steinrodsee\/wp-json\/wp\/v2\/users\/167"}],"replies":[{"embeddable":true,"href":"https:\/\/welcover.com\/camping-steinrodsee\/wp-json\/wp\/v2\/comments?post=3017"}],"version-history":[{"count":4,"href":"https:\/\/welcover.com\/camping-steinrodsee\/wp-json\/wp\/v2\/pages\/3017\/revisions"}],"predecessor-version":[{"id":3218,"href":"https:\/\/welcover.com\/camping-steinrodsee\/wp-json\/wp\/v2\/pages\/3017\/revisions\/3218"}],"up":[{"embeddable":true,"href":"https:\/\/welcover.com\/camping-steinrodsee\/wp-json\/wp\/v2\/pages\/2694"}],"wp:attachment":[{"href":"https:\/\/welcover.com\/camping-steinrodsee\/wp-json\/wp\/v2\/media?parent=3017"}],"curies":[{"name":"wp","href":"https:\/\/api.w.org\/{rel}","templated":true}]}}