{"id":2623,"date":"2024-09-08T08:26:43","date_gmt":"2024-09-08T08:26:43","guid":{"rendered":"https:\/\/welcover.com\/klookris15\/gaestemappe\/willkommen-copy\/"},"modified":"2024-10-17T13:31:00","modified_gmt":"2024-10-17T13:31:00","slug":"ausflugtipps","status":"publish","type":"page","link":"https:\/\/welcover.com\/klookris15\/gaestemappe\/ausflugtipps\/","title":{"rendered":"Ausflugtipps"},"content":{"rendered":"\n<style type=\"text\/css\" data-created_by=\"avia_inline_auto\" id=\"style-css-av-8ruxvj-c5c770a7d4669700bf37804b5ac5f391\">\n.avia-section.av-8ruxvj-c5c770a7d4669700bf37804b5ac5f391{\nbackground-color:#adb93b;\nbackground-image:unset;\n}\n<\/style>\n<div id='av_section_1'  class='avia-section av-8ruxvj-c5c770a7d4669700bf37804b5ac5f391 main_color avia-section-default avia-no-border-styling  avia-builder-el-0  el_before_av_section  avia-builder-el-first  avia-bg-style-scroll av-minimum-height av-minimum-height-25 av-height-25  container_wrap fullsize'   data-av_minimum_height_pc='25' data-av_min_height_opt='25'><div class='container av-section-cont-open' ><main  role=\"main\" itemprop=\"mainContentOfPage\"  class='template-page content  av-content-full alpha units'><div class='post-entry post-entry-type-page post-entry-2623'><div class='entry-content-wrapper clearfix'>\n\n<style type=\"text\/css\" data-created_by=\"avia_inline_auto\" id=\"style-css-av-pyrpr-8d194ed6fc6e9daa5a0390ef035ac7f9\">\n.flex_column.av-pyrpr-8d194ed6fc6e9daa5a0390ef035ac7f9{\nborder-radius:10px 10px 10px 10px;\npadding:5% 5% 5% 5%;\n}\n<\/style>\n<div  class='flex_column av-pyrpr-8d194ed6fc6e9daa5a0390ef035ac7f9 av_one_full  avia-builder-el-1  avia-builder-el-no-sibling  first flex_column_div  '     ><style type=\"text\/css\" data-created_by=\"avia_inline_auto\" id=\"style-css-av-m0tis7js-0c72aa029b7a39fe274913a8f39191f4\">\n#top .av-special-heading.av-m0tis7js-0c72aa029b7a39fe274913a8f39191f4{\npadding-bottom:10px;\ncolor:#ffffff;\n}\nbody .av-special-heading.av-m0tis7js-0c72aa029b7a39fe274913a8f39191f4 .av-special-heading-tag .heading-char{\nfont-size:25px;\n}\n.av-special-heading.av-m0tis7js-0c72aa029b7a39fe274913a8f39191f4 .special-heading-inner-border{\nborder-color:#ffffff;\n}\n.av-special-heading.av-m0tis7js-0c72aa029b7a39fe274913a8f39191f4 .av-subheading{\nfont-size:15px;\n}\n<\/style>\n<div  class='av-special-heading av-m0tis7js-0c72aa029b7a39fe274913a8f39191f4 av-special-heading-h1 custom-color-heading blockquote modern-quote modern-centered  avia-builder-el-2  avia-builder-el-no-sibling '><h1 class='av-special-heading-tag '  itemprop=\"headline\"  >Ausfl\u00fcge<\/h1><div class=\"special-heading-border\"><div class=\"special-heading-inner-border\"><\/div><\/div><\/div><\/div>\n\n<\/div><\/div><\/main><!-- close content main element --><\/div><\/div>\n<style type=\"text\/css\" data-created_by=\"avia_inline_auto\" id=\"style-css-av-m0tismn7-06186ca77112a71b5673bcfd167ba28b\">\n.avia-section.av-m0tismn7-06186ca77112a71b5673bcfd167ba28b{\nmargin-top:0px;\nmargin-bottom:30px;\nz-index:10;\nposition:relative;\n}\n.av-curtain-footer.av-curtain-activated #main .avia-section.av-m0tismn7-06186ca77112a71b5673bcfd167ba28b{\nz-index:10;\n}\n<\/style>\n<div id='av_section_2'  class='avia-section av-m0tismn7-06186ca77112a71b5673bcfd167ba28b main_color avia-section-default avia-no-border-styling  avia-builder-el-3  el_after_av_section  avia-builder-el-last  avia-bg-style-scroll av-custom-positioned container_wrap fullsize'  ><div class='container av-section-cont-open' ><div class='template-page content  av-content-full alpha units'><div class='post-entry post-entry-type-page post-entry-2623'><div class='entry-content-wrapper clearfix'>\n<div class='flex_column_table av-5bhpbj-4ee4a816ef5b733e3fde22078dfd7c09 sc-av_one_full av-break-at-tablet-flextable av-equal-height-column-flextable'>\n<style type=\"text\/css\" data-created_by=\"avia_inline_auto\" id=\"style-css-av-5bhpbj-4ee4a816ef5b733e3fde22078dfd7c09\">\n@keyframes av_boxShadowEffect_av-5bhpbj-4ee4a816ef5b733e3fde22078dfd7c09-column {\n0%   { box-shadow:  0 0 0 0 rgba(0,0,0,0.2); opacity: 1; }\n100% { box-shadow:  0 0 5px 0 rgba(0,0,0,0.2); opacity: 1; }\n}\n#top .flex_column_table.av-equal-height-column-flextable.av-5bhpbj-4ee4a816ef5b733e3fde22078dfd7c09{\nmargin-top:-100px;\nmargin-bottom:0px;\n}\n.flex_column.av-5bhpbj-4ee4a816ef5b733e3fde22078dfd7c09{\nz-index:99;\nbox-shadow: 0 0 5px 0 rgba(0,0,0,0.2);\nborder-radius:5px 5px 5px 5px;\npadding:30px 30px 30px 30px;\nbackground-color:#ffffff;\n}\n<\/style>\n<div  class='flex_column av-5bhpbj-4ee4a816ef5b733e3fde22078dfd7c09 av_one_full  avia-builder-el-4  avia-builder-el-no-sibling  first no_margin av-break-at-tablet flex_column_table_cell av-equal-height-column av-align-middle av-custom-positioned av-parallax-object shadow-not-animated  ' data-parallax=\"{&quot;parallax&quot;:&quot;no_parallax&quot;,&quot;parallax_speed&quot;:&quot;no_parallax&quot;,&quot;av-desktop-parallax&quot;:&quot;bottom_top&quot;,&quot;av-desktop-parallax_speed&quot;:&quot;70&quot;,&quot;av-medium-parallax&quot;:&quot;inherit&quot;,&quot;av-medium-parallax_speed&quot;:&quot;inherit&quot;,&quot;av-small-parallax&quot;:&quot;inherit&quot;,&quot;av-small-parallax_speed&quot;:&quot;inherit&quot;,&quot;av-mini-parallax&quot;:&quot;inherit&quot;,&quot;av-mini-parallax_speed&quot;:&quot;inherit&quot;,&quot;parallax-container&quot;:&quot;.av-5bhpbj-4ee4a816ef5b733e3fde22078dfd7c09&quot;}\"    ><p>\n<style type=\"text\/css\" data-created_by=\"avia_inline_auto\" id=\"style-css-av-m0tisfqj-6c2d295abcd4d136f27b94996d96a61d\">\n.avia-image-container.av-m0tisfqj-6c2d295abcd4d136f27b94996d96a61d img.avia_image{\nbox-shadow:none;\n}\n.avia-image-container.av-m0tisfqj-6c2d295abcd4d136f27b94996d96a61d .av-image-caption-overlay-center{\ncolor:#ffffff;\n}\n<\/style>\n<div  class='avia-image-container av-m0tisfqj-6c2d295abcd4d136f27b94996d96a61d av-styling- avia_animated_image av-animated-when-visible-95 fade-in avia-align-center  avia-builder-el-5  el_before_av_hr  avia-builder-el-first '   itemprop=\"image\" itemscope=\"itemscope\" itemtype=\"https:\/\/schema.org\/ImageObject\" ><div class=\"avia-image-container-inner\"><div class=\"avia-image-overlay-wrap\"><img decoding=\"async\" fetchpriority=\"high\" class='wp-image-2613 avia-img-lazy-loading-not-2613 avia_image ' src=\"https:\/\/welcover.com\/klookris15\/wp-content\/uploads\/sites\/7\/fohr-3616646_1280-645x.jpg\" alt='' title=''  height=\"484\" width=\"645\"  itemprop=\"thumbnailUrl\" srcset=\"https:\/\/welcover.com\/klookris15\/wp-content\/uploads\/sites\/7\/fohr-3616646_1280-645x.jpg 645w, https:\/\/welcover.com\/klookris15\/wp-content\/uploads\/sites\/7\/fohr-3616646_1280-645x-300x225.jpg 300w, https:\/\/welcover.com\/klookris15\/wp-content\/uploads\/sites\/7\/fohr-3616646_1280-645x-400x300.jpg 400w\" sizes=\"(max-width: 645px) 100vw, 645px\" \/><\/div><\/div><\/div><br \/>\n\n<style type=\"text\/css\" data-created_by=\"avia_inline_auto\" id=\"style-css-av-4d5ukv-e33e82f82e1afb8a0cc1d4b5570fb2ac\">\n#top .hr.hr-invisible.av-4d5ukv-e33e82f82e1afb8a0cc1d4b5570fb2ac{\nheight:30px;\n}\n<\/style>\n<div  class='hr av-4d5ukv-e33e82f82e1afb8a0cc1d4b5570fb2ac hr-invisible  avia-builder-el-6  el_after_av_image  el_before_av_hr '><span class='hr-inner '><span class=\"hr-inner-style\"><\/span><\/span><\/div><br \/>\n\n<style type=\"text\/css\" data-created_by=\"avia_inline_auto\" id=\"style-css-av-2rmiof-64694b516d29564e791f46af9f27a2df\">\n#top .hr.hr-invisible.av-2rmiof-64694b516d29564e791f46af9f27a2df{\nheight:30px;\n}\n<\/style>\n<div  class='hr av-2rmiof-64694b516d29564e791f46af9f27a2df hr-invisible  avia-builder-el-7  el_after_av_hr  el_before_av_textblock '><span class='hr-inner '><span class=\"hr-inner-style\"><\/span><\/span><\/div><br \/>\n<section  class='av_textblock_section av-m0tit8zz-a49e26718295ad2ed07f2bcdedb5b3c5 '   itemscope=\"itemscope\" itemtype=\"https:\/\/schema.org\/CreativeWork\" ><div class='avia_textblock'  itemprop=\"text\" ><p>Als erstes sei der\u00a0<strong>Nationalpark Wattenmeer<\/strong>\u00a0genannt. Hier k\u00f6nnen die Gezeiten direkt verfolgt werden. Doch auch sei die abwechslungsreiche und sehr reizvolle\u00a0<strong>Insel- und Halligwelt<\/strong>\u00a0im nordfriesischen Wattenmeer genannt. Von Nieb\u00fcll aus ist z.B. die\u00a0<strong>Insel Sylt<\/strong> mit der Bahn leicht zu erreichen. Doch auch die <strong>Inseln F\u00f6hr und Amrum<\/strong>\u00a0sind mit der Bahn ab Nieb\u00fcll (mit der neg-Bahn) zu erreichen. Erst geht es zum F\u00e4hranleger und dann weiter mit den F\u00e4hren der Wyker Dampschiffreederei (W.D.R) im Rahmen einer \u201eMini-Kreuzfahrt\u201c zu den Inseln. Auch die Seehundb\u00e4nke mitten in der Nordsee sollten Sie erkunden.<\/p>\n<p>Nur ein kurzer Weg ist es auch nach D\u00e4nemark. Die\u00a0<strong>Grenzstadt Tondern<\/strong>\u00a0ist schnell mit dem Auto aber auch mit der Bahn ab Nieb\u00fcll zu erreichen. Wir empfehlen einen Besuch der \u201eDet Gamle Apotek\u201c und der Cafes im Ort.<\/p>\n<p>Auch das\u00a0<strong>Nolde-Museum<\/strong>\u00a0mit seinem herrlichen Garten in Seeb\u00fcll sollten Sie besuchen. Dort werden auch F\u00fchrungen angeboten (telefonische Voranmeldung unter <a href=\"tel:+494664983930\">+49 (0) 4664- 98 39 30<\/a>,\u00a0<a href=\"http:\/\/www.nolde-stiftung.de\/\" target=\"_blank\" rel=\"noopener\">www.nolde-stiftung.de<\/a>).<\/p>\n<p>Die St\u00e4dte\u00a0<strong>Flensburg<\/strong>\u00a0an der Flensburger F\u00f6rde,\u00a0<strong>Husum<\/strong>, oder auch\u00a0<strong>Schleswig<\/strong>\u00a0sind schnell zu erreichen und einen Tagesausflug wert. F\u00fcr Kinder lohnt sich auch ein Ausflug in die\u00a0<strong>Tolk-Schau<\/strong>\u00a0bei Schleswig oder in den Mr. Scandis Funpark im Scandinavian Park in Handewitt. Von Flensburg aus ist es \u00fcbrigens nur noch ein \u201eKatzensprung\u201c nach\u00a0<strong>Gl\u00fccksburg<\/strong>\u00a0mit seinem sch\u00f6nen Wasserschloss.<\/p>\n<p>Das\u00a0<strong>Eidersperrwerk<\/strong>\u00a0oder auch das\u00a0<strong>Wattforum in T\u00f6nning<\/strong>\u00a0sowie die Grachtenstadt\u00a0<strong>Friedrichstadt<\/strong>\u00a0sollten Sie besuchen, z.B. auf dem Weg nach\u00a0<strong>St. Peter Ording<\/strong>\u00a0in Eiderstedt. Wenn Sie schon in dieser Gegend sind, vers\u00e4umen Sie auf keinen Fall eine\u00a0Tasse Kaffee und ein sch\u00f6nes St\u00fcck Torte oder ein Abendessen im\u00a0<strong>\u201eRoten Haubarg\u201c<\/strong>\u00a0im\u00a0Ort Witzwort. Der Rote Haubarg ist ein historischer Bauernhof aus dem 17. Jahrhundert und ist mit einem riesigen Reetdach eingedeckt. Die Gr\u00f6\u00dfe der Tortenst\u00fccke ist weit \u00fcber Eiderstedt und Nordfrieslands hinaus bekannt.<\/p>\n<p>Dieser G\u00e4stemappe haben wir einige Zusatzinformationen und Ausflugsm\u00f6glichkeiten als Anlage beigef\u00fcgt. So bietet z.B. auch die Wyker Dampfschiff Reederei (W.D.R) einige sch\u00f6ne Tagesausfl\u00fcge an. Weitere Informationen finden Sie unter\u00a0<span style=\"word-break: break-all;\"><a href=\"https:\/\/www.faehre.de\/ausflugsfahrten\/ab-dagebuell\" target=\"_blank\" rel=\"noopener\">https:\/\/www.faehre.de\/ausflugsfahrten\/ab-dagebuell<\/a><\/span>.<\/p>\n<p>Ansonsten geben wir\u00a0 Ihnen gerne folgende Tipps:<\/p>\n<ul>\n<li>Besichtigung des Herrenhauses Hoyerswort und im Anschluss einen leckeren Kuchen und eine Tasse Kaffee genie\u00dfen (<a href=\"https:\/\/www.hoyerswort.de\/\" target=\"_blank\" rel=\"noopener\">https:\/\/www.hoyerswort.de\/<\/a>)<\/li>\n<li>Besichtigung des Leuchtturmes Westerhever (bitte informieren Sie sich \u00fcber potentielle Anmeldungen f\u00fcr eine Besichtigung unter\u00a0<a href=\"https:\/\/westerhever-nordsee.de\/turmfuehrungen.html\" target=\"_blank\" rel=\"noopener\">https:\/\/www.westerhever-nordsee.de\/turmfuehrungen.html<\/a>)<\/li>\n<li>Besuch des K\u00f6nigspesels auf der Hallig Hooge (<a href=\"https:\/\/museen.de\/koenigspesel-hallig-hooge.html\" target=\"_blank\" rel=\"noopener\">https:\/\/museen.de\/koenigspesel-hallig-hooge.html<\/a>)<\/li>\n<li>\u201eHoll\u00e4nderst\u00e4dtchen\u201c Friedrichstadt mit seinen herrlichen Grachten und Seerosen auf dem Fluss \u201eTreene\u201c<\/li>\n<li>Die Stadt Flensburg mit seinen sch\u00f6nen Innenh\u00f6fen und der Flensburger Bucht laden zum Flanieren aber auch zum Shoppen ein,.<\/li>\n<\/ul>\n<p>Eine Wattwanderung ist in der Tat auch sehr zu empfehlen. Diese sind aber bitte stets in Begleitung eines Wattf\u00fchrers durchzuf\u00fchren!<\/p>\n<p>So haben Sie die M\u00f6glichkeit bei jedem Wetter Ihr eigenes Programm zu gestalten.<\/p>\n<\/div><\/section><\/p><\/div><\/div><!--close column table wrapper. Autoclose: 1 -->\n","protected":false},"excerpt":{"rendered":"","protected":false},"author":1,"featured_media":0,"parent":2550,"menu_order":33,"comment_status":"closed","ping_status":"closed","template":"","meta":{"footnotes":""},"class_list":["post-2623","page","type-page","status-publish","hentry"],"_links":{"self":[{"href":"https:\/\/welcover.com\/klookris15\/wp-json\/wp\/v2\/pages\/2623"}],"collection":[{"href":"https:\/\/welcover.com\/klookris15\/wp-json\/wp\/v2\/pages"}],"about":[{"href":"https:\/\/welcover.com\/klookris15\/wp-json\/wp\/v2\/types\/page"}],"author":[{"embeddable":true,"href":"https:\/\/welcover.com\/klookris15\/wp-json\/wp\/v2\/users\/1"}],"replies":[{"embeddable":true,"href":"https:\/\/welcover.com\/klookris15\/wp-json\/wp\/v2\/comments?post=2623"}],"version-history":[{"count":8,"href":"https:\/\/welcover.com\/klookris15\/wp-json\/wp\/v2\/pages\/2623\/revisions"}],"predecessor-version":[{"id":3036,"href":"https:\/\/welcover.com\/klookris15\/wp-json\/wp\/v2\/pages\/2623\/revisions\/3036"}],"up":[{"embeddable":true,"href":"https:\/\/welcover.com\/klookris15\/wp-json\/wp\/v2\/pages\/2550"}],"wp:attachment":[{"href":"https:\/\/welcover.com\/klookris15\/wp-json\/wp\/v2\/media?parent=2623"}],"curies":[{"name":"wp","href":"https:\/\/api.w.org\/{rel}","templated":true}]}}