{"id":2627,"date":"2024-09-08T08:27:49","date_gmt":"2024-09-08T08:27:49","guid":{"rendered":"https:\/\/welcover.com\/klookris15\/gaestemappe\/technik-anleitungen-copy\/"},"modified":"2024-09-22T04:27:13","modified_gmt":"2024-09-22T04:27:13","slug":"notfall","status":"publish","type":"page","link":"https:\/\/welcover.com\/klookris15\/gaestemappe\/notfall\/","title":{"rendered":"Informationen f\u00fcr den Notfall"},"content":{"rendered":"\n<style type=\"text\/css\" data-created_by=\"avia_inline_auto\" id=\"style-css-av-m0ti2j30-8f9cbf205b33403923634972d9ee20d4\">\n.avia-section.av-m0ti2j30-8f9cbf205b33403923634972d9ee20d4{\nbackground-color:#adb93b;\nbackground-image:unset;\n}\n<\/style>\n<div id='av_section_1'  class='avia-section av-m0ti2j30-8f9cbf205b33403923634972d9ee20d4 main_color avia-section-default avia-no-border-styling  avia-builder-el-0  el_before_av_section  avia-builder-el-first  avia-bg-style-scroll av-minimum-height av-minimum-height-25 av-height-25  container_wrap fullsize'   data-av_minimum_height_pc='25' data-av_min_height_opt='25'><div class='container av-section-cont-open' ><main  role=\"main\" itemprop=\"mainContentOfPage\"  class='template-page content  av-content-full alpha units'><div class='post-entry post-entry-type-page post-entry-2627'><div class='entry-content-wrapper clearfix'>\n\n<style type=\"text\/css\" data-created_by=\"avia_inline_auto\" id=\"style-css-av-rl888z-009c65012201b0323bf9d67590c170d8\">\n.flex_column.av-rl888z-009c65012201b0323bf9d67590c170d8{\nborder-radius:10px 10px 10px 10px;\npadding:5% 5% 5% 5%;\n}\n<\/style>\n<div  class='flex_column av-rl888z-009c65012201b0323bf9d67590c170d8 av_one_full  avia-builder-el-1  avia-builder-el-no-sibling  first flex_column_div  '     ><style type=\"text\/css\" data-created_by=\"avia_inline_auto\" id=\"style-css-av-m0ti1wyt-91d7172a0eebc8b4c08d0705524717b5\">\n#top .av-special-heading.av-m0ti1wyt-91d7172a0eebc8b4c08d0705524717b5{\npadding-bottom:10px;\ncolor:#ffffff;\n}\nbody .av-special-heading.av-m0ti1wyt-91d7172a0eebc8b4c08d0705524717b5 .av-special-heading-tag .heading-char{\nfont-size:25px;\n}\n.av-special-heading.av-m0ti1wyt-91d7172a0eebc8b4c08d0705524717b5 .special-heading-inner-border{\nborder-color:#ffffff;\n}\n.av-special-heading.av-m0ti1wyt-91d7172a0eebc8b4c08d0705524717b5 .av-subheading{\nfont-size:15px;\n}\n<\/style>\n<div  class='av-special-heading av-m0ti1wyt-91d7172a0eebc8b4c08d0705524717b5 av-special-heading-h1 custom-color-heading blockquote modern-quote modern-centered  avia-builder-el-2  avia-builder-el-no-sibling '><h1 class='av-special-heading-tag '  itemprop=\"headline\"  >Informationen f\u00fcr den Notfall<\/h1><div class=\"special-heading-border\"><div class=\"special-heading-inner-border\"><\/div><\/div><\/div><\/div>\n\n<\/div><\/div><\/main><!-- close content main element --><\/div><\/div>\n<style type=\"text\/css\" data-created_by=\"avia_inline_auto\" id=\"style-css-av-2ls1ir-0235965ee0bdcab203ab83042383da01\">\n.avia-section.av-2ls1ir-0235965ee0bdcab203ab83042383da01{\nmargin-top:0px;\nmargin-bottom:30px;\nz-index:10;\nposition:relative;\n}\n.av-curtain-footer.av-curtain-activated #main .avia-section.av-2ls1ir-0235965ee0bdcab203ab83042383da01{\nz-index:10;\n}\n<\/style>\n<div id='willkommen'  class='avia-section av-2ls1ir-0235965ee0bdcab203ab83042383da01 main_color avia-section-default avia-no-border-styling  avia-builder-el-3  el_after_av_section  avia-builder-el-last  avia-bg-style-scroll av-custom-positioned container_wrap fullsize'  ><div class='container av-section-cont-open' ><div class='template-page content  av-content-full alpha units'><div class='post-entry post-entry-type-page post-entry-2627'><div class='entry-content-wrapper clearfix'>\n<div class='flex_column_table av-nnkzpv-0805f269b94ddbaf3877d3376ecdeff3 sc-av_one_full av-break-at-tablet-flextable av-equal-height-column-flextable'>\n<style type=\"text\/css\" data-created_by=\"avia_inline_auto\" id=\"style-css-av-nnkzpv-0805f269b94ddbaf3877d3376ecdeff3\">\n@keyframes av_boxShadowEffect_av-nnkzpv-0805f269b94ddbaf3877d3376ecdeff3-column {\n0%   { box-shadow:  0 0 0 0 rgba(0,0,0,0.2); opacity: 1; }\n100% { box-shadow:  0 0 5px 0 rgba(0,0,0,0.2); opacity: 1; }\n}\n#top .flex_column_table.av-equal-height-column-flextable.av-nnkzpv-0805f269b94ddbaf3877d3376ecdeff3{\nmargin-top:-100px;\nmargin-bottom:0px;\n}\n.flex_column.av-nnkzpv-0805f269b94ddbaf3877d3376ecdeff3{\nz-index:99;\nbox-shadow: 0 0 5px 0 rgba(0,0,0,0.2);\nborder-radius:5px 5px 5px 5px;\npadding:30px 30px 30px 30px;\nbackground-color:#ffffff;\n}\n<\/style>\n<div  class='flex_column av-nnkzpv-0805f269b94ddbaf3877d3376ecdeff3 av_one_full  avia-builder-el-4  avia-builder-el-no-sibling  first no_margin av-break-at-tablet flex_column_table_cell av-equal-height-column av-align-middle av-custom-positioned av-parallax-object shadow-not-animated  ' data-parallax=\"{&quot;parallax&quot;:&quot;no_parallax&quot;,&quot;parallax_speed&quot;:&quot;no_parallax&quot;,&quot;av-desktop-parallax&quot;:&quot;bottom_top&quot;,&quot;av-desktop-parallax_speed&quot;:&quot;70&quot;,&quot;av-medium-parallax&quot;:&quot;inherit&quot;,&quot;av-medium-parallax_speed&quot;:&quot;inherit&quot;,&quot;av-small-parallax&quot;:&quot;inherit&quot;,&quot;av-small-parallax_speed&quot;:&quot;inherit&quot;,&quot;av-mini-parallax&quot;:&quot;inherit&quot;,&quot;av-mini-parallax_speed&quot;:&quot;inherit&quot;,&quot;parallax-container&quot;:&quot;.av-nnkzpv-0805f269b94ddbaf3877d3376ecdeff3&quot;}\"    ><p>\n<style type=\"text\/css\" data-created_by=\"avia_inline_auto\" id=\"style-css-av-mb4isj-347cfcc7b4115292f943aa9ad2af115a\">\n.avia-image-container.av-mb4isj-347cfcc7b4115292f943aa9ad2af115a img.avia_image{\nbox-shadow:none;\n}\n.avia-image-container.av-mb4isj-347cfcc7b4115292f943aa9ad2af115a .av-image-caption-overlay-center{\ncolor:#ffffff;\n}\n<\/style>\n<div  class='avia-image-container av-mb4isj-347cfcc7b4115292f943aa9ad2af115a av-styling- avia_animated_image av-animated-when-visible-95 fade-in avia-align-center  avia-builder-el-5  el_before_av_hr  avia-builder-el-first '   itemprop=\"image\" itemscope=\"itemscope\" itemtype=\"https:\/\/schema.org\/ImageObject\" ><div class=\"avia-image-container-inner\"><div class=\"avia-image-overlay-wrap\"><img decoding=\"async\" fetchpriority=\"high\" class='wp-image-2615 avia-img-lazy-loading-not-2615 avia_image ' src=\"https:\/\/welcover.com\/klookris15\/wp-content\/uploads\/sites\/7\/Notfall-Depositphotos_254171488_xl-2015-2.jpg\" alt='' title=''  height=\"431\" width=\"645\"  itemprop=\"thumbnailUrl\" srcset=\"https:\/\/welcover.com\/klookris15\/wp-content\/uploads\/sites\/7\/Notfall-Depositphotos_254171488_xl-2015-2.jpg 645w, https:\/\/welcover.com\/klookris15\/wp-content\/uploads\/sites\/7\/Notfall-Depositphotos_254171488_xl-2015-2-300x200.jpg 300w\" sizes=\"(max-width: 645px) 100vw, 645px\" \/><\/div><\/div><\/div><br \/>\n\n<style type=\"text\/css\" data-created_by=\"avia_inline_auto\" id=\"style-css-av-257c1f-464b7b1e278bdb7ada28bdf47344ada2\">\n#top .hr.hr-invisible.av-257c1f-464b7b1e278bdb7ada28bdf47344ada2{\nheight:30px;\n}\n<\/style>\n<div  class='hr av-257c1f-464b7b1e278bdb7ada28bdf47344ada2 hr-invisible  avia-builder-el-6  el_after_av_image  el_before_av_hr '><span class='hr-inner '><span class=\"hr-inner-style\"><\/span><\/span><\/div><br \/>\n\n<style type=\"text\/css\" data-created_by=\"avia_inline_auto\" id=\"style-css-av-j3gn3n-bb1424d8131759afca2a368d5c51080c\">\n#top .hr.hr-invisible.av-j3gn3n-bb1424d8131759afca2a368d5c51080c{\nheight:30px;\n}\n<\/style>\n<div  class='hr av-j3gn3n-bb1424d8131759afca2a368d5c51080c hr-invisible  avia-builder-el-7  el_after_av_hr  el_before_av_iconlist '><span class='hr-inner '><span class=\"hr-inner-style\"><\/span><\/span><\/div><br \/>\n\n<style type=\"text\/css\" data-created_by=\"avia_inline_auto\" id=\"style-css-av-i36hhv-6bf91e444e00b5c70f56278d20e12f56\">\n#top .avia-icon-list-container.av-i36hhv-6bf91e444e00b5c70f56278d20e12f56 .iconlist_icon{\ncolor:#ffffff;\nbackground-color:#80b4dc;\n}\n#top .avia-icon-list-container.av-i36hhv-6bf91e444e00b5c70f56278d20e12f56 .iconlist_icon svg:first-child{\nstroke:#ffffff;\nfill:#ffffff;\n}\n.avia-icon-list-container.av-i36hhv-6bf91e444e00b5c70f56278d20e12f56 .iconlist_content{\ncolor:#2d0900;\n}\n<\/style>\n<div  class='avia-icon-list-container av-i36hhv-6bf91e444e00b5c70f56278d20e12f56  avia-builder-el-8  el_after_av_hr  el_before_av_toggle_container '><ul class='avia-icon-list avia_animate_when_almost_visible avia-icon-list-left av-iconlist-small av-i36hhv-6bf91e444e00b5c70f56278d20e12f56 avia-iconlist-animate'>\n<li><div class='iconlist_icon av-fo5zfn-98e52ba7d2a9a17f68c56e75faf77346 avia-font-entypo-fontello avia-iconfont avia-font-entypo-fontello'><span class='av-icon-char' data-av_icon='\ue81e' data-av_iconfont='entypo-fontello' aria-hidden=\"true\"><\/span><\/div><article class=\"article-icon-entry \"  itemscope=\"itemscope\" itemtype=\"https:\/\/schema.org\/CreativeWork\" ><div class=\"iconlist_content_wrap\"><header class=\"entry-content-header\" aria-label=\"Icon: Allgemeine Notfallnummern\"><div class='av_iconlist_title iconlist_title_small  '  itemprop=\"headline\" >Allgemeine Notfallnummern<\/div><\/header><div class='iconlist_content av_inherit_color'  itemprop=\"text\" ><section class=\"av_textblock_section av-22sqgd-20f8f1236b86c21bb622d78d7f167156 \">\n<div class=\"avia_textblock\">\n<ul>\n<li>\u00c4rztlicher Notdienst \u2013 Tel.: <a style=\"text-decoration: none;\" href=\"tel:116117\">116 117<\/a><\/li>\n<li>Feuerwehr und Rettungsdienst \u2013 Tel.: <a style=\"text-decoration: none;\" href=\"tel:112\">112<\/a><\/li>\n<li>Polizei \u2013 Tel.: <a style=\"text-decoration: none;\" href=\"tel:110\">110<\/a><\/li>\n<li>Giftinformationszentrum-Nord \u2013 Tel.: <a style=\"text-decoration: none;\" href=\"tel:+4955119240\">+49 (0) 0551- 19240<\/a><\/li>\n<\/ul>\n<\/div>\n<\/section>\n<\/div><\/div><footer class=\"entry-footer\"><\/footer><\/article><div class=\"iconlist-timeline\"><\/div><\/li>\n<li><div class='iconlist_icon av-dgvwir-37daeff0e3636e4e8d072f76abd3da55 avia-font-entypo-fontello avia-iconfont avia-font-entypo-fontello'><span class='av-icon-char' data-av_icon='\ue835' data-av_iconfont='entypo-fontello' aria-hidden=\"true\"><\/span><\/div><article class=\"article-icon-entry \"  itemscope=\"itemscope\" itemtype=\"https:\/\/schema.org\/CreativeWork\" ><div class=\"iconlist_content_wrap\"><header class=\"entry-content-header\" aria-label=\"Icon: Krankenhaus in Nieb\u00fcll (ca. 5 km)\"><div class='av_iconlist_title iconlist_title_small  '  itemprop=\"headline\" >Krankenhaus in Nieb\u00fcll (ca. 5 km)<\/div><\/header><div class='iconlist_content av_inherit_color'  itemprop=\"text\" ><section class=\"av_textblock_section av-22sqgd-20f8f1236b86c21bb622d78d7f167156 \">\n<div class=\"avia_textblock\">\n<ul>\n<li><strong>Krankenhaus in Nieb\u00fcll (ca. 5 km)<\/strong><br \/>\nKlinikum Nordfriesland<br \/>\nGather Landstra\u00dfe 75 | 25899 Nieb\u00fcll<br \/>\nNotaufnahme: rund um die Uhr ge\u00f6ffnet<br \/>\n<a href=\"https:\/\/www.klinikum-nf.de\/\" target=\"_blank\" rel=\"noopener\">https:\/\/www.klinikum-nf.de\/<\/a><br \/>\nTelefon: <a style=\"text-decoration: none;\" href=\"tel:+494661150\">+49 (0) 4661- 15-0<\/a><\/li>\n<\/ul>\n<\/div>\n<\/section>\n<\/div><\/div><footer class=\"entry-footer\"><\/footer><\/article><div class=\"iconlist-timeline\"><\/div><\/li>\n<li><div class='iconlist_icon av-bqww5v-4fe6304b8c734b79a37f5edf249d4378 avia-font-entypo-fontello avia-iconfont avia-font-entypo-fontello'><span class='av-icon-char' data-av_icon='\ue81e' data-av_iconfont='entypo-fontello' aria-hidden=\"true\"><\/span><\/div><article class=\"article-icon-entry \"  itemscope=\"itemscope\" itemtype=\"https:\/\/schema.org\/CreativeWork\" ><div class=\"iconlist_content_wrap\"><header class=\"entry-content-header\" aria-label=\"Icon: Apotheken in Nieb\u00fcll und Leck\"><div class='av_iconlist_title iconlist_title_small  '  itemprop=\"headline\" >Apotheken in Nieb\u00fcll und Leck<\/div><\/header><div class='iconlist_content av_inherit_color'  itemprop=\"text\" ><section class=\"av_textblock_section av-22sqgd-20f8f1236b86c21bb622d78d7f167156 \">\n<div class=\"avia_textblock\">\n<ul>\n<li><strong>Apotheken in Nieb\u00fcll (ca. 5 km)<\/strong>\n<ul>\n<li>Friesen-Apotheke \u2013 Telefon <a style=\"text-decoration: none;\" href=\"tel:+4946618910\">+49 (0) 4661- 8910<\/a><br \/>\nHauptstr. 35, 25899 Nieb\u00fcll<\/li>\n<li>Apotheke Nieb\u00fcll \u2013 Telefon <a style=\"text-decoration: none;\" href=\"tel:+49466190110\">+49 (0) 4661- 90110<\/a><br \/>\nHauptstr. 49, 25899 Nieb\u00fcll<\/li>\n<li>Flora Friesland Apotheke \u2013 Telefon <a style=\"text-decoration: none;\" href=\"tel:+4946619056500\">+49 (0) 4661- 9056500<\/a><\/li>\n<li>Marktstr. 27, 25899 Nieb\u00fcll<\/li>\n<\/ul>\n<\/li>\n<li><strong>Apotheken in Leck (ca. 8 km)<\/strong>\n<ul>\n<li>Sonnen Apotheke \u2013 Telefon <a style=\"text-decoration: none;\" href=\"tel:+49466287910\">+49 (0) 4662- 87910<\/a><br \/>\nKirchhofstr. 3, 25917 Leck<\/li>\n<li>Kgl. Apotheke Leck \u2013 Telefon <a style=\"text-decoration: none;\" href=\"tel:+4946622220\">+49 (0) 4662- 2220<\/a><br \/>\nMarkt 1, 25917 Leck<\/li>\n<\/ul>\n<\/li>\n<\/ul>\n<\/div>\n<\/section>\n<\/div><\/div><footer class=\"entry-footer\"><\/footer><\/article><div class=\"iconlist-timeline\"><\/div><\/li>\n<li><div class='iconlist_icon av-av0hkj-53b0d509051fcf29dddbe6b34effb8ca avia-font-entypo-fontello avia-iconfont avia-font-entypo-fontello'><span class='av-icon-char' data-av_icon='\ue835' data-av_iconfont='entypo-fontello' aria-hidden=\"true\"><\/span><\/div><article class=\"article-icon-entry \"  itemscope=\"itemscope\" itemtype=\"https:\/\/schema.org\/CreativeWork\" ><div class=\"iconlist_content_wrap\"><header class=\"entry-content-header\" aria-label=\"Icon: \u00c4rzte in Risum-Lindholm\"><div class='av_iconlist_title iconlist_title_small  '  itemprop=\"headline\" >\u00c4rzte in Risum-Lindholm<\/div><\/header><div class='iconlist_content av_inherit_color'  itemprop=\"text\" ><section class=\"av_textblock_section av-22sqgd-20f8f1236b86c21bb622d78d7f167156 \">\n<div class=\"avia_textblock\">\n<ul>\n<li><strong>\u00c4rzte in Risum-Lindholm<\/strong><\/li>\n<li>Mark Oliver Weinhonig und<br \/>\nDr. Frauke Bantin<br \/>\nTelefon <a style=\"text-decoration: none;\" href=\"tel:+49466196640\">+49 (0) 4661- 96640<\/a><br \/>\nK\u00f6sterw\u00e4i 1 a, 25920\u00a0Risum-Lindholm<br \/>\n<a href=\"https:\/\/praxis.risumlindholm.de\/\" target=\"_blank\" rel=\"noopener\">https:\/\/praxis.risumlindholm.de\/<\/a><\/li>\n<li>weitere \u00c4rztinnen und \u00c4rzte verschiedener Fachrichtungen (Zahnarzt, Augenarzt etc.) finden Sie in Nieb\u00fcll und Leck<br \/>\nSuchen Sie hier: <a href=\"https:\/\/gesund.bund.de\/suchen\/aerztinnen-und-aerzte\" target=\"_blank\" rel=\"noopener\">https:\/\/gesund.bund.de\/suchen\/aerztinnen-und-aerzte<\/a><\/li>\n<\/ul>\n<\/div>\n<\/section>\n<\/div><\/div><footer class=\"entry-footer\"><\/footer><\/article><div class=\"iconlist-timeline\"><\/div><\/li>\n<li><div class='iconlist_icon av-77m4cz-1-e537edf78b8c7ae8fb71daa4cf4ad358 avia-font-entypo-fontello avia-iconfont avia-font-entypo-fontello'><span class='av-icon-char' data-av_icon='\ue81e' data-av_iconfont='entypo-fontello' aria-hidden=\"true\"><\/span><\/div><article class=\"article-icon-entry \"  itemscope=\"itemscope\" itemtype=\"https:\/\/schema.org\/CreativeWork\" ><div class=\"iconlist_content_wrap\"><header class=\"entry-content-header\" aria-label=\"Icon: Notfalltelefon Ferienhaus Klookris 15\"><div class='av_iconlist_title iconlist_title_small  '  itemprop=\"headline\" >Notfalltelefon Ferienhaus Klookris 15<\/div><\/header><div class='iconlist_content av_inherit_color'  itemprop=\"text\" ><ul>\n<li><strong>Notfalltelefon Ferienhaus Klookris 15<br \/>\nTel. <a style=\"text-decoration: none;\" href=\"tel:+4916094639449\">+49 (0) 160- 946 39 449<\/a><\/strong><br \/>\nBei Problemen oder Notfallsituationen rund ums Ferienhaus rufen Sie uns bitte unter Notfall-Mobiltelefon Tel. <a style=\"text-decoration: none;\" href=\"tel:+4916094639449\">+49 (0) 160- 946 39 449<\/a> an. Gerne k\u00f6nnen Sie uns auch eine SMS oder WhatsApp-Nachricht senden. Oder senden Sie uns hier eine Direktnachricht.<\/li>\n<\/ul>\n<\/div><\/div><footer class=\"entry-footer\"><\/footer><\/article><div class=\"iconlist-timeline\"><\/div><\/li>\n<\/ul><\/div><br \/>\n\n<style type=\"text\/css\" data-created_by=\"avia_inline_auto\" id=\"style-css-av-m0twf2y9-dc9fc6e11dac36ede7c34afd5fb2fc28\">\n#top .togglecontainer.av-m0twf2y9-dc9fc6e11dac36ede7c34afd5fb2fc28 p.toggler{\nborder-color:#adb93b;\n}\n#top .togglecontainer.av-m0twf2y9-dc9fc6e11dac36ede7c34afd5fb2fc28 .toggle_wrap .toggle_content{\nborder-color:#adb93b;\n}\n<\/style>\n<div  class='togglecontainer av-m0twf2y9-dc9fc6e11dac36ede7c34afd5fb2fc28  avia-builder-el-9  el_after_av_iconlist  avia-builder-el-last  toggle_close_all' >\n<section class='av_toggle_section av-m0twfrvo-3173a36af545fee6dd9404b5150e0749'  itemscope=\"itemscope\" itemtype=\"https:\/\/schema.org\/CreativeWork\" ><div role=\"tablist\" class=\"single_toggle\" data-tags=\"{Alle} \"  ><p id='toggle-toggle-id-1' data-fake-id='#toggle-id-1' class='toggler  av-title-above av-inherit-border-color'  itemprop=\"headline\"  role='tab' tabindex='0' aria-controls='toggle-id-1' data-slide-speed=\"200\" data-title=\"Hinweise zu Unwetter\" data-title-open=\"\" data-aria_collapsed=\"Click to expand: Hinweise zu Unwetter\" data-aria_expanded=\"Click to collapse: Hinweise zu Unwetter\">Hinweise zu Unwetter<span class=\"toggle_icon\"><span class=\"vert_icon\"><\/span><span class=\"hor_icon\"><\/span><\/span><\/p><div id='toggle-id-1' aria-labelledby='toggle-toggle-id-1' role='region' class='toggle_wrap  av-title-above'  ><div class='toggle_content invers-color av-inherit-border-color'  itemprop=\"text\" ><p><strong><u>Merkblatt zur Vorsorge und Selbsthilfe bei Unwetter<\/u><\/strong><\/p>\n<p><strong>Liebe G\u00e4ste,<\/strong><\/p>\n<p>allj\u00e4hrlich im Sommer konnten wir in dieser Region diverse Unwetter in Form von starken Windb\u00f6en, Gewittern oder Starkregen verzeichnen.<\/p>\n<p>Dies ist nicht die Regel und wir w\u00fcnschen Ihnen nat\u00fcrlich sch\u00f6nes Sommerwetter.<\/p>\n<p>Doch als Ihre Gastgeber und Vermieter sehen wir uns in der Verantwortung f\u00fcr Ihre Sicherheit so weit wie m\u00f6glich Vorkehrungen zu treffen. Zumal dieses Ferienhaus mit einem Reetdach eingedeckt ist.<\/p>\n<p>Aus diesem Anlass haben wir daher folgende Hinweise f\u00fcr Sie zusammengestellt. Diese dienen weniger das Sch\u00fcren von Angst, sondern vielmehr Ihnen Anregungen und Hinweise zu geben, wie Sie sich und Ihre Unterkunft sch\u00fctzen k\u00f6nnen.<\/p>\n<p>Dieses Haus hat bisher eine Vielzahl von Unwetter unbeschadet \u00fcberstanden und wir hoffen und w\u00fcnschen Ihnen und uns nat\u00fcrlich, dass es auch in Zukunft derartige extreme Wettersituationen ohne Schaden \u00fcberstehen m\u00f6ge.<\/p>\n<p>Wir w\u00fcnschen Ihnen einen wunderbaren Aufenthalt mit herrlichem Wetter!<\/p>\n<p><strong>___________________________________________________________________<\/strong><\/p>\n<p>Die vorliegenden Hinweise sind in Form eines Auszuges dem\u00a0 \u201e<em>Merkblatt zur Vorsorge und Eigenhilfe\u00a0 &#8211; Bundesamt f\u00fcr Bev\u00f6lkerungsschutz und Katastrophenhilfe\u201c<\/em> entnommen. Diese haben wir um individuelle Anmerkungen erg\u00e4nzt oder die bestehenden Hinweise modifiziert.<\/p>\n<p><strong>Hinweise zu starken Regenschauern (Starkregen):<\/strong><\/p>\n<ul>\n<li>Halten Sie bitte T\u00fcren und Fenster geschlossen, damit keine Regenb\u00f6en Wasser in<\/li>\n<\/ul>\n<p>den Wohnbereich dr\u00fccken k\u00f6nnen.<\/p>\n<ul>\n<li>Achten Sie bitte darauf, dass in den R\u00e4umlichkeiten kein Durchzug entstehen kann, der bei pl\u00f6tzlich zuschlagenden T\u00fcren oder Fenstern zu Bruch f\u00fchrt.<\/li>\n<li>Bedenken Sie, dass starker Wind das Regenwasser schr\u00e4g durch \u00d6ffnungen<\/li>\n<\/ul>\n<p>eindringen lassen kann. Hierdurch k\u00f6nnten eventuell elektrische Ger\u00e4te oder<\/p>\n<p>Anschl\u00fcsse gef\u00e4hrdet werden.<\/p>\n<ul>\n<li>Bei starken Niederschl\u00e4gen kann die Kanalisation \u00fcberfordert werden und das<\/li>\n<\/ul>\n<p>Wasser flie\u00dft m\u00f6glicherweise nur langsam ab. Dadurch k\u00f6nnen Stra\u00dfen \u00fcberfluten.<\/p>\n<p>Beachten Sie, dass dadurch Sch\u00e4den in der Stra\u00dfendecke oder vom<\/p>\n<p>Wasserdruck angehobene Kanaldeckel bedeckt sind und somit zu einer Gefahr<\/p>\n<p>werden k\u00f6nnen<\/p>\n<p><strong>Erg\u00e4nzende Hinweise zu Gewittern: <\/strong><\/p>\n<p>Bei Gewittern, bei denen es zu Blitzentladungen kommt, die ein hohes elektrisches<\/p>\n<p>Potenzial freisetzen, treten hierdurch zus\u00e4tzliche Gefahren auf. Beachten Sie hierbei:<\/p>\n<ul>\n<li>Blitzentladungen suchen sich einen hohen Punkt, z. B. aufragende B\u00e4ume, Masten,<\/li>\n<\/ul>\n<p>Antennen und dergleichen. Halten Sie sich von solchen Objekten fern. Werden Sie<\/p>\n<p>im Freien auf einer Wiese o.\u00e4. \u00fcberrascht, hocken Sie sich mit eng geschlossenen<\/p>\n<p>F\u00fc\u00dfen auf den Fu\u00dfballen zu Boden, m\u00f6glichst in ein er Mulde oder suchen Sie<\/p>\n<p>Schutz in einem Geb\u00e4ude.<\/p>\n<p><em><u>Sollten Sie eine Blitzentladung am oder in das Haus bemerken achten Sie bitte auf<\/u><\/em><\/p>\n<p><em><u>einen evtl. entstandenen Brand und rufen Sie bitte die unverz\u00fcglich die Feuerwehr unter der Rufnummer 112. <\/u><\/em><\/p>\n<p><em><u>Zu Ihrer Sicherheit sind f\u00fcr derartige extreme Situationen ausreichend Feuermelder\/Rauchmelder vom Fachmann installiert worden. Weitergehende Informationen zum Brandschutz entnehmen Sie bitte der Informationsmappe.<\/u><\/em><\/p>\n<ul>\n<li>Verlassen Sie Ihr Kraftfahrzeug nicht und ber\u00fchren Sie im Inneren keine blanken<\/li>\n<\/ul>\n<p>Metallteile. Das Fahrzeug wirkt wie ein Faradayscher K\u00e4fig und leitet elektrische<\/p>\n<p>Entladungen ab, so dass Sie im Inneren gesch\u00fctzt sind.<\/p>\n<ul>\n<li>Halten Sie zu \u00dcberlandleitungen einen Mindestabstand von 50 Metern ein.<\/li>\n<li>Durch die elektrische Entladung eines Blitzes kann es im Stromnetz zu<\/li>\n<\/ul>\n<p>\u00dcberspannungen kommen. Ggf. nehmen Sie bitte Ihr mitgebrachtes empfindliches elektrisches Ger\u00e4t, wie z.B. Notebook, vom Netz.<\/p>\n<ul>\n<li>Ein Blitzeinschlag in das Mauerwerk eines Geb\u00e4udes, kann dieses erheblich<\/li>\n<\/ul>\n<p>besch\u00e4digen. Feuchtigkeit in einer Mauer wird durch den Blitzschlag eventuell<\/p>\n<p>verdampft, es entsteht extremer Druck, der zu Rissen und Br\u00fcchen f\u00fchren kann,<\/p>\n<p>welche die Tragf\u00e4higkeit erheblich beeinflussen k\u00f6nnen<\/p>\n<p><strong>Verhalten nach einem Unwetter <\/strong><\/p>\n<ul>\n<li>Je nach Art des Unwetters bitten wir Sie danach Ihre Unterkunft \/ Ihr Wohnumfeld auf<\/li>\n<\/ul>\n<p>eventuelle Sch\u00e4den wie Wassereinbruch oder Glasbruch etc. kontrollieren.<\/p>\n<p>Bei evtl. Sch\u00e4den setzen Sie sich bitte mit einer in der G\u00e4stemappe (im Kapitel \u201eM\u00e4ngel\u201c) \u00a0genannten Kontaktperson in Verbindung. Wir werden uns dann unverz\u00fcglich um die Behebung des Schadens k\u00fcmmern.<\/p>\n<ul>\n<li>Nehmen Sie elektrische Ger\u00e4te nur in Betrieb, wenn Sie sicher sind, dass diese<\/li>\n<\/ul>\n<p>nicht mit Feuchtigkeit in Ber\u00fchrung gekommen sind.<\/p>\n<ul>\n<li>Wurde jemand verletzt, so leisten Sie erste Hilfe und l\u00f6sen Sie den Notruf aus.<\/li>\n<li>Ist das Geb\u00e4ude besch\u00e4digt, so verlassen Sie es sicherheitshalber und betreten<\/li>\n<\/ul>\n<p>Sie es erst wieder, wenn es von Fachleuten freigegeben wurde.<\/p>\n<ul>\n<li>Wenn nach einem Sturm das Dach besch\u00e4digt wurde und z. B. Dachpfannen der Nebengeb\u00e4ude lose sind und herabzust\u00fcrzen drohen, so halten Sie sich bitte aus dem Sturzbereich fern. Er betr\u00e4gt normalerweise ein Drittel der H\u00f6he vom Boden zur Dachrinne.<\/li>\n<\/ul>\n<p>Verst\u00e4ndigen Sie die Feuerwehr, damit die Gefahr beseitigt werden kann oder<\/p>\n<p>eine Absperrung erfolgt<\/p>\n<p><strong>Wir danken Ihnen recht herzlich f\u00fcr Ihre Aufmerksamkeit!<\/strong><\/p>\n<p><strong><em>Quelle:<\/em><\/strong><em> Auszug aus dem\u00a0 \u201eMerkblatt zur Vorsorge und Eigenhilfe\u00a0 &#8211; Bundesamt f\u00fcr Bev\u00f6lkerungsschutz und Katastrophenhilfe\u201c<\/em><\/p>\n<\/div><\/div><\/div><\/section>\n<\/div><\/p><\/div><\/div><!--close column table wrapper. Autoclose: 1 -->\n","protected":false},"excerpt":{"rendered":"","protected":false},"author":1,"featured_media":0,"parent":2550,"menu_order":40,"comment_status":"closed","ping_status":"closed","template":"","meta":{"footnotes":""},"class_list":["post-2627","page","type-page","status-publish","hentry"],"_links":{"self":[{"href":"https:\/\/welcover.com\/klookris15\/wp-json\/wp\/v2\/pages\/2627"}],"collection":[{"href":"https:\/\/welcover.com\/klookris15\/wp-json\/wp\/v2\/pages"}],"about":[{"href":"https:\/\/welcover.com\/klookris15\/wp-json\/wp\/v2\/types\/page"}],"author":[{"embeddable":true,"href":"https:\/\/welcover.com\/klookris15\/wp-json\/wp\/v2\/users\/1"}],"replies":[{"embeddable":true,"href":"https:\/\/welcover.com\/klookris15\/wp-json\/wp\/v2\/comments?post=2627"}],"version-history":[{"count":22,"href":"https:\/\/welcover.com\/klookris15\/wp-json\/wp\/v2\/pages\/2627\/revisions"}],"predecessor-version":[{"id":3038,"href":"https:\/\/welcover.com\/klookris15\/wp-json\/wp\/v2\/pages\/2627\/revisions\/3038"}],"up":[{"embeddable":true,"href":"https:\/\/welcover.com\/klookris15\/wp-json\/wp\/v2\/pages\/2550"}],"wp:attachment":[{"href":"https:\/\/welcover.com\/klookris15\/wp-json\/wp\/v2\/media?parent=2627"}],"curies":[{"name":"wp","href":"https:\/\/api.w.org\/{rel}","templated":true}]}}