{"id":2631,"date":"2024-09-08T08:28:45","date_gmt":"2024-09-08T08:28:45","guid":{"rendered":"https:\/\/welcover.com\/klookris15\/gaestemappe\/technik-anleitungen-copy\/"},"modified":"2024-09-22T04:31:03","modified_gmt":"2024-09-22T04:31:03","slug":"adressen-und-telefonnummern","status":"publish","type":"page","link":"https:\/\/welcover.com\/klookris15\/gaestemappe\/adressen-und-telefonnummern\/","title":{"rendered":"Adressen und Telefonnummern"},"content":{"rendered":"\n<style type=\"text\/css\" data-created_by=\"avia_inline_auto\" id=\"style-css-av-ogjil3-7e822144a020b76ac3200eecfda911f8\">\n.avia-section.av-ogjil3-7e822144a020b76ac3200eecfda911f8{\nbackground-color:#adb93b;\nbackground-image:unset;\n}\n<\/style>\n<div id='av_section_1'  class='avia-section av-ogjil3-7e822144a020b76ac3200eecfda911f8 main_color avia-section-default avia-no-border-styling  avia-builder-el-0  el_before_av_section  avia-builder-el-first  avia-bg-style-scroll av-minimum-height av-minimum-height-25 av-height-25  container_wrap fullsize'   data-av_minimum_height_pc='25' data-av_min_height_opt='25'><div class='container av-section-cont-open' ><main  role=\"main\" itemprop=\"mainContentOfPage\"  class='template-page content  av-content-full alpha units'><div class='post-entry post-entry-type-page post-entry-2631'><div class='entry-content-wrapper clearfix'>\n\n<style type=\"text\/css\" data-created_by=\"avia_inline_auto\" id=\"style-css-av-m4pgw7-8f3b76b2fedbd68250589e4a1a57b643\">\n.flex_column.av-m4pgw7-8f3b76b2fedbd68250589e4a1a57b643{\nborder-radius:10px 10px 10px 10px;\npadding:5% 5% 5% 5%;\n}\n<\/style>\n<div  class='flex_column av-m4pgw7-8f3b76b2fedbd68250589e4a1a57b643 av_one_full  avia-builder-el-1  avia-builder-el-no-sibling  first flex_column_div  '     ><style type=\"text\/css\" data-created_by=\"avia_inline_auto\" id=\"style-css-av-m0tiipqx-0ea8c8cde08c94c6a56f64ea346df4d7\">\n#top .av-special-heading.av-m0tiipqx-0ea8c8cde08c94c6a56f64ea346df4d7{\npadding-bottom:10px;\ncolor:#ffffff;\n}\nbody .av-special-heading.av-m0tiipqx-0ea8c8cde08c94c6a56f64ea346df4d7 .av-special-heading-tag .heading-char{\nfont-size:25px;\n}\n.av-special-heading.av-m0tiipqx-0ea8c8cde08c94c6a56f64ea346df4d7 .special-heading-inner-border{\nborder-color:#ffffff;\n}\n.av-special-heading.av-m0tiipqx-0ea8c8cde08c94c6a56f64ea346df4d7 .av-subheading{\nfont-size:15px;\n}\n<\/style>\n<div  class='av-special-heading av-m0tiipqx-0ea8c8cde08c94c6a56f64ea346df4d7 av-special-heading-h1 custom-color-heading blockquote modern-quote modern-centered  avia-builder-el-2  avia-builder-el-no-sibling '><h1 class='av-special-heading-tag '  itemprop=\"headline\"  >Adressen und Telefonnummern<\/h1><div class=\"special-heading-border\"><div class=\"special-heading-inner-border\"><\/div><\/div><\/div><\/div>\n\n<\/div><\/div><\/main><!-- close content main element --><\/div><\/div>\n<style type=\"text\/css\" data-created_by=\"avia_inline_auto\" id=\"style-css-av-l6e1l3-509fbfd661d2c4c4ac7e88bb88e9273b\">\n.avia-section.av-l6e1l3-509fbfd661d2c4c4ac7e88bb88e9273b{\nmargin-top:0px;\nmargin-bottom:30px;\nz-index:10;\nposition:relative;\n}\n.av-curtain-footer.av-curtain-activated #main .avia-section.av-l6e1l3-509fbfd661d2c4c4ac7e88bb88e9273b{\nz-index:10;\n}\n<\/style>\n<div id='av_section_2'  class='avia-section av-l6e1l3-509fbfd661d2c4c4ac7e88bb88e9273b main_color avia-section-default avia-no-border-styling  avia-builder-el-3  el_after_av_section  avia-builder-el-last  avia-bg-style-scroll av-custom-positioned container_wrap fullsize'  ><div class='container av-section-cont-open' ><div class='template-page content  av-content-full alpha units'><div class='post-entry post-entry-type-page post-entry-2631'><div class='entry-content-wrapper clearfix'>\n<div class='flex_column_table av-j75yhj-4747b8ec4f017d9d6dccecf6d858ba00 sc-av_one_full av-break-at-tablet-flextable av-equal-height-column-flextable'>\n<style type=\"text\/css\" data-created_by=\"avia_inline_auto\" id=\"style-css-av-j75yhj-4747b8ec4f017d9d6dccecf6d858ba00\">\n@keyframes av_boxShadowEffect_av-j75yhj-4747b8ec4f017d9d6dccecf6d858ba00-column {\n0%   { box-shadow:  0 0 0 0 rgba(0,0,0,0.2); opacity: 1; }\n100% { box-shadow:  0 0 5px 0 rgba(0,0,0,0.2); opacity: 1; }\n}\n#top .flex_column_table.av-equal-height-column-flextable.av-j75yhj-4747b8ec4f017d9d6dccecf6d858ba00{\nmargin-top:-100px;\nmargin-bottom:0px;\n}\n.flex_column.av-j75yhj-4747b8ec4f017d9d6dccecf6d858ba00{\nz-index:99;\nbox-shadow: 0 0 5px 0 rgba(0,0,0,0.2);\nborder-radius:5px 5px 5px 5px;\npadding:30px 30px 30px 30px;\nbackground-color:#ffffff;\n}\n<\/style>\n<div  class='flex_column av-j75yhj-4747b8ec4f017d9d6dccecf6d858ba00 av_one_full  avia-builder-el-4  avia-builder-el-no-sibling  first no_margin av-break-at-tablet flex_column_table_cell av-equal-height-column av-align-middle av-custom-positioned av-parallax-object shadow-not-animated  ' data-parallax=\"{&quot;parallax&quot;:&quot;no_parallax&quot;,&quot;parallax_speed&quot;:&quot;no_parallax&quot;,&quot;av-desktop-parallax&quot;:&quot;bottom_top&quot;,&quot;av-desktop-parallax_speed&quot;:&quot;70&quot;,&quot;av-medium-parallax&quot;:&quot;inherit&quot;,&quot;av-medium-parallax_speed&quot;:&quot;inherit&quot;,&quot;av-small-parallax&quot;:&quot;inherit&quot;,&quot;av-small-parallax_speed&quot;:&quot;inherit&quot;,&quot;av-mini-parallax&quot;:&quot;inherit&quot;,&quot;av-mini-parallax_speed&quot;:&quot;inherit&quot;,&quot;parallax-container&quot;:&quot;.av-j75yhj-4747b8ec4f017d9d6dccecf6d858ba00&quot;}\"    ><p>\n<style type=\"text\/css\" data-created_by=\"avia_inline_auto\" id=\"style-css-av-gqf31z-5a1b992ec52d53c48ab881508d631ed7\">\n.avia-image-container.av-gqf31z-5a1b992ec52d53c48ab881508d631ed7 img.avia_image{\nbox-shadow:none;\n}\n.avia-image-container.av-gqf31z-5a1b992ec52d53c48ab881508d631ed7 .av-image-caption-overlay-center{\ncolor:#ffffff;\n}\n<\/style>\n<div  class='avia-image-container av-gqf31z-5a1b992ec52d53c48ab881508d631ed7 av-styling- avia_animated_image av-animated-when-visible-95 fade-in avia-align-center  avia-builder-el-5  el_before_av_hr  avia-builder-el-first '   itemprop=\"image\" itemscope=\"itemscope\" itemtype=\"https:\/\/schema.org\/ImageObject\" ><div class=\"avia-image-container-inner\"><div class=\"avia-image-overlay-wrap\"><img decoding=\"async\" fetchpriority=\"high\" class='wp-image-2611 avia-img-lazy-loading-not-2611 avia_image ' src=\"https:\/\/welcover.com\/klookris15\/wp-content\/uploads\/sites\/7\/Adressen-Depositphotos_54203315_xl-2015.jpg\" alt='' title=''  height=\"413\" width=\"645\"  itemprop=\"thumbnailUrl\" srcset=\"https:\/\/welcover.com\/klookris15\/wp-content\/uploads\/sites\/7\/Adressen-Depositphotos_54203315_xl-2015.jpg 645w, https:\/\/welcover.com\/klookris15\/wp-content\/uploads\/sites\/7\/Adressen-Depositphotos_54203315_xl-2015-300x192.jpg 300w\" sizes=\"(max-width: 645px) 100vw, 645px\" \/><\/div><\/div><\/div><br \/>\n\n<style type=\"text\/css\" data-created_by=\"avia_inline_auto\" id=\"style-css-av-f2t5yv-a3b50ef57e9da91e956f0468eb62bd8f\">\n#top .hr.hr-invisible.av-f2t5yv-a3b50ef57e9da91e956f0468eb62bd8f{\nheight:30px;\n}\n<\/style>\n<div  class='hr av-f2t5yv-a3b50ef57e9da91e956f0468eb62bd8f hr-invisible  avia-builder-el-6  el_after_av_image  el_before_av_hr '><span class='hr-inner '><span class=\"hr-inner-style\"><\/span><\/span><\/div><br \/>\n\n<style type=\"text\/css\" data-created_by=\"avia_inline_auto\" id=\"style-css-av-ehmcjr-b45edec7d18c1db487a4e1a54c89421c\">\n#top .hr.hr-invisible.av-ehmcjr-b45edec7d18c1db487a4e1a54c89421c{\nheight:30px;\n}\n<\/style>\n<div  class='hr av-ehmcjr-b45edec7d18c1db487a4e1a54c89421c hr-invisible  avia-builder-el-7  el_after_av_hr  el_before_av_iconlist '><span class='hr-inner '><span class=\"hr-inner-style\"><\/span><\/span><\/div><br \/>\n\n<style type=\"text\/css\" data-created_by=\"avia_inline_auto\" id=\"style-css-av-cmdv7b-dca793e5c9f8f8a3ccd8cbaf83904b6f\">\n#top .avia-icon-list-container.av-cmdv7b-dca793e5c9f8f8a3ccd8cbaf83904b6f .iconlist_icon{\ncolor:#ffffff;\nbackground-color:#80b4dc;\n}\n#top .avia-icon-list-container.av-cmdv7b-dca793e5c9f8f8a3ccd8cbaf83904b6f .iconlist_icon svg:first-child{\nstroke:#ffffff;\nfill:#ffffff;\n}\n.avia-icon-list-container.av-cmdv7b-dca793e5c9f8f8a3ccd8cbaf83904b6f .iconlist_content{\ncolor:#2d0900;\n}\n<\/style>\n<div  class='avia-icon-list-container av-cmdv7b-dca793e5c9f8f8a3ccd8cbaf83904b6f  avia-builder-el-8  el_after_av_hr  avia-builder-el-last '><ul class='avia-icon-list avia_animate_when_almost_visible avia-icon-list-left av-iconlist-small av-cmdv7b-dca793e5c9f8f8a3ccd8cbaf83904b6f avia-iconlist-animate'>\n<li><div class='iconlist_icon av-b4zpo7-19e42ff59a7304fe968682548e07de81 avia-font-entypo-fontello avia-iconfont avia-font-entypo-fontello'><span class='av-icon-char' data-av_icon='\ue81e' data-av_iconfont='entypo-fontello' aria-hidden=\"true\"><\/span><\/div><article class=\"article-icon-entry \"  itemscope=\"itemscope\" itemtype=\"https:\/\/schema.org\/CreativeWork\" ><div class=\"iconlist_content_wrap\"><header class=\"entry-content-header\" aria-label=\"Icon: Allgemeine \u00e4rztliche Telefonnummern\"><div class='av_iconlist_title iconlist_title_small  '  itemprop=\"headline\" >Allgemeine \u00e4rztliche Telefonnummern<\/div><\/header><div class='iconlist_content av_inherit_color'  itemprop=\"text\" ><section class=\"av_textblock_section av-22sqgd-20f8f1236b86c21bb622d78d7f167156 \">\n<div class=\"avia_textblock\">\n<ul>\n<li>Giftnotruf der Charit\u00e9 Universit\u00e4tsmedizin Berlin: Tel.: <a style=\"text-decoration: none;\" href=\"tel:+493019240\">+49 (0) 30- 19240<\/a><\/li>\n<li>\u00c4rztlicher Bereitschaftsdienst: Tel.: <a style=\"text-decoration: none;\" href=\"tel:116117\">116 117<\/a><\/li>\n<li>Servicenummer f\u00fcr zahn\u00e4rztliche Notf\u00e4lle: Tel.: <a style=\"text-decoration: none;\" href=\"tel:+491805996363\">+49 (0) 1805- 996363<\/a> (14 cent\/min.)<\/li>\n<\/ul>\n<\/div>\n<\/section>\n<\/div><\/div><footer class=\"entry-footer\"><\/footer><\/article><div class=\"iconlist-timeline\"><\/div><\/li>\n<li><div class='iconlist_icon av-8lqe2f-2196497c950b7e8b250a3a246e61d049 avia-font-entypo-fontello avia-iconfont avia-font-entypo-fontello'><span class='av-icon-char' data-av_icon='\ue81e' data-av_iconfont='entypo-fontello' aria-hidden=\"true\"><\/span><\/div><article class=\"article-icon-entry \"  itemscope=\"itemscope\" itemtype=\"https:\/\/schema.org\/CreativeWork\" ><div class=\"iconlist_content_wrap\"><header class=\"entry-content-header\" aria-label=\"Icon: Haus\u00e4rzte\"><div class='av_iconlist_title iconlist_title_small  '  itemprop=\"headline\" >Haus\u00e4rzte<\/div><\/header><div class='iconlist_content av_inherit_color'  itemprop=\"text\" ><p>Gemeinschaftspraxis<br \/>\nDethlefsen, Schmidt und S\u00f6rensen-Gregersen<br \/>\nMarktstra\u00dfe 27, 25899 Nieb\u00fcll<br \/>\nTel.: <a style=\"text-decoration: none;\" href=\"tel:+4946613200\">+49 (0) 4661- 3200<\/a><\/p>\n<\/div><\/div><footer class=\"entry-footer\"><\/footer><\/article><div class=\"iconlist-timeline\"><\/div><\/li>\n<li><div class='iconlist_icon av-7j47rr-b04d610d23eb6eb39f63218d24455ec5 avia-font-entypo-fontello avia-iconfont avia-font-entypo-fontello'><span class='av-icon-char' data-av_icon='\ue81e' data-av_iconfont='entypo-fontello' aria-hidden=\"true\"><\/span><\/div><article class=\"article-icon-entry \"  itemscope=\"itemscope\" itemtype=\"https:\/\/schema.org\/CreativeWork\" ><div class=\"iconlist_content_wrap\"><header class=\"entry-content-header\" aria-label=\"Icon: Augenarzt\"><div class='av_iconlist_title iconlist_title_small  '  itemprop=\"headline\" >Augenarzt<\/div><\/header><div class='iconlist_content av_inherit_color'  itemprop=\"text\" ><p>Dr. med. Detlef Zimmermann<br \/>\nHauptstra\u00dfe 56, 25899 Nieb\u00fcll<br \/>\nTel.: <a style=\"text-decoration: none;\" href=\"tel:+49466167249\">+49 (0) 4661- 67249<\/a><\/p>\n<\/div><\/div><footer class=\"entry-footer\"><\/footer><\/article><div class=\"iconlist-timeline\"><\/div><\/li>\n<li><div class='iconlist_icon av-65j0sn-fe590a0749143ee30762aea225a880fe avia-font-entypo-fontello avia-iconfont avia-font-entypo-fontello'><span class='av-icon-char' data-av_icon='\ue81e' data-av_iconfont='entypo-fontello' aria-hidden=\"true\"><\/span><\/div><article class=\"article-icon-entry \"  itemscope=\"itemscope\" itemtype=\"https:\/\/schema.org\/CreativeWork\" ><div class=\"iconlist_content_wrap\"><header class=\"entry-content-header\" aria-label=\"Icon: Kinder\u00e4rzte\"><div class='av_iconlist_title iconlist_title_small  '  itemprop=\"headline\" >Kinder\u00e4rzte<\/div><\/header><div class='iconlist_content av_inherit_color'  itemprop=\"text\" ><p>Medizinisches Versorgungszentrum Nieb\u00fcll<br \/>\nBahnhofstr. 24, 25899 Nieb\u00fcll<br \/>\nTel.: <a style=\"text-decoration: none;\" href=\"tel:+494661937220\">+49 (0) 4661- 93722-0<\/a><\/p>\n<p>\u2014<\/p>\n<p>Dr. med Joachim H\u00e4felein<br \/>\nFriedrichsallee 16, 25821 Bredstedt<br \/>\nTel.: <a style=\"text-decoration: none;\" href=\"tel:+4946613088\">+49 (0) 4661- 3088<\/a><\/p>\n<\/div><\/div><footer class=\"entry-footer\"><\/footer><\/article><div class=\"iconlist-timeline\"><\/div><\/li>\n<li><div class='iconlist_icon av-3ql3br-2095818cd7a737e7392688c7b2c7dfb4 avia-font-entypo-fontello avia-iconfont avia-font-entypo-fontello'><span class='av-icon-char' data-av_icon='\ue835' data-av_iconfont='entypo-fontello' aria-hidden=\"true\"><\/span><\/div><article class=\"article-icon-entry \"  itemscope=\"itemscope\" itemtype=\"https:\/\/schema.org\/CreativeWork\" ><div class=\"iconlist_content_wrap\"><header class=\"entry-content-header\" aria-label=\"Icon: Zahn\u00e4rzte\"><div class='av_iconlist_title iconlist_title_small  '  itemprop=\"headline\" >Zahn\u00e4rzte<\/div><\/header><div class='iconlist_content av_inherit_color'  itemprop=\"text\" ><p>Zahn\u00e4rztliche Gemeinschaftspraxis<br \/>\nJ\u00f6rg und Frank Bahlmann<br \/>\nOsterweg 31, 25899 Nieb\u00fcll<br \/>\nTel.: <a style=\"text-decoration: none;\" href=\"tel:+4946614095\">+49 (0) 4661- 4095<\/a><\/p>\n<p>\u2014<\/p>\n<p>Dr. Lars O. T\u00fcxen<br \/>\nGotteskoogstr. 25, 25899 Nieb\u00fcll<br \/>\nTel.: <a style=\"text-decoration: none;\" href=\"tel:+4946618525\">+49 (0) 4661- 8525<\/a><\/p>\n<p>\u2014<\/p>\n<p>Karl-Josef Austrup<br \/>\nDorfstra\u00dfe 269, 25920 Risum-Lindholm<br \/>\nTel.: <a style=\"text-decoration: none;\" href=\"tel:+4946615151\">+49 (0) 4661- 5151<\/a><\/p>\n<\/div><\/div><footer class=\"entry-footer\"><\/footer><\/article><div class=\"iconlist-timeline\"><\/div><\/li>\n<li><div class='iconlist_icon av-2j83c7-bef201a5fdfd81e1035cf30e15385d92 avia-font-entypo-fontello avia-iconfont avia-font-entypo-fontello'><span class='av-icon-char' data-av_icon='\ue835' data-av_iconfont='entypo-fontello' aria-hidden=\"true\"><\/span><\/div><article class=\"article-icon-entry \"  itemscope=\"itemscope\" itemtype=\"https:\/\/schema.org\/CreativeWork\" ><div class=\"iconlist_content_wrap\"><header class=\"entry-content-header\" aria-label=\"Icon: Krankenhaus Nieb\u00fcll\"><div class='av_iconlist_title iconlist_title_small  '  itemprop=\"headline\" >Krankenhaus Nieb\u00fcll<\/div><\/header><div class='iconlist_content av_inherit_color'  itemprop=\"text\" ><p>Klinikum Nordfriesland \u2013 Klinik Nieb\u00fcll<br \/>\nGather Landstra\u00dfe 75, 25899 Nieb\u00fcll<br \/>\nTel.: <a style=\"text-decoration: none;\" href=\"tel:+494661150\">+49 (0) 4661- 150<\/a><br \/>\n<a href=\"http:\/\/www.klinikum-nf.de\/\">www.klinikum-nf.de<\/a><\/p>\n<\/div><\/div><footer class=\"entry-footer\"><\/footer><\/article><div class=\"iconlist-timeline\"><\/div><\/li>\n<li><div class='iconlist_icon av-2j83c7-3-7d6c7f274872dda6cb29d836e9ee5b08 avia-font-entypo-fontello avia-iconfont avia-font-entypo-fontello'><span class='av-icon-char' data-av_icon='\ue81e' data-av_iconfont='entypo-fontello' aria-hidden=\"true\"><\/span><\/div><article class=\"article-icon-entry \"  itemscope=\"itemscope\" itemtype=\"https:\/\/schema.org\/CreativeWork\" ><div class=\"iconlist_content_wrap\"><header class=\"entry-content-header\" aria-label=\"Icon: Polizei\"><div class='av_iconlist_title iconlist_title_small  '  itemprop=\"headline\" >Polizei<\/div><\/header><div class='iconlist_content av_inherit_color'  itemprop=\"text\" ><p>Polizeistation Risum \u2013 Lindholm<br \/>\nDorfstra\u00dfe 171, 25920 Risum-Lindholm<br \/>\nTel.: <a style=\"text-decoration: none;\" href=\"tel:+4946618895\">+49 (0) 4661- 8895<\/a><br \/>\nNotruf <a style=\"text-decoration: none;\" href=\"tel:110\">110<\/a><\/p>\n<\/div><\/div><footer class=\"entry-footer\"><\/footer><\/article><div class=\"iconlist-timeline\"><\/div><\/li>\n<li><div class='iconlist_icon av-2j83c7-2-0c7ed5ac8ad87ebc30b9088fdc7b40c3 avia-font-entypo-fontello avia-iconfont avia-font-entypo-fontello'><span class='av-icon-char' data-av_icon='\ue81e' data-av_iconfont='entypo-fontello' aria-hidden=\"true\"><\/span><\/div><article class=\"article-icon-entry \"  itemscope=\"itemscope\" itemtype=\"https:\/\/schema.org\/CreativeWork\" ><div class=\"iconlist_content_wrap\"><header class=\"entry-content-header\" aria-label=\"Icon: Feuerwehr\"><div class='av_iconlist_title iconlist_title_small  '  itemprop=\"headline\" >Feuerwehr<\/div><\/header><div class='iconlist_content av_inherit_color'  itemprop=\"text\" ><p>Freiwillige Feuerwehr<br \/>\nPeter-Schmidts-Weg 1, 25899 Nieb\u00fcll<br \/>\nTel.: <a style=\"text-decoration: none;\" href=\"tel:+4946618400\">+49 (0) 4661- 8400<\/a>+49 (0)4661 \u2013 8400<br \/>\nNotruf <a style=\"text-decoration: none;\" href=\"tel:112\">112<\/a><\/p>\n<\/div><\/div><footer class=\"entry-footer\"><\/footer><\/article><div class=\"iconlist-timeline\"><\/div><\/li>\n<li><div class='iconlist_icon av-2j83c7-1-c693719e01bd036c3ff2a754a282dc93 avia-font-entypo-fontello avia-iconfont avia-font-entypo-fontello'><span class='av-icon-char' data-av_icon='\ue81e' data-av_iconfont='entypo-fontello' aria-hidden=\"true\"><\/span><\/div><article class=\"article-icon-entry \"  itemscope=\"itemscope\" itemtype=\"https:\/\/schema.org\/CreativeWork\" ><div class=\"iconlist_content_wrap\"><header class=\"entry-content-header\" aria-label=\"Icon: Vermieter\"><div class='av_iconlist_title iconlist_title_small  '  itemprop=\"headline\" >Vermieter<\/div><\/header><div class='iconlist_content av_inherit_color'  itemprop=\"text\" ><p>Georg &amp; Karsten Hasche<\/p>\n<p>Tel.: <a style=\"text-decoration: none;\" href=\"tel:+4916094639469\">+49 (0) 160- 946 39 469<\/a><\/p>\n<\/div><\/div><footer class=\"entry-footer\"><\/footer><\/article><div class=\"iconlist-timeline\"><\/div><\/li>\n<\/ul><\/div><\/p><\/div><\/div><!--close column table wrapper. Autoclose: 1 -->\n","protected":false},"excerpt":{"rendered":"","protected":false},"author":1,"featured_media":0,"parent":2550,"menu_order":50,"comment_status":"closed","ping_status":"closed","template":"","meta":{"footnotes":""},"class_list":["post-2631","page","type-page","status-publish","hentry"],"_links":{"self":[{"href":"https:\/\/welcover.com\/klookris15\/wp-json\/wp\/v2\/pages\/2631"}],"collection":[{"href":"https:\/\/welcover.com\/klookris15\/wp-json\/wp\/v2\/pages"}],"about":[{"href":"https:\/\/welcover.com\/klookris15\/wp-json\/wp\/v2\/types\/page"}],"author":[{"embeddable":true,"href":"https:\/\/welcover.com\/klookris15\/wp-json\/wp\/v2\/users\/1"}],"replies":[{"embeddable":true,"href":"https:\/\/welcover.com\/klookris15\/wp-json\/wp\/v2\/comments?post=2631"}],"version-history":[{"count":13,"href":"https:\/\/welcover.com\/klookris15\/wp-json\/wp\/v2\/pages\/2631\/revisions"}],"predecessor-version":[{"id":3039,"href":"https:\/\/welcover.com\/klookris15\/wp-json\/wp\/v2\/pages\/2631\/revisions\/3039"}],"up":[{"embeddable":true,"href":"https:\/\/welcover.com\/klookris15\/wp-json\/wp\/v2\/pages\/2550"}],"wp:attachment":[{"href":"https:\/\/welcover.com\/klookris15\/wp-json\/wp\/v2\/media?parent=2631"}],"curies":[{"name":"wp","href":"https:\/\/api.w.org\/{rel}","templated":true}]}}