{"id":2641,"date":"2024-09-08T08:31:53","date_gmt":"2024-09-08T08:31:53","guid":{"rendered":"https:\/\/welcover.com\/klookris15\/gaestemappe\/shopping-copy\/"},"modified":"2024-09-20T10:03:16","modified_gmt":"2024-09-20T10:03:16","slug":"technik-anleitungen","status":"publish","type":"page","link":"https:\/\/welcover.com\/klookris15\/gaestemappe\/technik-anleitungen\/","title":{"rendered":"Technik und Anleitungen"},"content":{"rendered":"\n<style type=\"text\/css\" data-created_by=\"avia_inline_auto\" id=\"style-css-av-9cpr7l-a332a52862cdc1f2c1114da97f1b3f0e\">\n.avia-section.av-9cpr7l-a332a52862cdc1f2c1114da97f1b3f0e{\nbackground-color:#adb93b;\nbackground-image:unset;\n}\n<\/style>\n<div id='av_section_1'  class='avia-section av-9cpr7l-a332a52862cdc1f2c1114da97f1b3f0e main_color avia-section-default avia-no-border-styling  avia-builder-el-0  el_before_av_section  avia-builder-el-first  avia-bg-style-scroll av-minimum-height av-minimum-height-25 av-height-25  container_wrap fullsize'   data-av_minimum_height_pc='25' data-av_min_height_opt='25'><div class='container av-section-cont-open' ><main  role=\"main\" itemprop=\"mainContentOfPage\"  class='template-page content  av-content-full alpha units'><div class='post-entry post-entry-type-page post-entry-2641'><div class='entry-content-wrapper clearfix'>\n\n<style type=\"text\/css\" data-created_by=\"avia_inline_auto\" id=\"style-css-av-87uk8x-becb8eaaa31a465a0a8fbb2fe8ebfe11\">\n.flex_column.av-87uk8x-becb8eaaa31a465a0a8fbb2fe8ebfe11{\nborder-radius:10px 10px 10px 10px;\npadding:5% 5% 5% 5%;\n}\n<\/style>\n<div  class='flex_column av-87uk8x-becb8eaaa31a465a0a8fbb2fe8ebfe11 av_one_full  avia-builder-el-1  avia-builder-el-no-sibling  first flex_column_div  '     ><style type=\"text\/css\" data-created_by=\"avia_inline_auto\" id=\"style-css-av-m0tero0m-8e80b156606d610702f408c43c9d1212\">\n#top .av-special-heading.av-m0tero0m-8e80b156606d610702f408c43c9d1212{\npadding-bottom:10px;\ncolor:#ffffff;\n}\nbody .av-special-heading.av-m0tero0m-8e80b156606d610702f408c43c9d1212 .av-special-heading-tag .heading-char{\nfont-size:25px;\n}\n.av-special-heading.av-m0tero0m-8e80b156606d610702f408c43c9d1212 .special-heading-inner-border{\nborder-color:#ffffff;\n}\n.av-special-heading.av-m0tero0m-8e80b156606d610702f408c43c9d1212 .av-subheading{\nfont-size:15px;\n}\n<\/style>\n<div  class='av-special-heading av-m0tero0m-8e80b156606d610702f408c43c9d1212 av-special-heading-h1 custom-color-heading blockquote modern-quote modern-centered  avia-builder-el-2  avia-builder-el-no-sibling '><h1 class='av-special-heading-tag '  itemprop=\"headline\"  >Technik <span class='special_amp'>&amp;<\/span> Anleitungen<\/h1><div class=\"special-heading-border\"><div class=\"special-heading-inner-border\"><\/div><\/div><\/div><\/div>\n\n<\/div><\/div><\/main><!-- close content main element --><\/div><\/div>\n<style type=\"text\/css\" data-created_by=\"avia_inline_auto\" id=\"style-css-av-m0tes0s2-af44ffcd703e67405abd4653fa695880\">\n.avia-section.av-m0tes0s2-af44ffcd703e67405abd4653fa695880{\nmargin-top:0px;\nmargin-bottom:30px;\nz-index:10;\nposition:relative;\n}\n.av-curtain-footer.av-curtain-activated #main .avia-section.av-m0tes0s2-af44ffcd703e67405abd4653fa695880{\nz-index:10;\n}\n<\/style>\n<div id='av_section_2'  class='avia-section av-m0tes0s2-af44ffcd703e67405abd4653fa695880 main_color avia-section-default avia-no-border-styling  avia-builder-el-3  el_after_av_section  avia-builder-el-last  avia-bg-style-scroll av-custom-positioned container_wrap fullsize'  ><div class='container av-section-cont-open' ><div class='template-page content  av-content-full alpha units'><div class='post-entry post-entry-type-page post-entry-2641'><div class='entry-content-wrapper clearfix'>\n<div class='flex_column_table av-561l5d-fd4c78040c4a1bf3fc81a3f53f2ef2a0 sc-av_one_full av-break-at-tablet-flextable av-equal-height-column-flextable'>\n<style type=\"text\/css\" data-created_by=\"avia_inline_auto\" id=\"style-css-av-561l5d-fd4c78040c4a1bf3fc81a3f53f2ef2a0\">\n@keyframes av_boxShadowEffect_av-561l5d-fd4c78040c4a1bf3fc81a3f53f2ef2a0-column {\n0%   { box-shadow:  0 0 0 0 rgba(0,0,0,0.2); opacity: 1; }\n100% { box-shadow:  0 0 5px 0 rgba(0,0,0,0.2); opacity: 1; }\n}\n#top .flex_column_table.av-equal-height-column-flextable.av-561l5d-fd4c78040c4a1bf3fc81a3f53f2ef2a0{\nmargin-top:-100px;\nmargin-bottom:0px;\n}\n.flex_column.av-561l5d-fd4c78040c4a1bf3fc81a3f53f2ef2a0{\nz-index:99;\nbox-shadow: 0 0 5px 0 rgba(0,0,0,0.2);\nborder-radius:5px 5px 5px 5px;\npadding:30px 30px 30px 30px;\nbackground-color:#ffffff;\n}\n<\/style>\n<div  class='flex_column av-561l5d-fd4c78040c4a1bf3fc81a3f53f2ef2a0 av_one_full  avia-builder-el-4  avia-builder-el-no-sibling  first no_margin av-break-at-tablet flex_column_table_cell av-equal-height-column av-align-middle av-custom-positioned av-parallax-object shadow-not-animated  ' data-parallax=\"{&quot;parallax&quot;:&quot;no_parallax&quot;,&quot;parallax_speed&quot;:&quot;no_parallax&quot;,&quot;av-desktop-parallax&quot;:&quot;bottom_top&quot;,&quot;av-desktop-parallax_speed&quot;:&quot;70&quot;,&quot;av-medium-parallax&quot;:&quot;inherit&quot;,&quot;av-medium-parallax_speed&quot;:&quot;inherit&quot;,&quot;av-small-parallax&quot;:&quot;inherit&quot;,&quot;av-small-parallax_speed&quot;:&quot;inherit&quot;,&quot;av-mini-parallax&quot;:&quot;inherit&quot;,&quot;av-mini-parallax_speed&quot;:&quot;inherit&quot;,&quot;parallax-container&quot;:&quot;.av-561l5d-fd4c78040c4a1bf3fc81a3f53f2ef2a0&quot;}\"    ><p>\n<style type=\"text\/css\" data-created_by=\"avia_inline_auto\" id=\"style-css-av-m0tes697-32c5a2cfe271a2b8b969c101bffab273\">\n.avia-image-container.av-m0tes697-32c5a2cfe271a2b8b969c101bffab273 img.avia_image{\nbox-shadow:none;\n}\n.avia-image-container.av-m0tes697-32c5a2cfe271a2b8b969c101bffab273 .av-image-caption-overlay-center{\ncolor:#ffffff;\n}\n<\/style>\n<div  class='avia-image-container av-m0tes697-32c5a2cfe271a2b8b969c101bffab273 av-styling- avia_animated_image av-animated-when-visible-95 fade-in avia-align-center  avia-builder-el-5  el_before_av_hr  avia-builder-el-first '   itemprop=\"image\" itemscope=\"itemscope\" itemtype=\"https:\/\/schema.org\/ImageObject\" ><div class=\"avia-image-container-inner\"><div class=\"avia-image-overlay-wrap\"><img decoding=\"async\" fetchpriority=\"high\" class='wp-image-2880 avia-img-lazy-loading-not-2880 avia_image ' src=\"https:\/\/welcover.com\/klookris15\/wp-content\/uploads\/sites\/7\/Technik-002-645x431-1.jpg\" alt='' title=''  height=\"431\" width=\"645\"  itemprop=\"thumbnailUrl\" srcset=\"https:\/\/welcover.com\/klookris15\/wp-content\/uploads\/sites\/7\/Technik-002-645x431-1.jpg 645w, https:\/\/welcover.com\/klookris15\/wp-content\/uploads\/sites\/7\/Technik-002-645x431-1-300x200.jpg 300w\" sizes=\"(max-width: 645px) 100vw, 645px\" \/><\/div><\/div><\/div><br \/>\n\n<style type=\"text\/css\" data-created_by=\"avia_inline_auto\" id=\"style-css-av-4k81tt-ff88e61c4a760d5fe61eab34ea13111c\">\n#top .hr.hr-invisible.av-4k81tt-ff88e61c4a760d5fe61eab34ea13111c{\nheight:30px;\n}\n<\/style>\n<div  class='hr av-4k81tt-ff88e61c4a760d5fe61eab34ea13111c hr-invisible  avia-builder-el-6  el_after_av_image  el_before_av_hr '><span class='hr-inner '><span class=\"hr-inner-style\"><\/span><\/span><\/div><br \/>\n\n<style type=\"text\/css\" data-created_by=\"avia_inline_auto\" id=\"style-css-av-36suwh-c4ae683d09381c78fbaaabe375d9dd95\">\n#top .hr.hr-invisible.av-36suwh-c4ae683d09381c78fbaaabe375d9dd95{\nheight:30px;\n}\n<\/style>\n<div  class='hr av-36suwh-c4ae683d09381c78fbaaabe375d9dd95 hr-invisible  avia-builder-el-7  el_after_av_hr  el_before_av_toggle_container '><span class='hr-inner '><span class=\"hr-inner-style\"><\/span><\/span><\/div><br \/>\n\n<style type=\"text\/css\" data-created_by=\"avia_inline_auto\" id=\"style-css-av-4sk66p-78687b21ca940dc1f639c5ece6d95cee\">\n#top .togglecontainer.av-4sk66p-78687b21ca940dc1f639c5ece6d95cee p.toggler{\nborder-color:#adb93b;\n}\n#top .togglecontainer.av-4sk66p-78687b21ca940dc1f639c5ece6d95cee .toggle_wrap .toggle_content{\nborder-color:#adb93b;\n}\n<\/style>\n<div  class='togglecontainer av-4sk66p-78687b21ca940dc1f639c5ece6d95cee  avia-builder-el-8  el_after_av_hr  avia-builder-el-last  toggle_close_all' >\n<section class='av_toggle_section av-36qjwx-f005c42b4e3448fdde45f61728bc9148'  itemscope=\"itemscope\" itemtype=\"https:\/\/schema.org\/CreativeWork\" ><div role=\"tablist\" class=\"single_toggle\" data-tags=\"{Alle} \"  ><p id='toggle-toggle-id-1' data-fake-id='#toggle-id-1' class='toggler  av-title-above av-inherit-border-color'  itemprop=\"headline\"  role='tab' tabindex='0' aria-controls='toggle-id-1' data-slide-speed=\"200\" data-title=\"Geschirrsp\u00fcler\" data-title-open=\"\" data-aria_collapsed=\"Click to expand: Geschirrsp\u00fcler\" data-aria_expanded=\"Click to collapse: Geschirrsp\u00fcler\">Geschirrsp\u00fcler<span class=\"toggle_icon\"><span class=\"vert_icon\"><\/span><span class=\"hor_icon\"><\/span><\/span><\/p><div id='toggle-id-1' aria-labelledby='toggle-toggle-id-1' role='region' class='toggle_wrap  av-title-above'  ><div class='toggle_content invers-color av-inherit-border-color'  itemprop=\"text\" ><p>Liebe G\u00e4ste,<\/p>\n<p>leider ist die Bedienung des Geschirrsp\u00fclers nicht selbsterkl\u00e4rend. Erlauben Sie uns daher bitte Ihnen die Inbetriebnahme des Geschirrsp\u00fclers kurz zu beschreiben:<\/p>\n<ul>\n<li>Geschirrsp\u00fclmaschinen-Tabs in das Fach einlegen<\/li>\n<li>Den gro\u00dfen Knopf auf der linken Seite bet\u00e4tigen<\/li>\n<li>Es leuchten kleine rote Lampen auf der rechten Seite auf<\/li>\n<li>Auf der rechten Seiten befinden sich zwei Schalter, mit dem linken der beiden k\u00f6nnen\u00a0Sie durch dr\u00fccken das Programm ausw\u00e4hlen<\/li>\n<li>Zum Starten des Geschirrsp\u00fclers nun den rechten Schalter dr\u00fccken und kurz gedr\u00fcckt halten, bis das Ger\u00e4t ein Piepton von sich gibt.<\/li>\n<li>Nun l\u00e4uft das Programm durch<\/li>\n<li>Wenn der Abwaschvorgang beendet ist, leuchten auf der rechten Seite zwei rote Lampen auf<\/li>\n<\/ul>\n<p>Bei weitergehenden Fragen, nehmen Sie gerne mit uns Kontakt auf.<\/p>\n<p>Wir w\u00fcnschen Ihnen einen wunderbaren Aufenthalt!<\/p>\n<\/div><\/div><\/div><\/section>\n<section class='av_toggle_section av-lx5vmy99-d929c096541ae288652cce4c9604f209'  itemscope=\"itemscope\" itemtype=\"https:\/\/schema.org\/CreativeWork\" ><div role=\"tablist\" class=\"single_toggle\" data-tags=\"{Alle} \"  ><p id='toggle-toggle-id-2' data-fake-id='#toggle-id-2' class='toggler  av-title-above av-inherit-border-color'  itemprop=\"headline\"  role='tab' tabindex='0' aria-controls='toggle-id-2' data-slide-speed=\"200\" data-title=\"Fernbedienung Teelichter\" data-title-open=\"\" data-aria_collapsed=\"Click to expand: Fernbedienung Teelichter\" data-aria_expanded=\"Click to collapse: Fernbedienung Teelichter\">Fernbedienung Teelichter<span class=\"toggle_icon\"><span class=\"vert_icon\"><\/span><span class=\"hor_icon\"><\/span><\/span><\/p><div id='toggle-id-2' aria-labelledby='toggle-toggle-id-2' role='region' class='toggle_wrap  av-title-above'  ><div class='toggle_content invers-color av-inherit-border-color'  itemprop=\"text\" ><p>Fernbedienung f\u00fcr die Teelichter aus Echtwachs<\/p>\n<p>Liebe G\u00e4ste,<\/p>\n<p>s\u00e4mtliche Teelichter aus Echtwachs lassen sich mit der Fernbedienung ein- (gr\u00fcner Knopf) und ausschalten.<\/p>\n<p>Auch l\u00e4sst sich mit den Kn\u00f6pfen unter \u201eTimer\u201c die Brenndauer einstellen, entweder zwei, vier, sechs oder acht Stunden. Die Teelichter schalten sich nach Ablauf der Zeit eigenst\u00e4ndig aus.<\/p>\n<p>Dar\u00fcber hinaus l\u00e4sst sich die \u201eFlamme\u201c der Kerze regulieren: Entweder als eigentliche Kerze mit einem dezenten Flackern der Flamme (\u201eCandle\u201c) oder als \u201estarres\u201c Licht (\u201eLight\u201c).<\/p>\n<p>Die Teelichter lassen sich auch dimmen, dunkler mit\u00a0 Minus (-)\u00a0 unter \u201eDIM\u201c oder heller mit dem Knopf Plus (+).<\/p>\n<p>Nun w\u00fcnschen wir Ihnen viele Freude entspannte Stunden!<\/p>\n<\/div><\/div><\/div><\/section>\n<section class='av_toggle_section av-lx5vmy99-1-35ae502d73bc75aca16687b8423d2b35'  itemscope=\"itemscope\" itemtype=\"https:\/\/schema.org\/CreativeWork\" ><div role=\"tablist\" class=\"single_toggle\" data-tags=\"{Alle} \"  ><p id='toggle-toggle-id-3' data-fake-id='#toggle-id-3' class='toggler  av-title-above av-inherit-border-color'  itemprop=\"headline\"  role='tab' tabindex='0' aria-controls='toggle-id-3' data-slide-speed=\"200\" data-title=\"TV und Receiver\" data-title-open=\"\" data-aria_collapsed=\"Click to expand: TV und Receiver\" data-aria_expanded=\"Click to collapse: TV und Receiver\">TV und Receiver<span class=\"toggle_icon\"><span class=\"vert_icon\"><\/span><span class=\"hor_icon\"><\/span><\/span><\/p><div id='toggle-id-3' aria-labelledby='toggle-toggle-id-3' role='region' class='toggle_wrap  av-title-above'  ><div class='toggle_content invers-color av-inherit-border-color'  itemprop=\"text\" ><p>Beschreibung Inbetriebnahme des Fernsehers\u00a0und des Receivers<\/p>\n<p>Liebe G\u00e4ste,<\/p>\n<p>der Empfang der Fernsehsender erfolgt \u00fcber das Internet und es steht Ihnen eine Vielzahl von Programmen zur Verf\u00fcgung. Die g\u00e4ngigsten Sender wurden bereits vorselektiert, so finden sich am Beginn der Sender-Liste die Sender ARD, ZDF und NDR gefolgt von den Privatsendern. Zur Nutzung des TV sind zwei Fernbedienungen relevant: Zum einen die des Fernsehers (siehe Bild (1)) und zum anderen die des Receivers (siehe Bild (2)). Zum Ein-und Ausschalten der Ger\u00e4te sind jeweils die roten Tasten oben rechts zu dr\u00fccken.<\/p>\n<p>Symbol (1):<\/p>\n<p><img loading=\"lazy\" decoding=\"async\" class=\"alignnone size-full wp-image-2790\" src=\"https:\/\/welcover.com\/klookris15\/wp-content\/uploads\/sites\/7\/Symbol-1.png\" alt=\"\" width=\"50\" height=\"56\" \/><\/p>\n<p>Der Fernseher zeigt zun\u00e4chst ein blaues Bild. Das liegt darin begr\u00fcndet, dass der Receiver zun\u00e4chst sich in G\u00e4nze &#8220; hochfahren&#8220; muss und zum anderen eine Verbindung zum Internet herstellen muss. In aller Regel wird nach wenigen Sekunden dann der zuletzt genutzte Kanal angezeigt. Sollte wider Erwarten der Hinweis &#8222;Kein Signal&#8220; angezeigt werden, gibt es mehrere M\u00f6glichkeiten der Behebung: Zun\u00e4chst gilt es die Kabel am Receiver zu pr\u00fcfen: Es sind drei Kabel anzuschlie\u00dfen: 1.) das Netzkabel f\u00fcr die Stromversorgung 2.) das wei\u00dfe Antennenkabel ganz rechts sowie 3.) das HDMI Kabel f\u00fcr den \u00dcbertrag an das Fernsehger\u00e4t Sollte eines nicht angeschlossen sein, kann der Fernseher kein Signal empfangen. Dar\u00fcber hinaus, kann es sein, dass die Einstellungen f\u00fcr die Eing\u00e4nge des Fernsehers nicht korrekt ausgew\u00e4hlt wurden. Daher ist auf der Fernbedienung des Fernsehers das Symbol (2) oben links zu w\u00e4hlen und zu dr\u00fccken.<\/p>\n<p>Symbol (2):<\/p>\n<p><img loading=\"lazy\" decoding=\"async\" class=\"alignnone size-full wp-image-2791\" src=\"https:\/\/welcover.com\/klookris15\/wp-content\/uploads\/sites\/7\/Symbol-2.png\" alt=\"\" width=\"74\" height=\"50\" \/><\/p>\n<p>Mit dieser Taste lassen sich die jeweiligen Eing\u00e4nge des Fernsehger\u00e4tes ansteuern. Zum einen \u201eHDMI1-Kabel\u201c f\u00fcr das Kabelfernsehen und zum anderen \u201eHDMI3-BluRay\u201c f\u00fcr die Nutzung des BluRay-Players.<\/p>\n<p>Zur Navigation zu den einzelnen Kan\u00e4len und zwecks Best\u00e4tigung mit \u201eOK\u201c nutzen Sie bitte die Tasten, wie im Symbol (3) dargestellt.<\/p>\n<p>Symbol (3):<\/p>\n<p><img loading=\"lazy\" decoding=\"async\" class=\"alignnone size-full wp-image-2792\" src=\"https:\/\/welcover.com\/klookris15\/wp-content\/uploads\/sites\/7\/Symbol-3.png\" alt=\"\" width=\"99\" height=\"97\" srcset=\"https:\/\/welcover.com\/klookris15\/wp-content\/uploads\/sites\/7\/Symbol-3.png 99w, https:\/\/welcover.com\/klookris15\/wp-content\/uploads\/sites\/7\/Symbol-3-36x36.png 36w\" sizes=\"(max-width: 99px) 100vw, 99px\" \/><\/p>\n<p>Zwecks \u00c4nderung des Programms oder der Regelung der Lautst\u00e4rke nutzen Sie bitte die Fernbedienung des Receivers Bild (1).<\/p>\n<p>F\u00fcr die Auswahl der Programme nutzen Sie bitte die Taste \u201ePROG\u201c und f\u00fcr die Regelung der Lautst\u00e4rke bitte die Taste versehen mit \u201e+\u201c und \u201e-\u201c. Doch auch k\u00f6nnen die Nummern des Nummernblocks f\u00fcr die Programmauswahl genutzt werden.<\/p>\n<p>Mit der runden Taste \u201eSFI\u201c k\u00f6nnen Sie sich die Liste der Programme anschauen und die Information dar\u00fcber, was gerade gezeigt wird und mit der gelben Taste k\u00f6nnen Sie die nachfolgenden Sendungen anschauen. Bei den einzelnen Kan\u00e4len sind weitergehende Informationen verf\u00fcgbar, die mit Nutzung der Taste \u201ei\u201c abgefragt werden k\u00f6nnen.<\/p>\n<p>Letztendlich verlassen Sie nach Bet\u00e4tigung der Taste \u201eExit\u201c die Auswahl und kehren zum eigentlichen Programm wieder zur\u00fcck.<\/p>\n<p>Zwecks Navigation nutzen Sie bitte auch das Symbol (3) der Fernbedienung.<\/p>\n<p>Sollte die Lautst\u00e4rke des Fernsehers auch reguliert werden m\u00fcssen, nutzen Sie ebenfalls die Tasten mit \u201e+\u201c und \u201e-\u201c der Fernbedienung des Bildes (2).<\/p>\n<p>Nutzung BluRay-Player:<\/p>\n<p>Das Bild (3) zeigt Ihnen die Fernbedienung des BluRay-Players.<\/p>\n<p>Bevor Sie einen Film sich anschauen k\u00f6nnen, \u00e4ndern Sie bitte den Kanal des Fernsehers mit der Fernbedienung des Fernsehers Bild (2) mit der Bet\u00e4tigung der Taste mit dem Symbol (2). \u00c4ndern Sie den Kanal auf \u201eHDMI3-BluRay\u201c.<\/p>\n<p>Schalten Sie nun bitte den BluRay-Player mittels der roten Taste mit Symbol (1) ein.<\/p>\n<p>Zwecks Navigation durch das Menue nutzen Sie bitte die Pfeiltasten um die Taste \u201eEnter\u201c<\/p>\n<p>F\u00fcr die Wiedergabe, stoppen des Films oder aber zum \u00dcberspringen von Kapiteln nutzen Sie bitte die grau-wei\u00dfen Tasten unter dem Nummernblock.<\/p>\n<p>Bei weitergehenden Fragen, nehmen Sie gerne mit uns Kontakt auf!<\/p>\n<p><img loading=\"lazy\" decoding=\"async\" class=\"alignnone size-full wp-image-2789\" src=\"https:\/\/welcover.com\/klookris15\/wp-content\/uploads\/sites\/7\/Fernbedienung-Receiver.jpg\" alt=\"\" width=\"975\" height=\"1304\" srcset=\"https:\/\/welcover.com\/klookris15\/wp-content\/uploads\/sites\/7\/Fernbedienung-Receiver.jpg 975w, https:\/\/welcover.com\/klookris15\/wp-content\/uploads\/sites\/7\/Fernbedienung-Receiver-224x300.jpg 224w, https:\/\/welcover.com\/klookris15\/wp-content\/uploads\/sites\/7\/Fernbedienung-Receiver-770x1030.jpg 770w, https:\/\/welcover.com\/klookris15\/wp-content\/uploads\/sites\/7\/Fernbedienung-Receiver-768x1027.jpg 768w, https:\/\/welcover.com\/klookris15\/wp-content\/uploads\/sites\/7\/Fernbedienung-Receiver-527x705.jpg 527w\" sizes=\"(max-width: 975px) 100vw, 975px\" \/><\/p>\n<p>Bild (1) Fernbedienung Receiver<\/p>\n<p>&#8212;<\/p>\n<p><img loading=\"lazy\" decoding=\"async\" class=\"alignnone size-full wp-image-2788\" src=\"https:\/\/welcover.com\/klookris15\/wp-content\/uploads\/sites\/7\/Fernbedienung-Fernseher.jpg\" alt=\"\" width=\"975\" height=\"1304\" srcset=\"https:\/\/welcover.com\/klookris15\/wp-content\/uploads\/sites\/7\/Fernbedienung-Fernseher.jpg 975w, https:\/\/welcover.com\/klookris15\/wp-content\/uploads\/sites\/7\/Fernbedienung-Fernseher-224x300.jpg 224w, https:\/\/welcover.com\/klookris15\/wp-content\/uploads\/sites\/7\/Fernbedienung-Fernseher-770x1030.jpg 770w, https:\/\/welcover.com\/klookris15\/wp-content\/uploads\/sites\/7\/Fernbedienung-Fernseher-768x1027.jpg 768w, https:\/\/welcover.com\/klookris15\/wp-content\/uploads\/sites\/7\/Fernbedienung-Fernseher-527x705.jpg 527w\" sizes=\"(max-width: 975px) 100vw, 975px\" \/><\/p>\n<p>Bild (2) Fernbedienung Fernseher<\/p>\n<\/div><\/div><\/div><\/section>\n<\/div><\/p><\/div><\/div><!--close column table wrapper. Autoclose: 1 -->\n","protected":false},"excerpt":{"rendered":"","protected":false},"author":1,"featured_media":0,"parent":2550,"menu_order":30,"comment_status":"closed","ping_status":"closed","template":"","meta":{"footnotes":""},"class_list":["post-2641","page","type-page","status-publish","hentry"],"_links":{"self":[{"href":"https:\/\/welcover.com\/klookris15\/wp-json\/wp\/v2\/pages\/2641"}],"collection":[{"href":"https:\/\/welcover.com\/klookris15\/wp-json\/wp\/v2\/pages"}],"about":[{"href":"https:\/\/welcover.com\/klookris15\/wp-json\/wp\/v2\/types\/page"}],"author":[{"embeddable":true,"href":"https:\/\/welcover.com\/klookris15\/wp-json\/wp\/v2\/users\/1"}],"replies":[{"embeddable":true,"href":"https:\/\/welcover.com\/klookris15\/wp-json\/wp\/v2\/comments?post=2641"}],"version-history":[{"count":20,"href":"https:\/\/welcover.com\/klookris15\/wp-json\/wp\/v2\/pages\/2641\/revisions"}],"predecessor-version":[{"id":3034,"href":"https:\/\/welcover.com\/klookris15\/wp-json\/wp\/v2\/pages\/2641\/revisions\/3034"}],"up":[{"embeddable":true,"href":"https:\/\/welcover.com\/klookris15\/wp-json\/wp\/v2\/pages\/2550"}],"wp:attachment":[{"href":"https:\/\/welcover.com\/klookris15\/wp-json\/wp\/v2\/media?parent=2641"}],"curies":[{"name":"wp","href":"https:\/\/api.w.org\/{rel}","templated":true}]}}