 {"id":2187,"date":"2024-06-25T08:11:54","date_gmt":"2024-06-25T08:11:54","guid":{"rendered":"https:\/\/welcover.com\/rheinwein\/willkommen-copy\/"},"modified":"2024-07-03T05:33:20","modified_gmt":"2024-07-03T05:33:20","slug":"check-in-check-out","status":"publish","type":"page","link":"https:\/\/welcover.com\/rheinwein\/gaestemappe-rheinwein-boppard1\/check-in-check-out\/","title":{"rendered":"Check in | Check out"},"content":{"rendered":"\n<style type=\"text\/css\" data-created_by=\"avia_inline_auto\" id=\"style-css-av-lx4by6tu-c0c4e0a1bdf8df176f945d3f2640602b\">\n.avia-section.av-lx4by6tu-c0c4e0a1bdf8df176f945d3f2640602b{\nbackground-color:#2D0900;\nbackground-image:unset;\n}\n<\/style>\n<div id='av_section_1'  class='avia-section av-lx4by6tu-c0c4e0a1bdf8df176f945d3f2640602b main_color avia-section-default avia-no-border-styling  avia-builder-el-0  el_before_av_section  avia-builder-el-first  avia-bg-style-scroll av-minimum-height av-minimum-height-50 av-height-50  container_wrap fullsize'   data-av_minimum_height_pc='50' data-av_min_height_opt='50'><div class='container av-section-cont-open' ><main  role=\"main\" itemprop=\"mainContentOfPage\"  class='template-page content  av-content-full alpha units'><div class='post-entry post-entry-type-page post-entry-2187'><div class='entry-content-wrapper clearfix'>\n\n<style type=\"text\/css\" data-created_by=\"avia_inline_auto\" id=\"style-css-av-4ajdnu-f02fb2f37e045b581b74c678cad3500d\">\n.flex_column.av-4ajdnu-f02fb2f37e045b581b74c678cad3500d{\nborder-radius:10px 10px 10px 10px;\npadding:5% 5% 5% 5%;\n}\n<\/style>\n<div  class='flex_column av-4ajdnu-f02fb2f37e045b581b74c678cad3500d av_one_full  avia-builder-el-1  avia-builder-el-no-sibling  first flex_column_div  '     ><style type=\"text\/css\" data-created_by=\"avia_inline_auto\" id=\"style-css-av-lxu2zl73-3bb52c294ef8f00d1bb731d78d4bd645\">\n#top .av_textblock_section.av-lxu2zl73-3bb52c294ef8f00d1bb731d78d4bd645 .avia_textblock{\ncolor:#ffffff;\n}\n<\/style>\n<section  class='av_textblock_section av-lxu2zl73-3bb52c294ef8f00d1bb731d78d4bd645 '   itemscope=\"itemscope\" itemtype=\"https:\/\/schema.org\/CreativeWork\" ><div class='av-small-hide av-mini-hide avia_textblock av_inherit_color'  itemprop=\"text\" ><p style=\"text-align: center;\"><span style=\"font-family: caveat; font-size: 72pt;\">Check In &amp; Check Out<\/span><\/p>\n<\/div><\/section><br \/>\n\n<style type=\"text\/css\" data-created_by=\"avia_inline_auto\" id=\"style-css-av-lxu3t8f2-98eb6608b065dca0cd02166625ab6bc9\">\n#top .av_textblock_section.av-lxu3t8f2-98eb6608b065dca0cd02166625ab6bc9 .avia_textblock{\ncolor:#ffffff;\n}\n<\/style>\n<section  class='av_textblock_section av-lxu3t8f2-98eb6608b065dca0cd02166625ab6bc9 '   itemscope=\"itemscope\" itemtype=\"https:\/\/schema.org\/CreativeWork\" ><div class='av-desktop-hide av-medium-hide avia_textblock av_inherit_color'  itemprop=\"text\" ><p style=\"text-align: center;\"><span style=\"font-family: caveat; font-size: 36pt;\">Check In &amp; Check Out<\/span><\/p>\n<\/div><\/section><\/p><\/div>\n\n<\/div><\/div><\/main><!-- close content main element --><\/div><\/div>\n<style type=\"text\/css\" data-created_by=\"avia_inline_auto\" id=\"style-css-av-9gopdh-254430a5f37ef7871d5b850df9f6eed5\">\n.avia-section.av-9gopdh-254430a5f37ef7871d5b850df9f6eed5{\nmargin-top:0px;\nmargin-bottom:30px;\nz-index:10;\nposition:relative;\n}\n.av-curtain-footer.av-curtain-activated #main .avia-section.av-9gopdh-254430a5f37ef7871d5b850df9f6eed5{\nz-index:10;\n}\n<\/style>\n<div id='willkommen'  class='avia-section av-9gopdh-254430a5f37ef7871d5b850df9f6eed5 main_color avia-section-default avia-no-border-styling  avia-builder-el-4  el_after_av_section  avia-builder-el-last  avia-bg-style-scroll av-custom-positioned container_wrap fullsize'  ><div class='container av-section-cont-open' ><div class='template-page content  av-content-full alpha units'><div class='post-entry post-entry-type-page post-entry-2187'><div class='entry-content-wrapper clearfix'>\n<div class='flex_column_table av-4ce6ug-f44678a8b6222f69fa80298bcb0e566f sc-av_one_full av-break-at-tablet-flextable av-equal-height-column-flextable'>\n<style type=\"text\/css\" data-created_by=\"avia_inline_auto\" id=\"style-css-av-4ce6ug-f44678a8b6222f69fa80298bcb0e566f\">\n@keyframes av_boxShadowEffect_av-4ce6ug-f44678a8b6222f69fa80298bcb0e566f-column {\n0%   { box-shadow:  0 0 0 0 rgba(0,0,0,0.2); opacity: 1; }\n100% { box-shadow:  0 0 5px 0 rgba(0,0,0,0.2); opacity: 1; }\n}\n#top .flex_column_table.av-equal-height-column-flextable.av-4ce6ug-f44678a8b6222f69fa80298bcb0e566f{\nmargin-top:-100px;\nmargin-bottom:0px;\n}\n.flex_column.av-4ce6ug-f44678a8b6222f69fa80298bcb0e566f{\nz-index:99;\nbox-shadow: 0 0 5px 0 rgba(0,0,0,0.2);\nborder-radius:5px 5px 5px 5px;\npadding:30px 30px 30px 30px;\nbackground-color:#ffffff;\n}\n<\/style>\n<div  class='flex_column av-4ce6ug-f44678a8b6222f69fa80298bcb0e566f av_one_full  avia-builder-el-5  avia-builder-el-no-sibling  first no_margin av-break-at-tablet flex_column_table_cell av-equal-height-column av-align-middle av-custom-positioned av-parallax-object shadow-not-animated  ' data-parallax=\"{&quot;parallax&quot;:&quot;no_parallax&quot;,&quot;parallax_speed&quot;:&quot;no_parallax&quot;,&quot;av-desktop-parallax&quot;:&quot;bottom_top&quot;,&quot;av-desktop-parallax_speed&quot;:&quot;70&quot;,&quot;av-medium-parallax&quot;:&quot;inherit&quot;,&quot;av-medium-parallax_speed&quot;:&quot;inherit&quot;,&quot;av-small-parallax&quot;:&quot;inherit&quot;,&quot;av-small-parallax_speed&quot;:&quot;inherit&quot;,&quot;av-mini-parallax&quot;:&quot;inherit&quot;,&quot;av-mini-parallax_speed&quot;:&quot;inherit&quot;,&quot;parallax-container&quot;:&quot;.av-4ce6ug-f44678a8b6222f69fa80298bcb0e566f&quot;}\"    ><p>\n<style type=\"text\/css\" data-created_by=\"avia_inline_auto\" id=\"style-css-av-5zn8wl-9c1896e5007d74c85818f9437bfca2ef\">\n.avia-image-container.av-5zn8wl-9c1896e5007d74c85818f9437bfca2ef img.avia_image{\nbox-shadow:none;\n}\n.avia-image-container.av-5zn8wl-9c1896e5007d74c85818f9437bfca2ef .av-image-caption-overlay-center{\ncolor:#ffffff;\n}\n<\/style>\n<div  class='avia-image-container av-5zn8wl-9c1896e5007d74c85818f9437bfca2ef av-styling- avia_animated_image av-animated-when-visible-95 fade-in avia-align-center  avia-builder-el-6  el_before_av_hr  avia-builder-el-first '   itemprop=\"image\" itemscope=\"itemscope\" itemtype=\"https:\/\/schema.org\/ImageObject\" ><div class=\"avia-image-container-inner\"><div class=\"avia-image-overlay-wrap\"><img decoding=\"async\" fetchpriority=\"high\" class='wp-image-2144 avia-img-lazy-loading-not-2144 avia_image ' src=\"https:\/\/welcover.com\/rheinwein\/wp-content\/uploads\/sites\/5\/shutterstock_411206452-645x430-1.jpg\" alt='' title=''  height=\"430\" width=\"645\"  itemprop=\"thumbnailUrl\" srcset=\"https:\/\/welcover.com\/rheinwein\/wp-content\/uploads\/sites\/5\/shutterstock_411206452-645x430-1.jpg 645w, https:\/\/welcover.com\/rheinwein\/wp-content\/uploads\/sites\/5\/shutterstock_411206452-645x430-1-300x200.jpg 300w\" sizes=\"(max-width: 645px) 100vw, 645px\" \/><\/div><\/div><\/div><br \/>\n\n<style type=\"text\/css\" data-created_by=\"avia_inline_auto\" id=\"style-css-av-4gjkv9-7422e75224fd354f9bded98330124140\">\n#top .hr.hr-invisible.av-4gjkv9-7422e75224fd354f9bded98330124140{\nheight:30px;\n}\n<\/style>\n<div  class='hr av-4gjkv9-7422e75224fd354f9bded98330124140 hr-invisible  avia-builder-el-7  el_after_av_image  el_before_av_hr '><span class='hr-inner '><span class=\"hr-inner-style\"><\/span><\/span><\/div><br \/>\n\n<style type=\"text\/css\" data-created_by=\"avia_inline_auto\" id=\"style-css-av-6vlp4-ac30fd67b6c757f3656bbd914d4e0747\">\n#top .hr.hr-invisible.av-6vlp4-ac30fd67b6c757f3656bbd914d4e0747{\nheight:30px;\n}\n<\/style>\n<div  class='hr av-6vlp4-ac30fd67b6c757f3656bbd914d4e0747 hr-invisible  avia-builder-el-8  el_after_av_hr  el_before_av_iconlist '><span class='hr-inner '><span class=\"hr-inner-style\"><\/span><\/span><\/div><br \/>\n<div  class='avia-icon-list-container av-lxyresmu-104c7201490158281311ef9893e607ec  avia-builder-el-9  el_after_av_hr  avia-builder-el-last '><ul class='avia-icon-list avia_animate_when_almost_visible avia-icon-list-left av-iconlist-big av-lxyresmu-104c7201490158281311ef9893e607ec avia-iconlist-animate'>\n<li><div class='iconlist_icon av-lxyqxrd3-e067deb819f079b7703bd33c614c604e avia-font-entypo-fontello avia-iconfont avia-font-entypo-fontello'><span class='av-icon-char' data-av_icon='\ue835' data-av_iconfont='entypo-fontello' aria-hidden=\"true\"><\/span><\/div><article class=\"article-icon-entry \"  itemscope=\"itemscope\" itemtype=\"https:\/\/schema.org\/CreativeWork\" ><div class=\"iconlist_content_wrap\"><header class=\"entry-content-header\" aria-label=\"Icon: Boppard - Anreise und Parken\"><h4 class='av_iconlist_title iconlist_title  '  itemprop=\"headline\" >Boppard - Anreise und Parken<\/h4><\/header><div class='iconlist_content '  itemprop=\"text\" ><p><a href=\"https:\/\/www.boppard-tourismus.de\/de\/service\/anreise-und-parken\/\" target=\"_blank\" rel=\"noopener\">Anreise und Parken (\u00f6ffentliche Verkehrsmittel, Schiff, Flugzeug, PKW)<\/a><\/p>\n<\/div><\/div><footer class=\"entry-footer\"><\/footer><\/article><div class=\"iconlist-timeline\"><\/div><\/li>\n<li><div class='iconlist_icon av-lxyqz105-81160833b4fdf5fd42759b09d4f5e741 avia-font-entypo-fontello avia-iconfont avia-font-entypo-fontello'><span class='av-icon-char' data-av_icon='\ue835' data-av_iconfont='entypo-fontello' aria-hidden=\"true\"><\/span><\/div><article class=\"article-icon-entry \"  itemscope=\"itemscope\" itemtype=\"https:\/\/schema.org\/CreativeWork\" ><div class=\"iconlist_content_wrap\"><header class=\"entry-content-header\" aria-label=\"Icon: Bus und Bahn vor Ort\"><h4 class='av_iconlist_title iconlist_title  '  itemprop=\"headline\" >Bus und Bahn vor Ort<\/h4><\/header><div class='iconlist_content '  itemprop=\"text\" ><p><a href=\"https:\/\/www.vrminfo.de\/fahrplanauskunft\/\" target=\"_blank\" rel=\"noopener\">Fahrplanauskunft &#8211; VRM \u2013 Besser Bus und Bahn<\/a><\/p>\n<\/div><\/div><footer class=\"entry-footer\"><\/footer><\/article><div class=\"iconlist-timeline\"><\/div><\/li>\n<li><div class='iconlist_icon av-lxyr37v8-2a3ffa1ab91b9be8824726458a919117 avia-font-entypo-fontello avia-iconfont avia-font-entypo-fontello'><span class='av-icon-char' data-av_icon='\ue835' data-av_iconfont='entypo-fontello' aria-hidden=\"true\"><\/span><\/div><article class=\"article-icon-entry \"  itemscope=\"itemscope\" itemtype=\"https:\/\/schema.org\/CreativeWork\" ><div class=\"iconlist_content_wrap\"><header class=\"entry-content-header\" aria-label=\"Icon: Stadtplan Boppard\"><h4 class='av_iconlist_title iconlist_title  '  itemprop=\"headline\" >Stadtplan Boppard<\/h4><\/header><div class='iconlist_content '  itemprop=\"text\" ><p><a href=\"https:\/\/www.boppard-tourismus.de\/media\/download\/boppard_karte_zentrum_1.pdf\" target=\"_blank\" rel=\"noopener\">Stadtplan Boppard<\/a><\/p>\n<\/div><\/div><footer class=\"entry-footer\"><\/footer><\/article><div class=\"iconlist-timeline\"><\/div><\/li>\n<li><div class='iconlist_icon av-lxyr1tyq-b015f7ac7046cd7da02b76deae421f81 avia-font-entypo-fontello avia-iconfont avia-font-entypo-fontello'><span class='av-icon-char' data-av_icon='\ue835' data-av_iconfont='entypo-fontello' aria-hidden=\"true\"><\/span><\/div><article class=\"article-icon-entry \"  itemscope=\"itemscope\" itemtype=\"https:\/\/schema.org\/CreativeWork\" ><div class=\"iconlist_content_wrap\"><header class=\"entry-content-header\" aria-label=\"Icon: Infoblatt AVS G\u00e4stebeitrag\"><h4 class='av_iconlist_title iconlist_title  '  itemprop=\"headline\" >Infoblatt AVS G\u00e4stebeitrag<\/h4><\/header><div class='iconlist_content '  itemprop=\"text\" ><p><a href=\"https:\/\/welcover.com\/rheinwein\/wp-content\/uploads\/sites\/5\/Infoblatt-Gaestekarte.pdf\" target=\"_blank\" rel=\"noopener\">Infoblatt AVS G\u00e4stebeitrag (Geltungsbereich und Verg\u00fcnstigungen)<\/a><\/p>\n<p><a href=\"https:\/\/welcover.com\/rheinwein\/wp-content\/uploads\/sites\/5\/Infoblatt-Gaestekarte.pdf\" target=\"_blank\" rel=\"noopener\"><img loading=\"lazy\" decoding=\"async\" class=\"alignnone wp-image-2373 size-full\" src=\"https:\/\/welcover.com\/rheinwein\/wp-content\/uploads\/sites\/5\/PDF-Icon.png\" alt=\"\" width=\"67\" height=\"77\" \/><\/a><\/p>\n<\/div><\/div><footer class=\"entry-footer\"><\/footer><\/article><div class=\"iconlist-timeline\"><\/div><\/li>\n<li><div class='iconlist_icon av-ly5ee220-0daf10cf48610d179b4aea599d34671b avia-font-entypo-fontello avia-iconfont avia-font-entypo-fontello'><span class='av-icon-char' data-av_icon='\ue81e' data-av_iconfont='entypo-fontello' aria-hidden=\"true\"><\/span><\/div><article class=\"article-icon-entry \"  itemscope=\"itemscope\" itemtype=\"https:\/\/schema.org\/CreativeWork\" ><div class=\"iconlist_content_wrap\"><header class=\"entry-content-header\" aria-label=\"Icon: Hinweise zur M\u00fcllentsorgung\"><h4 class='av_iconlist_title iconlist_title  '  itemprop=\"headline\" >Hinweise zur M\u00fcllentsorgung<\/h4><\/header><div class='iconlist_content '  itemprop=\"text\" ><p>Bitte trennen Sie ihren M\u00fcll nach:<\/p>\n<p>&#8211; Papier und Pappe (blaue Tonne)<\/p>\n<p>&#8211; Kunststoff und Aluminium (gelber Sack)<\/p>\n<p>&#8211; Restm\u00fcll (graue Tonne)<\/p>\n<p>&#8211; Biom\u00fcll (gr\u00fcne Tonne)<\/p>\n<p>Die M\u00fclltonnen f\u00fcr Papier, Restm\u00fcll, gelber Sack und Biom\u00fcll stehen an der Grundst\u00fccksgrenze im Carport!<\/p>\n<p>Im Quartier stehen Ihnen zwei Glascontainer zur Verf\u00fcgung.<\/p>\n<\/div><\/div><footer class=\"entry-footer\"><\/footer><\/article><div class=\"iconlist-timeline\"><\/div><\/li>\n<li><div class='iconlist_icon av-lxyr5vnm-44e132d1f274bf07a6332b5a754c4e2c avia-font-entypo-fontello avia-iconfont avia-font-entypo-fontello'><span class='av-icon-char' data-av_icon='\ue835' data-av_iconfont='entypo-fontello' aria-hidden=\"true\"><\/span><\/div><article class=\"article-icon-entry \"  itemscope=\"itemscope\" itemtype=\"https:\/\/schema.org\/CreativeWork\" ><div class=\"iconlist_content_wrap\"><header class=\"entry-content-header\" aria-label=\"Icon: G\u00e4stemappe A-Z\"><h4 class='av_iconlist_title iconlist_title  '  itemprop=\"headline\" >G\u00e4stemappe A-Z<\/h4><\/header><div class='iconlist_content '  itemprop=\"text\" ><p><a href=\"https:\/\/welcover.com\/rheinwein\/wp-content\/uploads\/sites\/5\/Gaestemappe-A-Z.pdf\" target=\"_blank\" rel=\"noopener\">G\u00e4stemappe &#8211; Infos von A-Z<\/a><\/p>\n<p><a href=\"https:\/\/welcover.com\/rheinwein\/wp-content\/uploads\/sites\/5\/Gaestemappe-A-Z.pdf\" target=\"_blank\" rel=\"noopener\"><img loading=\"lazy\" decoding=\"async\" class=\"alignnone wp-image-2373 size-full\" src=\"https:\/\/welcover.com\/rheinwein\/wp-content\/uploads\/sites\/5\/PDF-Icon.png\" alt=\"\" width=\"67\" height=\"77\" \/><\/a><\/p>\n<\/div><\/div><footer class=\"entry-footer\"><\/footer><\/article><div class=\"iconlist-timeline\"><\/div><\/li>\n<li><div class='iconlist_icon av-2hnxe3-877963239a66771abe0dfbb997f27769 avia-font-entypo-fontello avia-iconfont avia-font-entypo-fontello'><span class='av-icon-char' data-av_icon='\ue835' data-av_iconfont='entypo-fontello' aria-hidden=\"true\"><\/span><\/div><article class=\"article-icon-entry \"  itemscope=\"itemscope\" itemtype=\"https:\/\/schema.org\/CreativeWork\" ><div class=\"iconlist_content_wrap\"><header class=\"entry-content-header\" aria-label=\"Icon: Was finde ich wo?\"><h4 class='av_iconlist_title iconlist_title  '  itemprop=\"headline\" >Was finde ich wo?<\/h4><\/header><div class='iconlist_content '  itemprop=\"text\" ><p><a href=\"https:\/\/welcover.com\/rheinwein\/wp-content\/uploads\/sites\/5\/Was-finde-ich-wo.pdf\" target=\"_blank\" rel=\"noopener\">\u00dcberblick &#8211; Was finde ich wo?<\/a><\/p>\n<p><a href=\"https:\/\/welcover.com\/rheinwein\/wp-content\/uploads\/sites\/5\/Was-finde-ich-wo.pdf\" target=\"_blank\" rel=\"noopener\"><img loading=\"lazy\" decoding=\"async\" class=\"alignnone wp-image-2373 size-full\" src=\"https:\/\/welcover.com\/rheinwein\/wp-content\/uploads\/sites\/5\/PDF-Icon.png\" alt=\"\" width=\"67\" height=\"77\" \/><\/a><\/p>\n<\/div><\/div><footer class=\"entry-footer\"><\/footer><\/article><div class=\"iconlist-timeline\"><\/div><\/li>\n<li><div class='iconlist_icon av-lxysbjzu-9880b1f9a9ecdec50cc41023dff7d987 avia-font-entypo-fontello avia-iconfont avia-font-entypo-fontello'><span class='av-icon-char' data-av_icon='\ue81e' data-av_iconfont='entypo-fontello' aria-hidden=\"true\"><\/span><\/div><article class=\"article-icon-entry \"  itemscope=\"itemscope\" itemtype=\"https:\/\/schema.org\/CreativeWork\" ><div class=\"iconlist_content_wrap\"><header class=\"entry-content-header\" aria-label=\"Icon: Anreise\"><h4 class='av_iconlist_title iconlist_title  '  itemprop=\"headline\" >Anreise<\/h4><\/header><div class='iconlist_content '  itemprop=\"text\" ><p>Die Anreise ist generell ab 14:00 Uhr m\u00f6glich.<\/p>\n<\/div><\/div><footer class=\"entry-footer\"><\/footer><\/article><div class=\"iconlist-timeline\"><\/div><\/li>\n<li><div class='iconlist_icon av-lxzvm71k-13a69524d5aae3a184e755cda91073d5 avia-font-entypo-fontello avia-iconfont avia-font-entypo-fontello'><span class='av-icon-char' data-av_icon='\ue81e' data-av_iconfont='entypo-fontello' aria-hidden=\"true\"><\/span><\/div><article class=\"article-icon-entry \"  itemscope=\"itemscope\" itemtype=\"https:\/\/schema.org\/CreativeWork\" ><div class=\"iconlist_content_wrap\"><header class=\"entry-content-header\" aria-label=\"Icon: Abreise\"><h4 class='av_iconlist_title iconlist_title  '  itemprop=\"headline\" >Abreise<\/h4><\/header><div class='iconlist_content '  itemprop=\"text\" ><p><b>Abreise:<\/b><\/p>\n<p>Viel zu Schnell ist Ihr Aufenthalt im oberen Mittelrheintal und der Fewo Rheinwein vergangen.<\/p>\n<p>Hier erhalten Sie nun die Informationen zu ihrer Abreise:<br \/>\n<b><\/b><br \/>\nDie Ferienwohnung steht Ihnen am Abreisetag bis 10.30 Uhr oder bis zur vereinbarten Uhrzeit, zur Verf\u00fcgung und ist besenrein zu \u00fcbergeben.<\/p>\n<p>Ein Late Check out kann nur bei Verf\u00fcgbarkeit angeboten werden; bitte fragen Sie diesen sp\u00e4testens zur Anreise an.<\/p>\n<p><b>Bitte beachten Sie folgende kleine Checkliste vor Ihrer Abreise:<\/b><\/p>\n<ul>\n<li>Geschirrsp\u00fcler mit letztem Geschirr ausr\u00e4umen, T\u00fcr vom Geschirrsp\u00fcler ca. 5 cm ge\u00f6ffnet lassen!<\/li>\n<li>K\u00fchlschrank und Gefrierfach entleeren, abschalten und offenstehen lassen.<\/li>\n<li>K\u00fcchenm\u00fclleimer entleeren und s\u00e4ubern<\/li>\n<li>Kosmetikeimer im Bad entleeren<\/li>\n<li>Kaffeesatzbeh\u00e4lter des Kaffeevollautomaten entleeren, reinigen und trocken reiben<\/li>\n<li>Ferienwohnung besenrein verlassen.<\/li>\n<li>Fenster schlie\u00dfen.<\/li>\n<\/ul>\n<p>Den Service &#8222;Betten beziehen&#8220; erhalten Sie in der Fewo Rheinwein kostenfrei;\u00a0f\u00fcr diesen unentgeltlichen Service freuen wir uns \u00fcber abgezogene Betten bei ihrer Abreise.<\/p>\n<p>Vielen Dank, dass Sie unsere G\u00e4ste waren.<\/p>\n<p>Wir w\u00fcnschen Ihnen eine angenehme Heimreise und freuen uns, Sie schon bald wieder als unseren Gast begr\u00fc\u00dfen zu d\u00fcrfen.<\/p>\n<p>Viele Gr\u00fc\u00dfe<\/p>\n<p>Birgit und Wolfgang Jahn<\/p>\n<\/div><\/div><footer class=\"entry-footer\"><\/footer><\/article><div class=\"iconlist-timeline\"><\/div><\/li>\n<\/ul><\/div><\/p><\/div><\/div><!--close column table wrapper. Autoclose: 1 -->\n","protected":false},"excerpt":{"rendered":"","protected":false},"author":1,"featured_media":0,"parent":2239,"menu_order":30,"comment_status":"closed","ping_status":"closed","template":"","meta":{"footnotes":""},"class_list":["post-2187","page","type-page","status-publish","hentry"],"_links":{"self":[{"href":"https:\/\/welcover.com\/rheinwein\/wp-json\/wp\/v2\/pages\/2187"}],"collection":[{"href":"https:\/\/welcover.com\/rheinwein\/wp-json\/wp\/v2\/pages"}],"about":[{"href":"https:\/\/welcover.com\/rheinwein\/wp-json\/wp\/v2\/types\/page"}],"author":[{"embeddable":true,"href":"https:\/\/welcover.com\/rheinwein\/wp-json\/wp\/v2\/users\/1"}],"replies":[{"embeddable":true,"href":"https:\/\/welcover.com\/rheinwein\/wp-json\/wp\/v2\/comments?post=2187"}],"version-history":[{"count":9,"href":"https:\/\/welcover.com\/rheinwein\/wp-json\/wp\/v2\/pages\/2187\/revisions"}],"predecessor-version":[{"id":2668,"href":"https:\/\/welcover.com\/rheinwein\/wp-json\/wp\/v2\/pages\/2187\/revisions\/2668"}],"up":[{"embeddable":true,"href":"https:\/\/welcover.com\/rheinwein\/wp-json\/wp\/v2\/pages\/2239"}],"wp:attachment":[{"href":"https:\/\/welcover.com\/rheinwein\/wp-json\/wp\/v2\/media?parent=2187"}],"curies":[{"name":"wp","href":"https:\/\/api.w.org\/{rel}","templated":true}]}}