 {"id":2200,"date":"2024-06-25T08:18:36","date_gmt":"2024-06-25T08:18:36","guid":{"rendered":"https:\/\/welcover.com\/rheinwein\/wetter-copy\/"},"modified":"2024-06-28T14:32:10","modified_gmt":"2024-06-28T14:32:10","slug":"notfall-info","status":"publish","type":"page","link":"https:\/\/welcover.com\/rheinwein\/gaestemappe-rheinwein-boppard1\/informationen-fuer-den-notfall\/","title":{"rendered":"Informationen f\u00fcr den Notfall"},"content":{"rendered":"\n<style type=\"text\/css\" data-created_by=\"avia_inline_auto\" id=\"style-css-av-lx4by6tu-c0c4e0a1bdf8df176f945d3f2640602b\">\n.avia-section.av-lx4by6tu-c0c4e0a1bdf8df176f945d3f2640602b{\nbackground-color:#2D0900;\nbackground-image:unset;\n}\n<\/style>\n<div id='av_section_1'  class='avia-section av-lx4by6tu-c0c4e0a1bdf8df176f945d3f2640602b main_color avia-section-default avia-no-border-styling  avia-builder-el-0  el_before_av_section  avia-builder-el-first  avia-bg-style-scroll av-minimum-height av-minimum-height-50 av-height-50  container_wrap fullsize'   data-av_minimum_height_pc='50' data-av_min_height_opt='50'><div class='container av-section-cont-open' ><main  role=\"main\" itemprop=\"mainContentOfPage\"  class='template-page content  av-content-full alpha units'><div class='post-entry post-entry-type-page post-entry-2200'><div class='entry-content-wrapper clearfix'>\n\n<style type=\"text\/css\" data-created_by=\"avia_inline_auto\" id=\"style-css-av-4ajdnu-f02fb2f37e045b581b74c678cad3500d\">\n.flex_column.av-4ajdnu-f02fb2f37e045b581b74c678cad3500d{\nborder-radius:10px 10px 10px 10px;\npadding:5% 5% 5% 5%;\n}\n<\/style>\n<div  class='flex_column av-4ajdnu-f02fb2f37e045b581b74c678cad3500d av_one_full  avia-builder-el-1  avia-builder-el-no-sibling  first flex_column_div  '     ><style type=\"text\/css\" data-created_by=\"avia_inline_auto\" id=\"style-css-av-lxu2zl73-3bb52c294ef8f00d1bb731d78d4bd645\">\n#top .av_textblock_section.av-lxu2zl73-3bb52c294ef8f00d1bb731d78d4bd645 .avia_textblock{\ncolor:#ffffff;\n}\n<\/style>\n<section  class='av_textblock_section av-lxu2zl73-3bb52c294ef8f00d1bb731d78d4bd645 '   itemscope=\"itemscope\" itemtype=\"https:\/\/schema.org\/CreativeWork\" ><div class='av-small-hide av-mini-hide avia_textblock av_inherit_color'  itemprop=\"text\" ><p style=\"text-align: center;\"><span style=\"font-family: caveat; font-size: 72pt;\">Informationen f\u00fcr den Notfall<\/span><\/p>\n<\/div><\/section><br \/>\n\n<style type=\"text\/css\" data-created_by=\"avia_inline_auto\" id=\"style-css-av-lxu3t8f2-98eb6608b065dca0cd02166625ab6bc9\">\n#top .av_textblock_section.av-lxu3t8f2-98eb6608b065dca0cd02166625ab6bc9 .avia_textblock{\ncolor:#ffffff;\n}\n<\/style>\n<section  class='av_textblock_section av-lxu3t8f2-98eb6608b065dca0cd02166625ab6bc9 '   itemscope=\"itemscope\" itemtype=\"https:\/\/schema.org\/CreativeWork\" ><div class='av-desktop-hide av-medium-hide avia_textblock av_inherit_color'  itemprop=\"text\" ><p style=\"text-align: center;\"><span style=\"font-family: caveat; font-size: 36pt;\">Informationen f\u00fcr den Notfall<\/span><\/p>\n<\/div><\/section><\/p><\/div>\n\n<\/div><\/div><\/main><!-- close content main element --><\/div><\/div>\n<style type=\"text\/css\" data-created_by=\"avia_inline_auto\" id=\"style-css-av-9gopdh-254430a5f37ef7871d5b850df9f6eed5\">\n.avia-section.av-9gopdh-254430a5f37ef7871d5b850df9f6eed5{\nmargin-top:0px;\nmargin-bottom:30px;\nz-index:10;\nposition:relative;\n}\n.av-curtain-footer.av-curtain-activated #main .avia-section.av-9gopdh-254430a5f37ef7871d5b850df9f6eed5{\nz-index:10;\n}\n<\/style>\n<div id='willkommen'  class='avia-section av-9gopdh-254430a5f37ef7871d5b850df9f6eed5 main_color avia-section-default avia-no-border-styling  avia-builder-el-4  el_after_av_section  avia-builder-el-last  avia-bg-style-scroll av-custom-positioned container_wrap fullsize'  ><div class='container av-section-cont-open' ><div class='template-page content  av-content-full alpha units'><div class='post-entry post-entry-type-page post-entry-2200'><div class='entry-content-wrapper clearfix'>\n<div class='flex_column_table av-4ce6ug-f44678a8b6222f69fa80298bcb0e566f sc-av_one_full av-break-at-tablet-flextable av-equal-height-column-flextable'>\n<style type=\"text\/css\" data-created_by=\"avia_inline_auto\" id=\"style-css-av-4ce6ug-f44678a8b6222f69fa80298bcb0e566f\">\n@keyframes av_boxShadowEffect_av-4ce6ug-f44678a8b6222f69fa80298bcb0e566f-column {\n0%   { box-shadow:  0 0 0 0 rgba(0,0,0,0.2); opacity: 1; }\n100% { box-shadow:  0 0 5px 0 rgba(0,0,0,0.2); opacity: 1; }\n}\n#top .flex_column_table.av-equal-height-column-flextable.av-4ce6ug-f44678a8b6222f69fa80298bcb0e566f{\nmargin-top:-100px;\nmargin-bottom:0px;\n}\n.flex_column.av-4ce6ug-f44678a8b6222f69fa80298bcb0e566f{\nz-index:99;\nbox-shadow: 0 0 5px 0 rgba(0,0,0,0.2);\nborder-radius:5px 5px 5px 5px;\npadding:30px 30px 30px 30px;\nbackground-color:#ffffff;\n}\n<\/style>\n<div  class='flex_column av-4ce6ug-f44678a8b6222f69fa80298bcb0e566f av_one_full  avia-builder-el-5  avia-builder-el-no-sibling  first no_margin av-break-at-tablet flex_column_table_cell av-equal-height-column av-align-middle av-custom-positioned av-parallax-object shadow-not-animated  ' data-parallax=\"{&quot;parallax&quot;:&quot;no_parallax&quot;,&quot;parallax_speed&quot;:&quot;no_parallax&quot;,&quot;av-desktop-parallax&quot;:&quot;bottom_top&quot;,&quot;av-desktop-parallax_speed&quot;:&quot;70&quot;,&quot;av-medium-parallax&quot;:&quot;inherit&quot;,&quot;av-medium-parallax_speed&quot;:&quot;inherit&quot;,&quot;av-small-parallax&quot;:&quot;inherit&quot;,&quot;av-small-parallax_speed&quot;:&quot;inherit&quot;,&quot;av-mini-parallax&quot;:&quot;inherit&quot;,&quot;av-mini-parallax_speed&quot;:&quot;inherit&quot;,&quot;parallax-container&quot;:&quot;.av-4ce6ug-f44678a8b6222f69fa80298bcb0e566f&quot;}\"    ><p>\n<style type=\"text\/css\" data-created_by=\"avia_inline_auto\" id=\"style-css-av-5zn8wl-59a0ebe19ea3f53772350435d636786d\">\n.avia-image-container.av-5zn8wl-59a0ebe19ea3f53772350435d636786d img.avia_image{\nbox-shadow:none;\n}\n.avia-image-container.av-5zn8wl-59a0ebe19ea3f53772350435d636786d .av-image-caption-overlay-center{\ncolor:#ffffff;\n}\n<\/style>\n<div  class='avia-image-container av-5zn8wl-59a0ebe19ea3f53772350435d636786d av-styling- avia_animated_image av-animated-when-visible-95 fade-in avia-align-center  avia-builder-el-6  el_before_av_hr  avia-builder-el-first '   itemprop=\"image\" itemscope=\"itemscope\" itemtype=\"https:\/\/schema.org\/ImageObject\" ><div class=\"avia-image-container-inner\"><div class=\"avia-image-overlay-wrap\"><img decoding=\"async\" fetchpriority=\"high\" class='wp-image-2138 avia-img-lazy-loading-not-2138 avia_image ' src=\"https:\/\/welcover.com\/rheinwein\/wp-content\/uploads\/sites\/5\/shutterstock_1349363378-645x430-1.jpg\" alt='' title=''  height=\"430\" width=\"645\"  itemprop=\"thumbnailUrl\" srcset=\"https:\/\/welcover.com\/rheinwein\/wp-content\/uploads\/sites\/5\/shutterstock_1349363378-645x430-1.jpg 645w, https:\/\/welcover.com\/rheinwein\/wp-content\/uploads\/sites\/5\/shutterstock_1349363378-645x430-1-300x200.jpg 300w\" sizes=\"(max-width: 645px) 100vw, 645px\" \/><\/div><\/div><\/div><br \/>\n\n<style type=\"text\/css\" data-created_by=\"avia_inline_auto\" id=\"style-css-av-4gjkv9-7422e75224fd354f9bded98330124140\">\n#top .hr.hr-invisible.av-4gjkv9-7422e75224fd354f9bded98330124140{\nheight:30px;\n}\n<\/style>\n<div  class='hr av-4gjkv9-7422e75224fd354f9bded98330124140 hr-invisible  avia-builder-el-7  el_after_av_image  el_before_av_hr '><span class='hr-inner '><span class=\"hr-inner-style\"><\/span><\/span><\/div><br \/>\n\n<style type=\"text\/css\" data-created_by=\"avia_inline_auto\" id=\"style-css-av-6vlp4-ac30fd67b6c757f3656bbd914d4e0747\">\n#top .hr.hr-invisible.av-6vlp4-ac30fd67b6c757f3656bbd914d4e0747{\nheight:30px;\n}\n<\/style>\n<div  class='hr av-6vlp4-ac30fd67b6c757f3656bbd914d4e0747 hr-invisible  avia-builder-el-8  el_after_av_hr  el_before_av_iconlist '><span class='hr-inner '><span class=\"hr-inner-style\"><\/span><\/span><\/div><br \/>\n<div  class='avia-icon-list-container av-3kx914-f3bc56f7a2d9c546bfacf393738587c5  avia-builder-el-9  el_after_av_hr  avia-builder-el-last '><ul class='avia-icon-list avia_animate_when_almost_visible avia-icon-list-left av-iconlist-big av-3kx914-f3bc56f7a2d9c546bfacf393738587c5 avia-iconlist-animate'>\n<li><div class='iconlist_icon av-lxyschqw-31f1daa63c4da7e863a14d52500343db avia-font-entypo-fontello avia-iconfont avia-font-entypo-fontello'><span class='av-icon-char' data-av_icon='\ue81e' data-av_iconfont='entypo-fontello' aria-hidden=\"true\"><\/span><\/div><article class=\"article-icon-entry \"  itemscope=\"itemscope\" itemtype=\"https:\/\/schema.org\/CreativeWork\" ><div class=\"iconlist_content_wrap\"><header class=\"entry-content-header\" aria-label=\"Icon: Verbandskasten\"><h4 class='av_iconlist_title iconlist_title  '  itemprop=\"headline\" >Verbandskasten<\/h4><\/header><div class='iconlist_content '  itemprop=\"text\" ><p>Bei kleineren \u201eUnf\u00e4llen\u201c finden Sie im Ablagefach \u00fcber dem K\u00fchlschrank, einen Verbandskasten. Sollten Sie etwas daraus verwenden, teilen Sie uns das bitte mit, damit wir es wieder vollst\u00e4ndig f\u00fcr die n\u00e4chsten G\u00e4ste bereitlegen k\u00f6nnen.<\/p>\n<\/div><\/div><footer class=\"entry-footer\"><\/footer><\/article><div class=\"iconlist-timeline\"><\/div><\/li>\n<li><div class='iconlist_icon av-305ng8-344aae5b06b745a821b27a9a568a6c66 avia-font-entypo-fontello avia-iconfont avia-font-entypo-fontello'><span class='av-icon-char' data-av_icon='\ue835' data-av_iconfont='entypo-fontello' aria-hidden=\"true\"><\/span><\/div><article class=\"article-icon-entry \"  itemscope=\"itemscope\" itemtype=\"https:\/\/schema.org\/CreativeWork\" ><div class=\"iconlist_content_wrap\"><header class=\"entry-content-header\" aria-label=\"Icon: Erste Hilfe - Mappe\"><h4 class='av_iconlist_title iconlist_title  '  itemprop=\"headline\" >Erste Hilfe - Mappe<\/h4><\/header><div class='iconlist_content '  itemprop=\"text\" ><p>Wir hoffen, Sie brauchen es nicht.<\/p>\n<p><a href=\"https:\/\/welcover.com\/rheinwein\/wp-content\/uploads\/sites\/5\/Erste-Hilfe-Mappe.pdf\" target=\"_blank\" rel=\"noopener\">PDF: &#8222;Erste Hilfe&#8220;-Mappe<\/a><\/p>\n<p><a href=\"https:\/\/welcover.com\/rheinwein\/wp-content\/uploads\/sites\/5\/Erste-Hilfe-Mappe.pdf\"><img loading=\"lazy\" decoding=\"async\" class=\"alignnone wp-image-2373 size-full\" src=\"https:\/\/welcover.com\/rheinwein\/wp-content\/uploads\/sites\/5\/PDF-Icon.png\" alt=\"\" width=\"67\" height=\"77\" \/><\/a><\/p>\n<\/div><\/div><footer class=\"entry-footer\"><\/footer><\/article><div class=\"iconlist-timeline\"><\/div><\/li>\n<li><div class='iconlist_icon av-lxysg258-9bf5481573bdd1e06566e5d36b776bc6 avia-font-entypo-fontello avia-iconfont avia-font-entypo-fontello'><span class='av-icon-char' data-av_icon='\ue835' data-av_iconfont='entypo-fontello' aria-hidden=\"true\"><\/span><\/div><article class=\"article-icon-entry \"  itemscope=\"itemscope\" itemtype=\"https:\/\/schema.org\/CreativeWork\" ><div class=\"iconlist_content_wrap\"><header class=\"entry-content-header\" aria-label=\"Icon: Apotheke\"><h4 class='av_iconlist_title iconlist_title  '  itemprop=\"headline\" >Apotheke<\/h4><\/header><div class='iconlist_content '  itemprop=\"text\" ><p>die <a href=\"https:\/\/www.alte-apotheke-boppard.de\/\" target=\"_blank\" rel=\"noopener\">Alte Apotheke Boppard,<\/a> Oberstra\u00dfe 151, Telefon 06742\/87780 ist t\u00e4glich von 8.00 \u2013 18.30 Uhr ge\u00f6ffnet und bietet auch einen Fahrdienst f\u00fcr die Anlieferung von Medikamenten an.<\/p>\n<\/div><\/div><footer class=\"entry-footer\"><\/footer><\/article><div class=\"iconlist-timeline\"><\/div><\/li>\n<li><div class='iconlist_icon av-lxysl1fx-519e2b480eb101101c421f24f2fff455 avia-font-entypo-fontello avia-iconfont avia-font-entypo-fontello'><span class='av-icon-char' data-av_icon='\ue835' data-av_iconfont='entypo-fontello' aria-hidden=\"true\"><\/span><\/div><article class=\"article-icon-entry \"  itemscope=\"itemscope\" itemtype=\"https:\/\/schema.org\/CreativeWork\" ><div class=\"iconlist_content_wrap\"><header class=\"entry-content-header\" aria-label=\"Icon: Krankenhaus\"><h4 class='av_iconlist_title iconlist_title  '  itemprop=\"headline\" >Krankenhaus<\/h4><\/header><div class='iconlist_content '  itemprop=\"text\" ><p>Das n\u00e4chstgelegene <a href=\"https:\/\/www.gk.de\/krankenhaeuser\/heilig-geist-boppard\/ueberblick\/\" target=\"_blank\" rel=\"noopener\">Krankenhaus<\/a> befindet sich in Boppard, Dr. Heinz Maurer Platz 2, Telefon: 06742 101-0.<\/p>\n<p><a href=\"https:\/\/www.google.de\/maps\/place\/\/@53.8687964,8.68488,14z\/data=!3m1!4b1?entry=ttu\" target=\"_blank\" rel=\"noopener\">Google Maps Route<\/a><\/p>\n<\/div><\/div><footer class=\"entry-footer\"><\/footer><\/article><div class=\"iconlist-timeline\"><\/div><\/li>\n<\/ul><\/div><\/p><\/div><\/div><!--close column table wrapper. Autoclose: 1 -->\n","protected":false},"excerpt":{"rendered":"","protected":false},"author":1,"featured_media":0,"parent":2239,"menu_order":60,"comment_status":"closed","ping_status":"closed","template":"","meta":{"footnotes":""},"class_list":["post-2200","page","type-page","status-publish","hentry"],"_links":{"self":[{"href":"https:\/\/welcover.com\/rheinwein\/wp-json\/wp\/v2\/pages\/2200"}],"collection":[{"href":"https:\/\/welcover.com\/rheinwein\/wp-json\/wp\/v2\/pages"}],"about":[{"href":"https:\/\/welcover.com\/rheinwein\/wp-json\/wp\/v2\/types\/page"}],"author":[{"embeddable":true,"href":"https:\/\/welcover.com\/rheinwein\/wp-json\/wp\/v2\/users\/1"}],"replies":[{"embeddable":true,"href":"https:\/\/welcover.com\/rheinwein\/wp-json\/wp\/v2\/comments?post=2200"}],"version-history":[{"count":5,"href":"https:\/\/welcover.com\/rheinwein\/wp-json\/wp\/v2\/pages\/2200\/revisions"}],"predecessor-version":[{"id":2578,"href":"https:\/\/welcover.com\/rheinwein\/wp-json\/wp\/v2\/pages\/2200\/revisions\/2578"}],"up":[{"embeddable":true,"href":"https:\/\/welcover.com\/rheinwein\/wp-json\/wp\/v2\/pages\/2239"}],"wp:attachment":[{"href":"https:\/\/welcover.com\/rheinwein\/wp-json\/wp\/v2\/media?parent=2200"}],"curies":[{"name":"wp","href":"https:\/\/api.w.org\/{rel}","templated":true}]}}